{"id":1596,"date":"2023-07-19T17:09:44","date_gmt":"2023-07-19T15:09:44","guid":{"rendered":"https:\/\/dev.dtf-team.com\/boutique\/"},"modified":"2023-11-14T19:40:11","modified_gmt":"2023-11-14T18:40:11","slug":"tous-les-produits","status":"publish","type":"page","link":"https:\/\/dev.dtf-team.com\/fr\/tous-les-produits\/","title":{"rendered":"Tous les Produits"},"content":{"rendered":"","protected":false},"excerpt":{"rendered":"","protected":false},"author":1,"featured_media":0,"parent":0,"menu_order":0,"comment_status":"closed","ping_status":"closed","template":"","meta":{"footnotes":""},"class_list":["post-1596","page","type-page","status-publish","hentry"],"yoast_head":"<!-- This site is optimized with the Yoast SEO Premium plugin v23.3 (Yoast SEO v27.4) - https:\/\/yoast.com\/product\/yoast-seo-premium-wordpress\/ -->\n<title>Produits de Transfert DTF de qualit\u00e9 \u2013 Standard &amp; Express | DTF-Team.com<\/title>\n<meta name=\"description\" content=\"S\u00e9lection de Transfert DTF: Du tissu au m\u00e8tre au format DIN A4 &amp; tailles personnalis\u00e9es. Livraison plus rapide disponible avec le Transfert DTF Express! | DTF-Team.com\" \/>\n<meta name=\"robots\" content=\"noindex, follow, max-snippet:-1, max-image-preview:large, max-video-preview:-1\" \/>\n<meta property=\"og:locale\" content=\"fr_FR\" \/>\n<meta property=\"og:type\" content=\"article\" \/>\n<meta property=\"og:title\" content=\"Tous les Produits\" \/>\n<meta property=\"og:description\" content=\"S\u00e9lection de Transfert DTF: Du tissu au m\u00e8tre au format DIN A4 &amp; tailles personnalis\u00e9es. Livraison plus rapide disponible avec le Transfert DTF Express! | DTF-Team.com\" \/>\n<meta property=\"og:url\" content=\"https:\/\/dev.dtf-team.com\/fr\/tous-les-produits\/\" \/>\n<meta property=\"og:site_name\" content=\"DTF Team\" \/>\n<meta property=\"article:publisher\" content=\"https:\/\/www.facebook.com\/dtf.team.europe\/\" \/>\n<meta property=\"article:modified_time\" content=\"2023-11-14T18:40:11+00:00\" \/>\n<meta name=\"twitter:card\" content=\"summary_large_image\" \/>\n<script type=\"application\/ld+json\" class=\"yoast-schema-graph\">{\"@context\":\"https:\\\/\\\/schema.org\",\"@graph\":[{\"@type\":\"WebPage\",\"@id\":\"https:\\\/\\\/dev.dtf-team.com\\\/fr\\\/tous-les-produits\\\/\",\"url\":\"https:\\\/\\\/dev.dtf-team.com\\\/fr\\\/tous-les-produits\\\/\",\"name\":\"Produits de Transfert DTF de qualit\u00e9 \u2013 Standard & Express | DTF-Team.com\",\"isPartOf\":{\"@id\":\"https:\\\/\\\/dev.dtf-team.com\\\/fr\\\/#website\"},\"datePublished\":\"2023-07-19T15:09:44+00:00\",\"dateModified\":\"2023-11-14T18:40:11+00:00\",\"description\":\"S\u00e9lection de Transfert DTF: Du tissu au m\u00e8tre au format DIN A4 & tailles personnalis\u00e9es. Livraison plus rapide disponible avec le Transfert DTF Express! | DTF-Team.com\",\"breadcrumb\":{\"@id\":\"https:\\\/\\\/dev.dtf-team.com\\\/fr\\\/tous-les-produits\\\/#breadcrumb\"},\"inLanguage\":\"fr-FR\",\"potentialAction\":[{\"@type\":\"ReadAction\",\"target\":[\"https:\\\/\\\/dev.dtf-team.com\\\/fr\\\/tous-les-produits\\\/\"]}]},{\"@type\":\"BreadcrumbList\",\"@id\":\"https:\\\/\\\/dev.dtf-team.com\\\/fr\\\/tous-les-produits\\\/#breadcrumb\",\"itemListElement\":[{\"@type\":\"ListItem\",\"position\":1,\"name\":\"Startseite\",\"item\":\"https:\\\/\\\/dev.dtf-team.com\\\/fr\\\/\"},{\"@type\":\"ListItem\",\"position\":2,\"name\":\"Tous les Produits\"}]},{\"@type\":\"WebSite\",\"@id\":\"https:\\\/\\\/dev.dtf-team.com\\\/fr\\\/#website\",\"url\":\"https:\\\/\\\/dev.dtf-team.com\\\/fr\\\/\",\"name\":\"DTF Team\",\"description\":\"\",\"publisher\":{\"@id\":\"https:\\\/\\\/dev.dtf-team.com\\\/fr\\\/#organization\"},\"alternateName\":\"DTFT\",\"potentialAction\":[{\"@type\":\"SearchAction\",\"target\":{\"@type\":\"EntryPoint\",\"urlTemplate\":\"https:\\\/\\\/dev.dtf-team.com\\\/fr\\\/?s={search_term_string}\"},\"query-input\":{\"@type\":\"PropertyValueSpecification\",\"valueRequired\":true,\"valueName\":\"search_term_string\"}}],\"inLanguage\":\"fr-FR\"},{\"@type\":\"Organization\",\"@id\":\"https:\\\/\\\/dev.dtf-team.com\\\/fr\\\/#organization\",\"name\":\"DTF Team\",\"alternateName\":\"DTFT\",\"url\":\"https:\\\/\\\/dev.dtf-team.com\\\/fr\\\/\",\"logo\":{\"@type\":\"ImageObject\",\"inLanguage\":\"fr-FR\",\"@id\":\"https:\\\/\\\/dev.dtf-team.com\\\/fr\\\/#\\\/schema\\\/logo\\\/image\\\/\",\"url\":\"https:\\\/\\\/dev.dtf-team.com\\\/wp-content\\\/uploads\\\/dtf-team_logo-green-darkblue.svg\",\"contentUrl\":\"https:\\\/\\\/dev.dtf-team.com\\\/wp-content\\\/uploads\\\/dtf-team_logo-green-darkblue.svg\",\"width\":1,\"height\":1,\"caption\":\"DTF Team\"},\"image\":{\"@id\":\"https:\\\/\\\/dev.dtf-team.com\\\/fr\\\/#\\\/schema\\\/logo\\\/image\\\/\"},\"sameAs\":[\"https:\\\/\\\/www.facebook.com\\\/dtf.team.europe\\\/\",\"https:\\\/\\\/www.instagram.com\\\/dtf.team.europe\\\/\",\"https:\\\/\\\/www.tiktok.com\\\/@dtf.team.europe\",\"https:\\\/\\\/www.pinterest.de\\\/dtfteam\\\/\"]}]}<\/script>\n<!-- \/ Yoast SEO Premium plugin. -->","yoast_head_json":{"title":"Produits de Transfert DTF de qualit\u00e9 \u2013 Standard & Express | DTF-Team.com","description":"S\u00e9lection de Transfert DTF: Du tissu au m\u00e8tre au format DIN A4 & tailles personnalis\u00e9es. Livraison plus rapide disponible avec le Transfert DTF Express! | DTF-Team.com","robots":{"index":"noindex","follow":"follow","max-snippet":"max-snippet:-1","max-image-preview":"max-image-preview:large","max-video-preview":"max-video-preview:-1"},"og_locale":"fr_FR","og_type":"article","og_title":"Tous les Produits","og_description":"S\u00e9lection de Transfert DTF: Du tissu au m\u00e8tre au format DIN A4 & tailles personnalis\u00e9es. Livraison plus rapide disponible avec le Transfert DTF Express! | DTF-Team.com","og_url":"https:\/\/dev.dtf-team.com\/fr\/tous-les-produits\/","og_site_name":"DTF Team","article_publisher":"https:\/\/www.facebook.com\/dtf.team.europe\/","article_modified_time":"2023-11-14T18:40:11+00:00","twitter_card":"summary_large_image","schema":{"@context":"https:\/\/schema.org","@graph":[{"@type":"WebPage","@id":"https:\/\/dev.dtf-team.com\/fr\/tous-les-produits\/","url":"https:\/\/dev.dtf-team.com\/fr\/tous-les-produits\/","name":"Produits de Transfert DTF de qualit\u00e9 \u2013 Standard & Express | DTF-Team.com","isPartOf":{"@id":"https:\/\/dev.dtf-team.com\/fr\/#website"},"datePublished":"2023-07-19T15:09:44+00:00","dateModified":"2023-11-14T18:40:11+00:00","description":"S\u00e9lection de Transfert DTF: Du tissu au m\u00e8tre au format DIN A4 & tailles personnalis\u00e9es. Livraison plus rapide disponible avec le Transfert DTF Express! | DTF-Team.com","breadcrumb":{"@id":"https:\/\/dev.dtf-team.com\/fr\/tous-les-produits\/#breadcrumb"},"inLanguage":"fr-FR","potentialAction":[{"@type":"ReadAction","target":["https:\/\/dev.dtf-team.com\/fr\/tous-les-produits\/"]}]},{"@type":"BreadcrumbList","@id":"https:\/\/dev.dtf-team.com\/fr\/tous-les-produits\/#breadcrumb","itemListElement":[{"@type":"ListItem","position":1,"name":"Startseite","item":"https:\/\/dev.dtf-team.com\/fr\/"},{"@type":"ListItem","position":2,"name":"Tous les Produits"}]},{"@type":"WebSite","@id":"https:\/\/dev.dtf-team.com\/fr\/#website","url":"https:\/\/dev.dtf-team.com\/fr\/","name":"DTF Team","description":"","publisher":{"@id":"https:\/\/dev.dtf-team.com\/fr\/#organization"},"alternateName":"DTFT","potentialAction":[{"@type":"SearchAction","target":{"@type":"EntryPoint","urlTemplate":"https:\/\/dev.dtf-team.com\/fr\/?s={search_term_string}"},"query-input":{"@type":"PropertyValueSpecification","valueRequired":true,"valueName":"search_term_string"}}],"inLanguage":"fr-FR"},{"@type":"Organization","@id":"https:\/\/dev.dtf-team.com\/fr\/#organization","name":"DTF Team","alternateName":"DTFT","url":"https:\/\/dev.dtf-team.com\/fr\/","logo":{"@type":"ImageObject","inLanguage":"fr-FR","@id":"https:\/\/dev.dtf-team.com\/fr\/#\/schema\/logo\/image\/","url":"https:\/\/dev.dtf-team.com\/wp-content\/uploads\/dtf-team_logo-green-darkblue.svg","contentUrl":"https:\/\/dev.dtf-team.com\/wp-content\/uploads\/dtf-team_logo-green-darkblue.svg","width":1,"height":1,"caption":"DTF Team"},"image":{"@id":"https:\/\/dev.dtf-team.com\/fr\/#\/schema\/logo\/image\/"},"sameAs":["https:\/\/www.facebook.com\/dtf.team.europe\/","https:\/\/www.instagram.com\/dtf.team.europe\/","https:\/\/www.tiktok.com\/@dtf.team.europe","https:\/\/www.pinterest.de\/dtfteam\/"]}]}},"_links":{"self":[{"href":"https:\/\/dev.dtf-team.com\/fr\/wp-json\/wp\/v2\/pages\/1596","targetHints":{"allow":["GET"]}}],"collection":[{"href":"https:\/\/dev.dtf-team.com\/fr\/wp-json\/wp\/v2\/pages"}],"about":[{"href":"https:\/\/dev.dtf-team.com\/fr\/wp-json\/wp\/v2\/types\/page"}],"author":[{"embeddable":true,"href":"https:\/\/dev.dtf-team.com\/fr\/wp-json\/wp\/v2\/users\/1"}],"replies":[{"embeddable":true,"href":"https:\/\/dev.dtf-team.com\/fr\/wp-json\/wp\/v2\/comments?post=1596"}],"version-history":[{"count":2,"href":"https:\/\/dev.dtf-team.com\/fr\/wp-json\/wp\/v2\/pages\/1596\/revisions"}],"predecessor-version":[{"id":1620,"href":"https:\/\/dev.dtf-team.com\/fr\/wp-json\/wp\/v2\/pages\/1596\/revisions\/1620"}],"wp:attachment":[{"href":"https:\/\/dev.dtf-team.com\/fr\/wp-json\/wp\/v2\/media?parent=1596"}],"curies":[{"name":"wp","href":"https:\/\/api.w.org\/{rel}","templated":true}]}}