{"id":1854,"date":"2023-09-21T23:42:28","date_gmt":"2023-09-21T21:42:28","guid":{"rendered":"https:\/\/dev.dtf-team.com\/druckvorlagen\/"},"modified":"2023-10-17T14:05:37","modified_gmt":"2023-10-17T12:05:37","slug":"imprimer-les-modeles","status":"publish","type":"page","link":"https:\/\/dev.dtf-team.com\/fr\/imprimer-les-modeles\/","title":{"rendered":"Imprimer les mod\u00e8les"},"content":{"rendered":"<h1>Imprimer les mod\u00e8les<\/h1>\n<div>\n<p>Nous faisons le travail pour vous ! Nos mod\u00e8les d&rsquo;impression sont d\u00e9j\u00e0 cr\u00e9\u00e9s dans les formats appropri\u00e9s et vous pouvez les t\u00e9l\u00e9charger en un seul clic. Vous placez directement vos motifs et \u00eates pr\u00eat \u00e0 passer votre commande.<\/p>\n<p>Vous n&rsquo;\u00eates pas s\u00fbr de vous ? Pas de probl\u00e8me ! Il vous suffit d&rsquo;utiliser notre v\u00e9rification professionnelle des donn\u00e9es, que vous pouvez r\u00e9server directement dans le panier d&rsquo;achat. Nos experts v\u00e9rifieront tout et mettront la commande en production. S&rsquo;il y a des divergences que nous devons r\u00e9soudre ensemble, nous vous contacterons imm\u00e9diatement.<\/p>\n<\/div>\n<ul>\n<li>\n<p>        <img decoding=\"async\" src=\"\/wp-content\/uploads\/dtf-transfer_meterware_de.png\" alt=\"\"><\/p>\n<h2>DTF Transfert<span>Tissu au m\u00e8tre 560 x 1000 mm<\/span><\/h2>\n<div>\n<div class=\"print-templates uk-flex-middle uk-grid-small uk-grid uk-grid-stack\" uk-grid=\"\">\n<div class=\"el-item uk-first-column\"><a class=\"pdf el-content uk-button uk-button-secondary\" href=\"\/wp-content\/uploads\/560x1000.pdf\" download=\"\" uk-scroll=\"\">.pdf<\/a><\/div>\n<div class=\"el-item uk-grid-margin uk-first-column\"><a class=\"ai el-content uk-button uk-button-secondary\" href=\"\/wp-content\/uploads\/560x1000.ai\" download=\"\" uk-scroll=\"\">.ai<\/a><\/div>\n<div class=\"el-item uk-grid-margin uk-first-column\"><a class=\"eps el-content uk-button uk-button-secondary\" href=\"\/wp-content\/uploads\/560x1000.eps\" download=\"\" uk-scroll=\"\">.eps<\/a><\/div>\n<\/div>\n<\/div>\n<\/li>\n<li>\n<p>        <img decoding=\"async\" src=\"\/wp-content\/uploads\/dtf-transfer_din-a3_all-languages.png\" alt=\"\"><\/p>\n<h2>DTF Transfert<span>DIN A3 297 x 420 mm<\/span><\/h2>\n<div>\n<div class=\"print-templates uk-flex-middle uk-grid-small uk-grid uk-grid-stack\" uk-grid=\"\">\n<div class=\"el-item uk-first-column\">\n<a class=\"pdf el-content uk-button uk-button-secondary\" href=\"\/wp-content\/uploads\/din-a3_pdf.zip\" download uk-scroll=\"\">.pdf<\/a>\n<\/div>\n<div class=\"el-item uk-grid-margin uk-first-column\">\n<a class=\"ai el-content uk-button uk-button-secondary\" href=\"\/wp-content\/uploads\/din-a3_ai.zip\" download uk-scroll=\"\">.ai<\/a>\n<\/div>\n<div class=\"el-item uk-grid-margin uk-first-column\">\n<a class=\"eps el-content uk-button uk-button-secondary\" href=\"\/wp-content\/uploads\/din-a3_eps.zip\" download uk-scroll=\"\">.eps<\/a>\n<\/div>\n<\/div>\n<\/div>\n<\/li>\n<li>\n<p>        <img decoding=\"async\" src=\"\/wp-content\/uploads\/dtf-transfer_din-a4_all-languages.png\" alt=\"\"><\/p>\n<h2>DTF Transfert<span>DIN A4 210 x 297 mm<\/span><\/h2>\n<div>\n<div class=\"print-templates uk-flex-middle uk-grid-small uk-grid uk-grid-stack\" uk-grid=\"\">\n<div class=\"el-item uk-first-column\">\n<a class=\"pdf el-content uk-button uk-button-secondary\" href=\"\/wp-content\/uploads\/din-a4_pdf.zip\" download uk-scroll=\"\">.pdf<\/a>\n<\/div>\n<div class=\"el-item uk-grid-margin uk-first-column\">\n<a class=\"ai el-content uk-button uk-button-secondary\" href=\"\/wp-content\/uploads\/din-a4_ai.zip\" download uk-scroll=\"\">.ai<\/a>\n<\/div>\n<div class=\"el-item uk-grid-margin uk-first-column\">\n<a class=\"eps el-content uk-button uk-button-secondary\" href=\"\/wp-content\/uploads\/din-a4_eps.zip\" download uk-scroll=\"\">.eps<\/a>\n<\/div>\n<\/div>\n<\/div>\n<\/li>\n<\/ul>\n<div>\n<div class=\"graphics-service-banner\">\n<h2 class=\"uk-h4\">Service graphique professionnel<\/h2>\n<p class=\"uk-h5 uk-text-primary\">seulement 25,00 \u20ac par 30 minutes<\/p>\n<p>Notre service graphique est \u00e0 votre disposition. Ensemble, nous concevons vos motifs, d\u00e9terminons les dimensions ou pla\u00e7ons vos graphiques afin que vous puissiez tirer le meilleur parti de chaque diapositive.<\/p>\n<p>    <a class=\"el-content uk-width-1-1 uk-button uk-button-primary uk-margin-medium uk-margin-remove-bottom\" title=\"Contact experts\" href=\"\/fr\/service-graphique\/\" uk-scroll=\"\">Contact experts<\/a><br \/>\n    <img decoding=\"async\" src=\"\/wp-content\/uploads\/grafikservice_illustration.svg\" \/>\n<\/div>\n<\/div>\n<p><!--more--><br \/>\n<!-- {\"type\":\"layout\",\"children\":[{\"type\":\"section\",\"props\":{\"image_position\":\"center-center\",\"padding\":\"xsmall\",\"padding_remove_bottom\":true,\"style\":\"default\",\"title_breakpoint\":\"xl\",\"title_position\":\"top-left\",\"title_rotation\":\"left\",\"vertical_align\":\"middle\",\"width\":\"default\"},\"children\":[{\"type\":\"row\",\"children\":[{\"type\":\"column\",\"props\":{\"image_position\":\"center-center\",\"position_sticky_breakpoint\":\"m\"},\"children\":[{\"type\":\"breadcrumbs\",\"props\":{\"show_current\":true,\"show_home\":true}}]}]}],\"name\":\"Breadcrumbs\"},{\"type\":\"section\",\"props\":{\"class\":\"products\",\"image_position\":\"center-center\",\"padding_remove_bottom\":false,\"padding_remove_top\":false,\"style\":\"default\",\"title_breakpoint\":\"xl\",\"title_position\":\"top-left\",\"title_rotation\":\"left\",\"vertical_align\":\"middle\",\"width\":\"default\"},\"children\":[{\"type\":\"row\",\"props\":{\"column_gap\":\"medium\",\"layout\":\"3-4,1-4\",\"row_gap\":\"large\"},\"children\":[{\"type\":\"column\",\"props\":{\"class\":\"padding-correction-20\",\"image_position\":\"center-center\",\"position_sticky_breakpoint\":\"m\",\"width_large\":\"3-4\"},\"children\":[{\"type\":\"headline\",\"props\":{\"content\":\"Imprimer les mod\\u00e8les\",\"margin\":\"default\",\"margin_remove_bottom\":false,\"title_element\":\"h1\",\"title_style\":\"h2\"}},{\"type\":\"text\",\"props\":{\"column_breakpoint\":\"m\",\"content\":\"\n\n<p>Nous faisons le travail pour vous ! Nos mod\\u00e8les d'impression sont d\\u00e9j\\u00e0 cr\\u00e9\\u00e9s dans les formats appropri\\u00e9s et vous pouvez les t\\u00e9l\\u00e9charger en un seul clic. Vous placez directement vos motifs et \\u00eates pr\\u00eat \\u00e0 passer votre commande.<\\\/p>\\n\n\n<p>Vous n'\\u00eates pas s\\u00fbr de vous ? Pas de probl\\u00e8me ! Il vous suffit d'utiliser notre v\\u00e9rification professionnelle des donn\\u00e9es, que vous pouvez r\\u00e9server directement dans le panier d'achat. Nos experts v\\u00e9rifieront tout et mettront la commande en production. S'il y a des divergences que nous devons r\\u00e9soudre ensemble, nous vous contacterons imm\\u00e9diatement.<\\\/p>\",\"margin\":\"large\",\"margin_remove_top\":true}},{\"type\":\"grid\",\"props\":{\"class\":\"products-grid\",\"content_column_breakpoint\":\"m\",\"filter_align\":\"left\",\"filter_all\":true,\"filter_grid_breakpoint\":\"m\",\"filter_grid_width\":\"auto\",\"filter_position\":\"top\",\"filter_style\":\"tab\",\"grid_column_gap\":\"medium\",\"grid_default\":\"1\",\"grid_large\":\"3\",\"grid_medium\":\"2\",\"grid_row_gap\":\"medium\",\"grid_small\":\"2\",\"icon_width\":80,\"image_align\":\"top\",\"image_grid_breakpoint\":\"m\",\"image_grid_width\":\"1-2\",\"image_svg_color\":\"emphasis\",\"image_transition\":\"scale-up\",\"item_animation\":true,\"link_style\":\"secondary\",\"link_text\":\"Read more\",\"margin\":\"default\",\"meta_align\":\"below-title\",\"meta_element\":\"div\",\"meta_style\":\"text-meta\",\"panel_link\":true,\"show_content\":true,\"show_image\":true,\"show_link\":true,\"show_meta\":true,\"show_title\":true,\"title_align\":\"top\",\"title_element\":\"h2\",\"title_grid_breakpoint\":\"m\",\"title_grid_width\":\"1-2\",\"title_hover_style\":\"reset\"},\"children\":[{\"type\":\"grid_item\",\"props\":{\"content\":\"\n\n<div class=\\\"print-templates uk-flex-middle uk-grid-small uk-grid uk-grid-stack\\\" uk-grid=\\\"\\\">\\n\n\n<div class=\\\"el-item uk-first-column\\\"><a class=\\\"pdf el-content uk-button uk-button-secondary\\\" href=\\\"\\\/wp-content\\\/uploads\\\/560x1000.pdf\\\" download=\\\"\\\" uk-scroll=\\\"\\\">.pdf<\\\/a><\\\/div>\\n\n\n<div class=\\\"el-item uk-grid-margin uk-first-column\\\"><a class=\\\"ai el-content uk-button uk-button-secondary\\\" href=\\\"\\\/wp-content\\\/uploads\\\/560x1000.ai\\\" download=\\\"\\\" uk-scroll=\\\"\\\">.ai<\\\/a><\\\/div>\\n\n\n<div class=\\\"el-item uk-grid-margin uk-first-column\\\"><a class=\\\"eps el-content uk-button uk-button-secondary\\\" href=\\\"\\\/wp-content\\\/uploads\\\/560x1000.eps\\\" download=\\\"\\\" uk-scroll=\\\"\\\">.eps<\\\/a><\\\/div>\\n<\\\/div>\",\"image\":\"wp-content\\\/uploads\\\/dtf-transfer_meterware_de.png\",\"meta\":\"\",\"title\":\"DTF Transfert<span>Tissu au m\\u00e8tre 560 x 1000 mm<\\\/span>\"}},{\"type\":\"grid_item\",\"props\":{\"content\":\"\n\n<div class=\\\"print-templates uk-flex-middle uk-grid-small uk-grid uk-grid-stack\\\" uk-grid=\\\"\\\">\\n\n\n<div class=\\\"el-item uk-first-column\\\">\\n<a class=\\\"pdf el-content uk-button uk-button-secondary\\\" href=\\\"\\\/wp-content\\\/uploads\\\/din-a3_pdf.zip\\\" download uk-scroll=\\\"\\\">.pdf<\\\/a>\\n<\\\/div>\\n\n\n<div class=\\\"el-item uk-grid-margin uk-first-column\\\">\\n<a class=\\\"ai el-content uk-button uk-button-secondary\\\" href=\\\"\\\/wp-content\\\/uploads\\\/din-a3_ai.zip\\\" download uk-scroll=\\\"\\\">.ai<\\\/a>\\n<\\\/div>\\n\n\n<div class=\\\"el-item uk-grid-margin uk-first-column\\\">\\n<a class=\\\"eps el-content uk-button uk-button-secondary\\\" href=\\\"\\\/wp-content\\\/uploads\\\/din-a3_eps.zip\\\" download uk-scroll=\\\"\\\">.eps<\\\/a>\\n<\\\/div>\\n<\\\/div>\",\"image\":\"wp-content\\\/uploads\\\/dtf-transfer_din-a3_all-languages.png\",\"meta\":\"\",\"title\":\"DTF Transfert<span>DIN A3 297 x 420 mm<\\\/span>\"}},{\"type\":\"grid_item\",\"props\":{\"content\":\"\n\n<div class=\\\"print-templates uk-flex-middle uk-grid-small uk-grid uk-grid-stack\\\" uk-grid=\\\"\\\">\\n\n\n<div class=\\\"el-item uk-first-column\\\">\\n<a class=\\\"pdf el-content uk-button uk-button-secondary\\\" href=\\\"\\\/wp-content\\\/uploads\\\/din-a4_pdf.zip\\\" download uk-scroll=\\\"\\\">.pdf<\\\/a>\\n<\\\/div>\\n\n\n<div class=\\\"el-item uk-grid-margin uk-first-column\\\">\\n<a class=\\\"ai el-content uk-button uk-button-secondary\\\" href=\\\"\\\/wp-content\\\/uploads\\\/din-a4_ai.zip\\\" download uk-scroll=\\\"\\\">.ai<\\\/a>\\n<\\\/div>\\n\n\n<div class=\\\"el-item uk-grid-margin uk-first-column\\\">\\n<a class=\\\"eps el-content uk-button uk-button-secondary\\\" href=\\\"\\\/wp-content\\\/uploads\\\/din-a4_eps.zip\\\" download uk-scroll=\\\"\\\">.eps<\\\/a>\\n<\\\/div>\\n<\\\/div>\",\"image\":\"wp-content\\\/uploads\\\/dtf-transfer_din-a4_all-languages.png\",\"meta\":\"\",\"title\":\"DTF Transfert<span>DIN A4 210 x 297 mm<\\\/span>\"}}]}]},{\"type\":\"column\",\"props\":{\"class\":\"graphics-service-banner-container\",\"image_position\":\"center-center\",\"position_sticky_breakpoint\":\"m\",\"width_large\":\"1-4\"},\"children\":[{\"type\":\"html\",\"props\":{\"content\":\"\n\n<div class=\\\"graphics-service-banner\\\">\\n    \n\n<h2 class=\\\"uk-h4\\\">Service graphique professionnel<\\\/h2>\\n    \n\n<p class=\\\"uk-h5 uk-text-primary\\\">seulement 25,00 \\u20ac par 30 minutes<\\\/p>\\n    \n\n<p>Notre service graphique est \\u00e0 votre disposition. Ensemble, nous concevons vos motifs, d\\u00e9terminons les dimensions ou pla\\u00e7ons vos graphiques afin que vous puissiez tirer le meilleur parti de chaque diapositive.<\\\/p>\\n    <a class=\\\"el-content uk-width-1-1 uk-button uk-button-primary uk-margin-medium uk-margin-remove-bottom\\\" title=\\\"Contact experts\\\" href=\\\"\\\/fr\\\/service-graphique\\\/\\\" uk-scroll=\\\"\\\">Contact experts<\\\/a>\\n    <img src=\\\"\\\/wp-content\\\/uploads\\\/grafikservice_illustration.svg\\\" \\\/>\\n<\\\/div>\"}}]}]}],\"name\":\"Einleitung & Druckvorlagen\"}],\"version\":\"4.0.10\"} --><\/p>\n","protected":false},"excerpt":{"rendered":"<p>Imprimer les mod\u00e8les Nous faisons le travail pour vous ! Nos mod\u00e8les d&rsquo;impression sont d\u00e9j\u00e0 cr\u00e9\u00e9s dans les formats appropri\u00e9s et vous pouvez les t\u00e9l\u00e9charger en un seul clic. Vous placez directement vos motifs et \u00eates pr\u00eat \u00e0 passer votre commande. Vous n&rsquo;\u00eates pas s\u00fbr de vous ? Pas de probl\u00e8me ! Il vous suffit [&hellip;]<\/p>\n","protected":false},"author":1,"featured_media":0,"parent":0,"menu_order":0,"comment_status":"closed","ping_status":"closed","template":"","meta":{"footnotes":""},"class_list":["post-1854","page","type-page","status-publish","hentry"],"yoast_head":"<!-- This site is optimized with the Yoast SEO Premium plugin v23.3 (Yoast SEO v27.4) - https:\/\/yoast.com\/product\/yoast-seo-premium-wordpress\/ -->\n<title>Mod\u00e8les d&#039;impression efficaces et v\u00e9rification professionnelle des donn\u00e9es pour des commandes sans effort | DTF-Team.com<\/title>\n<meta name=\"description\" content=\"D\u00e9couvrez nos mod\u00e8les d&#039;impression parfaitement format\u00e9s et t\u00e9l\u00e9chargeables en un seul clic. Avec l&#039;option de v\u00e9rification professionnelle des donn\u00e9es, vous pouvez \u00eatre s\u00fbr que votre commande se d\u00e9roulera sans probl\u00e8me. Faites confiance aux experts de DTF-Team.com pour une impression sans souci!\" \/>\n<meta name=\"robots\" content=\"noindex, follow, max-snippet:-1, max-image-preview:large, max-video-preview:-1\" \/>\n<meta property=\"og:locale\" content=\"fr_FR\" \/>\n<meta property=\"og:type\" content=\"article\" \/>\n<meta property=\"og:title\" content=\"Imprimer les mod\u00e8les\" \/>\n<meta property=\"og:description\" content=\"D\u00e9couvrez nos mod\u00e8les d&#039;impression parfaitement format\u00e9s et t\u00e9l\u00e9chargeables en un seul clic. Avec l&#039;option de v\u00e9rification professionnelle des donn\u00e9es, vous pouvez \u00eatre s\u00fbr que votre commande se d\u00e9roulera sans probl\u00e8me. Faites confiance aux experts de DTF-Team.com pour une impression sans souci!\" \/>\n<meta property=\"og:url\" content=\"https:\/\/dev.dtf-team.com\/fr\/imprimer-les-modeles\/\" \/>\n<meta property=\"og:site_name\" content=\"DTF Team\" \/>\n<meta property=\"article:publisher\" content=\"https:\/\/www.facebook.com\/dtf.team.europe\/\" \/>\n<meta property=\"article:modified_time\" content=\"2023-10-17T12:05:37+00:00\" \/>\n<meta name=\"twitter:card\" content=\"summary_large_image\" \/>\n<meta name=\"twitter:label1\" content=\"Dur\u00e9e de lecture estim\u00e9e\" \/>\n\t<meta name=\"twitter:data1\" content=\"2 minutes\" \/>\n<script type=\"application\/ld+json\" class=\"yoast-schema-graph\">{\"@context\":\"https:\\\/\\\/schema.org\",\"@graph\":[{\"@type\":\"WebPage\",\"@id\":\"https:\\\/\\\/dev.dtf-team.com\\\/fr\\\/imprimer-les-modeles\\\/\",\"url\":\"https:\\\/\\\/dev.dtf-team.com\\\/fr\\\/imprimer-les-modeles\\\/\",\"name\":\"Mod\u00e8les d'impression efficaces et v\u00e9rification professionnelle des donn\u00e9es pour des commandes sans effort | DTF-Team.com\",\"isPartOf\":{\"@id\":\"https:\\\/\\\/dev.dtf-team.com\\\/fr\\\/#website\"},\"datePublished\":\"2023-09-21T21:42:28+00:00\",\"dateModified\":\"2023-10-17T12:05:37+00:00\",\"description\":\"D\u00e9couvrez nos mod\u00e8les d'impression parfaitement format\u00e9s et t\u00e9l\u00e9chargeables en un seul clic. Avec l'option de v\u00e9rification professionnelle des donn\u00e9es, vous pouvez \u00eatre s\u00fbr que votre commande se d\u00e9roulera sans probl\u00e8me. Faites confiance aux experts de DTF-Team.com pour une impression sans souci!\",\"breadcrumb\":{\"@id\":\"https:\\\/\\\/dev.dtf-team.com\\\/fr\\\/imprimer-les-modeles\\\/#breadcrumb\"},\"inLanguage\":\"fr-FR\",\"potentialAction\":[{\"@type\":\"ReadAction\",\"target\":[\"https:\\\/\\\/dev.dtf-team.com\\\/fr\\\/imprimer-les-modeles\\\/\"]}]},{\"@type\":\"BreadcrumbList\",\"@id\":\"https:\\\/\\\/dev.dtf-team.com\\\/fr\\\/imprimer-les-modeles\\\/#breadcrumb\",\"itemListElement\":[{\"@type\":\"ListItem\",\"position\":1,\"name\":\"Startseite\",\"item\":\"https:\\\/\\\/dev.dtf-team.com\\\/fr\\\/\"},{\"@type\":\"ListItem\",\"position\":2,\"name\":\"Imprimer les mod\u00e8les\"}]},{\"@type\":\"WebSite\",\"@id\":\"https:\\\/\\\/dev.dtf-team.com\\\/fr\\\/#website\",\"url\":\"https:\\\/\\\/dev.dtf-team.com\\\/fr\\\/\",\"name\":\"DTF Team\",\"description\":\"\",\"publisher\":{\"@id\":\"https:\\\/\\\/dev.dtf-team.com\\\/fr\\\/#organization\"},\"alternateName\":\"DTFT\",\"potentialAction\":[{\"@type\":\"SearchAction\",\"target\":{\"@type\":\"EntryPoint\",\"urlTemplate\":\"https:\\\/\\\/dev.dtf-team.com\\\/fr\\\/?s={search_term_string}\"},\"query-input\":{\"@type\":\"PropertyValueSpecification\",\"valueRequired\":true,\"valueName\":\"search_term_string\"}}],\"inLanguage\":\"fr-FR\"},{\"@type\":\"Organization\",\"@id\":\"https:\\\/\\\/dev.dtf-team.com\\\/fr\\\/#organization\",\"name\":\"DTF Team\",\"alternateName\":\"DTFT\",\"url\":\"https:\\\/\\\/dev.dtf-team.com\\\/fr\\\/\",\"logo\":{\"@type\":\"ImageObject\",\"inLanguage\":\"fr-FR\",\"@id\":\"https:\\\/\\\/dev.dtf-team.com\\\/fr\\\/#\\\/schema\\\/logo\\\/image\\\/\",\"url\":\"https:\\\/\\\/dev.dtf-team.com\\\/wp-content\\\/uploads\\\/dtf-team_logo-green-darkblue.svg\",\"contentUrl\":\"https:\\\/\\\/dev.dtf-team.com\\\/wp-content\\\/uploads\\\/dtf-team_logo-green-darkblue.svg\",\"width\":1,\"height\":1,\"caption\":\"DTF Team\"},\"image\":{\"@id\":\"https:\\\/\\\/dev.dtf-team.com\\\/fr\\\/#\\\/schema\\\/logo\\\/image\\\/\"},\"sameAs\":[\"https:\\\/\\\/www.facebook.com\\\/dtf.team.europe\\\/\",\"https:\\\/\\\/www.instagram.com\\\/dtf.team.europe\\\/\",\"https:\\\/\\\/www.tiktok.com\\\/@dtf.team.europe\",\"https:\\\/\\\/www.pinterest.de\\\/dtfteam\\\/\"]}]}<\/script>\n<!-- \/ Yoast SEO Premium plugin. -->","yoast_head_json":{"title":"Mod\u00e8les d'impression efficaces et v\u00e9rification professionnelle des donn\u00e9es pour des commandes sans effort | DTF-Team.com","description":"D\u00e9couvrez nos mod\u00e8les d'impression parfaitement format\u00e9s et t\u00e9l\u00e9chargeables en un seul clic. Avec l'option de v\u00e9rification professionnelle des donn\u00e9es, vous pouvez \u00eatre s\u00fbr que votre commande se d\u00e9roulera sans probl\u00e8me. Faites confiance aux experts de DTF-Team.com pour une impression sans souci!","robots":{"index":"noindex","follow":"follow","max-snippet":"max-snippet:-1","max-image-preview":"max-image-preview:large","max-video-preview":"max-video-preview:-1"},"og_locale":"fr_FR","og_type":"article","og_title":"Imprimer les mod\u00e8les","og_description":"D\u00e9couvrez nos mod\u00e8les d'impression parfaitement format\u00e9s et t\u00e9l\u00e9chargeables en un seul clic. Avec l'option de v\u00e9rification professionnelle des donn\u00e9es, vous pouvez \u00eatre s\u00fbr que votre commande se d\u00e9roulera sans probl\u00e8me. Faites confiance aux experts de DTF-Team.com pour une impression sans souci!","og_url":"https:\/\/dev.dtf-team.com\/fr\/imprimer-les-modeles\/","og_site_name":"DTF Team","article_publisher":"https:\/\/www.facebook.com\/dtf.team.europe\/","article_modified_time":"2023-10-17T12:05:37+00:00","twitter_card":"summary_large_image","twitter_misc":{"Dur\u00e9e de lecture estim\u00e9e":"2 minutes"},"schema":{"@context":"https:\/\/schema.org","@graph":[{"@type":"WebPage","@id":"https:\/\/dev.dtf-team.com\/fr\/imprimer-les-modeles\/","url":"https:\/\/dev.dtf-team.com\/fr\/imprimer-les-modeles\/","name":"Mod\u00e8les d'impression efficaces et v\u00e9rification professionnelle des donn\u00e9es pour des commandes sans effort | DTF-Team.com","isPartOf":{"@id":"https:\/\/dev.dtf-team.com\/fr\/#website"},"datePublished":"2023-09-21T21:42:28+00:00","dateModified":"2023-10-17T12:05:37+00:00","description":"D\u00e9couvrez nos mod\u00e8les d'impression parfaitement format\u00e9s et t\u00e9l\u00e9chargeables en un seul clic. Avec l'option de v\u00e9rification professionnelle des donn\u00e9es, vous pouvez \u00eatre s\u00fbr que votre commande se d\u00e9roulera sans probl\u00e8me. Faites confiance aux experts de DTF-Team.com pour une impression sans souci!","breadcrumb":{"@id":"https:\/\/dev.dtf-team.com\/fr\/imprimer-les-modeles\/#breadcrumb"},"inLanguage":"fr-FR","potentialAction":[{"@type":"ReadAction","target":["https:\/\/dev.dtf-team.com\/fr\/imprimer-les-modeles\/"]}]},{"@type":"BreadcrumbList","@id":"https:\/\/dev.dtf-team.com\/fr\/imprimer-les-modeles\/#breadcrumb","itemListElement":[{"@type":"ListItem","position":1,"name":"Startseite","item":"https:\/\/dev.dtf-team.com\/fr\/"},{"@type":"ListItem","position":2,"name":"Imprimer les mod\u00e8les"}]},{"@type":"WebSite","@id":"https:\/\/dev.dtf-team.com\/fr\/#website","url":"https:\/\/dev.dtf-team.com\/fr\/","name":"DTF Team","description":"","publisher":{"@id":"https:\/\/dev.dtf-team.com\/fr\/#organization"},"alternateName":"DTFT","potentialAction":[{"@type":"SearchAction","target":{"@type":"EntryPoint","urlTemplate":"https:\/\/dev.dtf-team.com\/fr\/?s={search_term_string}"},"query-input":{"@type":"PropertyValueSpecification","valueRequired":true,"valueName":"search_term_string"}}],"inLanguage":"fr-FR"},{"@type":"Organization","@id":"https:\/\/dev.dtf-team.com\/fr\/#organization","name":"DTF Team","alternateName":"DTFT","url":"https:\/\/dev.dtf-team.com\/fr\/","logo":{"@type":"ImageObject","inLanguage":"fr-FR","@id":"https:\/\/dev.dtf-team.com\/fr\/#\/schema\/logo\/image\/","url":"https:\/\/dev.dtf-team.com\/wp-content\/uploads\/dtf-team_logo-green-darkblue.svg","contentUrl":"https:\/\/dev.dtf-team.com\/wp-content\/uploads\/dtf-team_logo-green-darkblue.svg","width":1,"height":1,"caption":"DTF Team"},"image":{"@id":"https:\/\/dev.dtf-team.com\/fr\/#\/schema\/logo\/image\/"},"sameAs":["https:\/\/www.facebook.com\/dtf.team.europe\/","https:\/\/www.instagram.com\/dtf.team.europe\/","https:\/\/www.tiktok.com\/@dtf.team.europe","https:\/\/www.pinterest.de\/dtfteam\/"]}]}},"_links":{"self":[{"href":"https:\/\/dev.dtf-team.com\/fr\/wp-json\/wp\/v2\/pages\/1854","targetHints":{"allow":["GET"]}}],"collection":[{"href":"https:\/\/dev.dtf-team.com\/fr\/wp-json\/wp\/v2\/pages"}],"about":[{"href":"https:\/\/dev.dtf-team.com\/fr\/wp-json\/wp\/v2\/types\/page"}],"author":[{"embeddable":true,"href":"https:\/\/dev.dtf-team.com\/fr\/wp-json\/wp\/v2\/users\/1"}],"replies":[{"embeddable":true,"href":"https:\/\/dev.dtf-team.com\/fr\/wp-json\/wp\/v2\/comments?post=1854"}],"version-history":[{"count":5,"href":"https:\/\/dev.dtf-team.com\/fr\/wp-json\/wp\/v2\/pages\/1854\/revisions"}],"predecessor-version":[{"id":1891,"href":"https:\/\/dev.dtf-team.com\/fr\/wp-json\/wp\/v2\/pages\/1854\/revisions\/1891"}],"wp:attachment":[{"href":"https:\/\/dev.dtf-team.com\/fr\/wp-json\/wp\/v2\/media?parent=1854"}],"curies":[{"name":"wp","href":"https:\/\/api.w.org\/{rel}","templated":true}]}}