{"id":1866,"date":"2023-07-21T23:46:12","date_gmt":"2023-07-21T21:46:12","guid":{"rendered":"https:\/\/dev.dtf-team.com\/grafikservice\/"},"modified":"2023-10-22T14:44:41","modified_gmt":"2023-10-22T12:44:41","slug":"service-graphique","status":"publish","type":"page","link":"https:\/\/dev.dtf-team.com\/fr\/service-graphique\/","title":{"rendered":"Service graphique"},"content":{"rendered":"<h1>Service graphique<\/h1>\n<div>\n<p>La conception, la mise en page, l&#8217;emplacement, la taille et bien d&rsquo;autres \u00e9l\u00e9ments doivent \u00eatre pris en compte lorsque vous souhaitez r\u00e9aliser des impressions sur textile.<\/p>\n<p>Si vous avez besoin d&rsquo;aide ou de suggestions, vous pouvez faire appel \u00e0 notre service graphique. Cependant, il ne s&rsquo;agit pas d&rsquo;un produit que vous pouvez simplement r\u00e9server, mais plut\u00f4t d&rsquo;un service que nous ne pouvons offrir qu&rsquo;en \u00e9troite collaboration avec vous. Vos souhaits doivent \u00eatre mis en \u0153uvre de la meilleure mani\u00e8re possible.<\/p>\n<p>Si vous souhaitez faire appel \u00e0 ce service, il vous suffit de nous contacter \u00e0 l&rsquo;aide du <a uk-scroll=\"offset: 100\" href=\"#service-graphique-formulaire\">formulaire ci-dessous<\/a> et de pr\u00e9parer \u00e0 l&rsquo;avance un maximum d&rsquo;informations. Il peut s&rsquo;agir de<\/a><\/p>\n<ol>\n<li>Vignettes<\/li>\n<li>Exemples graphiques<\/li>\n<li>Sp\u00e9cifications de couleurs<\/li>\n<li>Souhaits d&#8217;emplacement<\/li>\n<li>Taille du graphisme<\/li>\n<\/ol>\n<p>Nous nous ferons un plaisir de vous faire une offre personnelle. Le paiement sera convenu diff\u00e9remment en fonction des d\u00e9penses. Par exemple, une facturation \u00e0 l&rsquo;heure ou un montant forfaitaire. Nous trouvons ensemble la meilleure solution possible et la plus \u00e9quitable.<\/p>\n<p>La v\u00e9rification professionnelle des donn\u00e9es est incluse. Une fois que les graphiques ont \u00e9t\u00e9 cr\u00e9\u00e9s et approuv\u00e9s par vous, nous les convertissons imm\u00e9diatement dans le format appropri\u00e9 pour une impression efficace de la quantit\u00e9 souhait\u00e9e. Avec ce fichier .pdf cr\u00e9\u00e9 par nos soins, vous pouvez passer commande.<\/p>\n<\/div>\n<div>\n<div class=\"graphics-service-banner\">\n<h2 class=\"uk-h4\">Imprimer les mod\u00e8les<\/h2>\n<p class=\"uk-h5 uk-text-primary\">Sous forme de fichier .pdf, .ai ou .eps<\/p>\n<p>Facilitez-vous la t\u00e2che et utilisez nos mod\u00e8les d&rsquo;impression pour les produits de la cour, DIN A3 et DIN A4.<\/p>\n<p>    <a class=\"el-content uk-width-1-1 uk-button uk-button-primary uk-margin-medium uk-margin-remove-bottom\" title=\"Aux mod\u00e8les imprim\u00e9s\" href=\"\/fr\/imprimer-les-modeles\/\" uk-scroll=\"\">Aux mod\u00e8les imprim\u00e9s<\/a><br \/>\n    <img decoding=\"async\" src=\"\/wp-content\/uploads\/grafikservice_illustration.svg\" \/>\n<\/div>\n<\/div>\n<div>\n\n<div class=\"wpcf7 no-js\" id=\"wpcf7-f1898-o1\" lang=\"fr-FR\" dir=\"ltr\" data-wpcf7-id=\"1898\">\n<div class=\"screen-reader-response\"><p role=\"status\" aria-live=\"polite\" aria-atomic=\"true\"><\/p> <ul><\/ul><\/div>\n<form action=\"\/fr\/wp-json\/wp\/v2\/pages\/1866#wpcf7-f1898-o1\" method=\"post\" class=\"wpcf7-form init contact-form\" aria-label=\"Formulaire de contact\" novalidate=\"novalidate\" data-status=\"init\">\n<fieldset class=\"hidden-fields-container\"><input type=\"hidden\" name=\"_wpcf7\" value=\"1898\" \/><input type=\"hidden\" name=\"_wpcf7_version\" value=\"6.1.5\" \/><input type=\"hidden\" name=\"_wpcf7_locale\" value=\"fr_FR\" \/><input type=\"hidden\" name=\"_wpcf7_unit_tag\" value=\"wpcf7-f1898-o1\" \/><input type=\"hidden\" name=\"_wpcf7_container_post\" value=\"0\" \/><input type=\"hidden\" name=\"_wpcf7_posted_data_hash\" value=\"\" \/><input type=\"hidden\" name=\"_wpcf7_recaptcha_response\" value=\"\" \/>\n<\/fieldset>\n<div class=\"uk-align-center uk-margin-remove-top uk-margin-remove-bottom\">\n\t<div class=\"uk-child-width-expand@s\" uk-grid>\n\t\t<div class=\"uk-width-1-1@s\">\n\t\t\t<p class=\"uk-h5\">Informations\n\t\t\t<\/p>\n\t\t<\/div>\n\t<\/div>\n\t<div class=\"uk-grid-small uk-child-width-expand@s uk-text-center\" uk-grid>\n\t\t<div class=\"uk-width-1-1@s\">\n\t\t\t<p><span class=\"wpcf7-form-control-wrap\" data-name=\"company\"><input size=\"40\" maxlength=\"400\" class=\"wpcf7-form-control wpcf7-text wpcf7-validates-as-required uk-input\" aria-required=\"true\" aria-invalid=\"false\" placeholder=\"Entreprise*\" value=\"\" type=\"text\" name=\"company\" \/><\/span>\n\t\t\t<\/p>\n\t\t<\/div>\n\t<\/div>\n\t<div class=\"uk-grid-small uk-child-width-expand@s uk-text-center\" uk-grid>\n\t\t<div class=\"uk-width-1-3@s\">\n\t\t\t<p><span class=\"wpcf7-form-control-wrap\" data-name=\"salutation\"><select class=\"wpcf7-form-control wpcf7-select wpcf7-validates-as-required uk-input\" aria-required=\"true\" aria-invalid=\"false\" name=\"salutation\"><option value=\"\">Salutation*<\/option><option value=\"Mme\">Mme<\/option><option value=\"Monsieur\">Monsieur<\/option><\/select><\/span>\n\t\t\t<\/p>\n\t\t<\/div>\n\t\t<div class=\"uk-width-1-3@s\">\n\t\t\t<p><span class=\"wpcf7-form-control-wrap\" data-name=\"firstname\"><input size=\"40\" maxlength=\"400\" class=\"wpcf7-form-control wpcf7-text uk-input\" aria-invalid=\"false\" placeholder=\"Pr\u00e9nom\" value=\"\" type=\"text\" name=\"firstname\" \/><\/span>\n\t\t\t<\/p>\n\t\t<\/div>\n\t\t<div class=\"uk-width-1-3@s\">\n\t\t\t<p><span class=\"wpcf7-form-control-wrap\" data-name=\"lastname\"><input size=\"40\" maxlength=\"400\" class=\"wpcf7-form-control wpcf7-text wpcf7-validates-as-required uk-input\" aria-required=\"true\" aria-invalid=\"false\" placeholder=\"Nom de famille*\" value=\"\" type=\"text\" name=\"lastname\" \/><\/span>\n\t\t\t<\/p>\n\t\t<\/div>\n\t<\/div>\n\t<div class=\"uk-grid-small uk-text-center\" uk-grid>\n\t\t<div class=\"uk-width-1-2@s\">\n\t\t\t<p><span class=\"wpcf7-form-control-wrap\" data-name=\"mail\"><input size=\"40\" maxlength=\"400\" class=\"wpcf7-form-control wpcf7-email wpcf7-validates-as-required wpcf7-text wpcf7-validates-as-email uk-input\" aria-required=\"true\" aria-invalid=\"false\" placeholder=\"E-mail*\" value=\"\" type=\"email\" name=\"mail\" \/><\/span>\n\t\t\t<\/p>\n\t\t<\/div>\n\t\t<div class=\"uk-width-1-2@s\">\n\t\t\t<p><span class=\"wpcf7-form-control-wrap\" data-name=\"phone\"><input size=\"40\" maxlength=\"400\" class=\"wpcf7-form-control wpcf7-text wpcf7-validates-as-required uk-input\" aria-required=\"true\" aria-invalid=\"false\" placeholder=\"T\u00e9l\u00e9phone*\" value=\"\" type=\"text\" name=\"phone\" \/><\/span>\n\t\t\t<\/p>\n\t\t<\/div>\n\t<\/div>\n\t<div class=\"uk-grid-small uk-text-center\" uk-grid>\n\t\t<div class=\"uk-width-1-1@s\">\n\t\t\t<p><span class=\"wpcf7-form-control-wrap\" data-name=\"website\"><input size=\"40\" maxlength=\"400\" class=\"wpcf7-form-control wpcf7-text uk-input\" aria-invalid=\"false\" placeholder=\"Site web de l&#039;entreprise\" value=\"\" type=\"text\" name=\"website\" \/><\/span>\n\t\t\t<\/p>\n\t\t<\/div>\n\t<\/div>\n\t<div class=\"uk-child-width-expand@s margin-top\" uk-grid>\n\t\t<div class=\"uk-width-1-1@s\">\n\t\t\t<p class=\"uk-h5\">Demande\n\t\t\t<\/p>\n\t\t<\/div>\n\t<\/div>\n\t<div class=\"uk-grid-small uk-text-center\" uk-grid>\n\t\t<div class=\"uk-width-1-1@s\">\n\t\t\t<p><span class=\"wpcf7-form-control-wrap\" data-name=\"subject\"><input size=\"40\" maxlength=\"400\" class=\"wpcf7-form-control wpcf7-text wpcf7-validates-as-required uk-input\" aria-required=\"true\" aria-invalid=\"false\" placeholder=\"Sujet*\" value=\"\" type=\"text\" name=\"subject\" \/><\/span>\n\t\t\t<\/p>\n\t\t<\/div>\n\t<\/div>\n\t<div class=\"uk-grid-small uk-text-center\" uk-grid>\n\t\t<div class=\"uk-width-1-1@s\">\n\t\t\t<p><span class=\"wpcf7-form-control-wrap\" data-name=\"message\"><textarea cols=\"40\" rows=\"5\" maxlength=\"2000\" class=\"wpcf7-form-control wpcf7-textarea wpcf7-validates-as-required uk-textarea\" aria-required=\"true\" aria-invalid=\"false\" placeholder=\"Message*\" name=\"message\"><\/textarea><\/span>\n\t\t\t<\/p>\n\t\t<\/div>\n\t<\/div>\n\t<div class=\"uk-grid-small uk-text-center margin-bottom\" uk-grid>\n\t\t<div class=\"uk-width-1-1@s\">\n\t\t\t<p><span class=\"wpcf7-form-control-wrap\" data-name=\"file-upload\"><input size=\"40\" class=\"wpcf7-form-control wpcf7-drag-n-drop-file d-none file-upload\" aria-invalid=\"false\" type=\"file\" multiple=\"multiple\" data-name=\"file-upload\" data-type=\"jpg|jpeg|png|pdf|svg|gif\" data-limit=\"134217728\" data-min=\"0\" data-max=\"5\" data-id=\"1898\" data-version=\"free version 1.3.8.2\" accept=\".jpg, .jpeg, .png, .pdf, .svg, .gif\" \/><\/span>\n\t\t\t<\/p>\n\t\t<\/div>\n\t<\/div>\n\t<div class=\"checkbox\">\n\t\t<p><span class=\"wpcf7-form-control-wrap\" data-name=\"privacy\"><span class=\"wpcf7-form-control wpcf7-acceptance\"><span class=\"wpcf7-list-item\"><input type=\"checkbox\" name=\"privacy\" value=\"1\" class=\"uk-checkbox\" aria-invalid=\"false\" \/><\/span><\/span><\/span>\n\t\t<\/p>\n\t\t<div class=\"checkbox-text\">\n\t\t\t<p><span>Accepter la protection des donn\u00e9es*<\/span><span>J'ai lu et j'accepte la <strong><a href=\"\/fr\/politique-de-confidentialite\/\" target=\"_blank\">d\u00e9claration de confidentialit\u00e9<\/a><\/strong>.<\/span>\n\t\t\t<\/p>\n\t\t<\/div>\n\t<\/div>\n\t<div class=\"uk-margin-remove-bottom\">\n\t\t<div class=\"uk-padding-remove\">\n\t\t\t<p><button type=\"submit\" class=\"wpcf7-form-control wpcf7-submit el-link uk-button-primary uk-button\" aria-expanded=\"false\">Demande sans engagement<\/button>\n\t\t\t<\/p>\n\t\t<\/div>\n\t<\/div>\n<\/div><div class=\"wpcf7-response-output\" aria-hidden=\"true\"><\/div>\n<\/form>\n<\/div>\n<\/div>\n<p><!--more--><br \/>\n<!-- {\"type\":\"layout\",\"children\":[{\"type\":\"section\",\"props\":{\"image_position\":\"center-center\",\"padding\":\"xsmall\",\"padding_remove_bottom\":true,\"style\":\"default\",\"title_breakpoint\":\"xl\",\"title_position\":\"top-left\",\"title_rotation\":\"left\",\"vertical_align\":\"middle\",\"width\":\"default\"},\"children\":[{\"type\":\"row\",\"children\":[{\"type\":\"column\",\"props\":{\"image_position\":\"center-center\",\"position_sticky_breakpoint\":\"m\"},\"children\":[{\"type\":\"breadcrumbs\",\"props\":{\"show_current\":true,\"show_home\":true}}]}]}],\"name\":\"Breadcrumbs\"},{\"type\":\"section\",\"props\":{\"image_position\":\"center-center\",\"padding_remove_bottom\":true,\"padding_remove_top\":false,\"style\":\"default\",\"title_breakpoint\":\"xl\",\"title_position\":\"top-left\",\"title_rotation\":\"left\",\"vertical_align\":\"middle\",\"width\":\"default\"},\"children\":[{\"type\":\"row\",\"props\":{\"layout\":\"3-4,1-4\",\"row_gap\":\"large\"},\"children\":[{\"type\":\"column\",\"props\":{\"class\":\"padding-correction-40\",\"image_position\":\"center-center\",\"position_sticky_breakpoint\":\"m\",\"width_large\":\"3-4\"},\"children\":[{\"type\":\"headline\",\"props\":{\"content\":\"Service graphique\",\"margin\":\"default\",\"margin_remove_bottom\":false,\"title_element\":\"h1\",\"title_style\":\"h2\"}},{\"type\":\"text\",\"props\":{\"column_breakpoint\":\"m\",\"content\":\"\n\n<p>La conception, la mise en page, l'emplacement, la taille et bien d'autres \\u00e9l\\u00e9ments doivent \\u00eatre pris en compte lorsque vous souhaitez r\\u00e9aliser des impressions sur textile.<\\\/p>\\n\n\n<p>Si vous avez besoin d'aide ou de suggestions, vous pouvez faire appel \\u00e0 notre service graphique. Cependant, il ne s'agit pas d'un produit que vous pouvez simplement r\\u00e9server, mais plut\\u00f4t d'un service que nous ne pouvons offrir qu'en \\u00e9troite collaboration avec vous. Vos souhaits doivent \\u00eatre mis en \\u0153uvre de la meilleure mani\\u00e8re possible.<\\\/p>\\n\n\n<p>Si vous souhaitez faire appel \\u00e0 ce service, il vous suffit de nous contacter \\u00e0 l'aide du <a uk-scroll=\\\"offset: 100\\\" href=\\\"#service-graphique-formulaire\\\">formulaire ci-dessous<\\\/a> et de pr\\u00e9parer \\u00e0 l'avance un maximum d'informations. Il peut s'agir de<\\\/a><\\\/p>\\n\n\n<ol>\\n\n\n<li>Vignettes<\\\/li>\\n\n\n<li>Exemples graphiques<\\\/li>\\n\n\n<li>Sp\\u00e9cifications de couleurs<\\\/li>\\n\n\n<li>Souhaits d'emplacement<\\\/li>\\n\n\n<li>Taille du graphisme<\\\/li>\\n<\\\/ol>\\n\n\n<p>Nous nous ferons un plaisir de vous faire une offre personnelle. Le paiement sera convenu diff\\u00e9remment en fonction des d\\u00e9penses. Par exemple, une facturation \\u00e0 l'heure ou un montant forfaitaire. Nous trouvons ensemble la meilleure solution possible et la plus \\u00e9quitable.<\\\/p>\\n\n\n<p>La v\\u00e9rification professionnelle des donn\\u00e9es est incluse. Une fois que les graphiques ont \\u00e9t\\u00e9 cr\\u00e9\\u00e9s et approuv\\u00e9s par vous, nous les convertissons imm\\u00e9diatement dans le format appropri\\u00e9 pour une impression efficace de la quantit\\u00e9 souhait\\u00e9e. Avec ce fichier .pdf cr\\u00e9\\u00e9 par nos soins, vous pouvez passer commande.<\\\/p>\",\"margin\":\"medium\",\"margin_remove_top\":true}}]},{\"type\":\"column\",\"props\":{\"class\":\"graphics-service-banner-container\",\"image_position\":\"center-center\",\"position_sticky_breakpoint\":\"m\",\"width_large\":\"1-4\"},\"children\":[{\"type\":\"html\",\"props\":{\"content\":\"\n\n<div class=\\\"graphics-service-banner\\\">\\n    \n\n<h2 class=\\\"uk-h4\\\">Imprimer les mod\\u00e8les<\\\/h2>\\n    \n\n<p class=\\\"uk-h5 uk-text-primary\\\">Sous forme de fichier .pdf, .ai ou .eps<\\\/p>\\n    \n\n<p>Facilitez-vous la t\\u00e2che et utilisez nos mod\\u00e8les d'impression pour les produits de la cour, DIN A3 et DIN A4.<\\\/p>\\n    <a class=\\\"el-content uk-width-1-1 uk-button uk-button-primary uk-margin-medium uk-margin-remove-bottom\\\" title=\\\"Aux mod\\u00e8les imprim\\u00e9s\\\" href=\\\"\\\/fr\\\/imprimer-les-modeles\\\/\\\" uk-scroll=\\\"\\\">Aux mod\\u00e8les imprim\\u00e9s<\\\/a>\\n    <img src=\\\"\\\/wp-content\\\/uploads\\\/grafikservice_illustration.svg\\\" \\\/>\\n<\\\/div>\"}}]}]}],\"name\":\"Einleitung\"},{\"type\":\"section\",\"props\":{\"image_position\":\"center-center\",\"padding_remove_bottom\":false,\"padding_remove_top\":false,\"style\":\"default\",\"title_breakpoint\":\"xl\",\"title_position\":\"top-left\",\"title_rotation\":\"left\",\"vertical_align\":\"middle\",\"width\":\"default\"},\"children\":[{\"type\":\"row\",\"props\":{\"column_gap\":\"medium\",\"row_gap\":\"medium\"},\"children\":[{\"type\":\"column\",\"props\":{\"class\":\"padding-correction\",\"image_position\":\"center-center\",\"position_sticky_breakpoint\":\"m\"},\"children\":[{\"type\":\"html\",\"props\":{\"content\":\"[contact-form-7 id=\\\"74a98ca\\\" html_class=\\\"contact-form\\\" title=\\\"Service graphique\\\"]\",\"id\":\"service-graphique-formulaire\"}}]}]}],\"name\":\"Grafikservice Formular\"}],\"version\":\"4.0.10\"} --><\/p>\n","protected":false},"excerpt":{"rendered":"<p>Service graphique La conception, la mise en page, l&#8217;emplacement, la taille et bien d&rsquo;autres \u00e9l\u00e9ments doivent \u00eatre pris en compte lorsque vous souhaitez r\u00e9aliser des impressions sur textile. Si vous avez besoin d&rsquo;aide ou de suggestions, vous pouvez faire appel \u00e0 notre service graphique. Cependant, il ne s&rsquo;agit pas d&rsquo;un produit que vous pouvez simplement [&hellip;]<\/p>\n","protected":false},"author":1,"featured_media":0,"parent":0,"menu_order":0,"comment_status":"closed","ping_status":"closed","template":"","meta":{"footnotes":""},"class_list":["post-1866","page","type-page","status-publish","hentry"],"yoast_head":"<!-- This site is optimized with the Yoast SEO Premium plugin v23.3 (Yoast SEO v27.4) - https:\/\/yoast.com\/product\/yoast-seo-premium-wordpress\/ -->\n<title>Service graphique professionnel pour les produits d&#039;impression DTF personnalis\u00e9s | DTF-Team.com<\/title>\n<meta name=\"description\" content=\"D\u00e9couvrez comment nos services graphiques peuvent vous aider \u00e0 r\u00e9aliser vos produits imprim\u00e9s DTF individuels. Nous proposons des services personnalis\u00e9s qui sont d\u00e9velopp\u00e9s en \u00e9troite collaboration avec vous afin de r\u00e9aliser vos id\u00e9es de la meilleure fa\u00e7on possible. Contactez-nous via le formulaire pour recevoir une offre personnalis\u00e9e. Une v\u00e9rification professionnelle des donn\u00e9es par DTF-Team.com est incluse!\" \/>\n<meta name=\"robots\" content=\"noindex, follow, max-snippet:-1, max-image-preview:large, max-video-preview:-1\" \/>\n<meta property=\"og:locale\" content=\"fr_FR\" \/>\n<meta property=\"og:type\" content=\"article\" \/>\n<meta property=\"og:title\" content=\"Service graphique\" \/>\n<meta property=\"og:description\" content=\"D\u00e9couvrez comment nos services graphiques peuvent vous aider \u00e0 r\u00e9aliser vos produits imprim\u00e9s DTF individuels. Nous proposons des services personnalis\u00e9s qui sont d\u00e9velopp\u00e9s en \u00e9troite collaboration avec vous afin de r\u00e9aliser vos id\u00e9es de la meilleure fa\u00e7on possible. Contactez-nous via le formulaire pour recevoir une offre personnalis\u00e9e. Une v\u00e9rification professionnelle des donn\u00e9es par DTF-Team.com est incluse!\" \/>\n<meta property=\"og:url\" content=\"https:\/\/dev.dtf-team.com\/fr\/service-graphique\/\" \/>\n<meta property=\"og:site_name\" content=\"DTF Team\" \/>\n<meta property=\"article:publisher\" content=\"https:\/\/www.facebook.com\/dtf.team.europe\/\" \/>\n<meta property=\"article:modified_time\" content=\"2023-10-22T12:44:41+00:00\" \/>\n<meta name=\"twitter:card\" content=\"summary_large_image\" \/>\n<meta name=\"twitter:label1\" content=\"Dur\u00e9e de lecture estim\u00e9e\" \/>\n\t<meta name=\"twitter:data1\" content=\"2 minutes\" \/>\n<script type=\"application\/ld+json\" class=\"yoast-schema-graph\">{\"@context\":\"https:\\\/\\\/schema.org\",\"@graph\":[{\"@type\":\"WebPage\",\"@id\":\"https:\\\/\\\/dev.dtf-team.com\\\/fr\\\/service-graphique\\\/\",\"url\":\"https:\\\/\\\/dev.dtf-team.com\\\/fr\\\/service-graphique\\\/\",\"name\":\"Service graphique professionnel pour les produits d'impression DTF personnalis\u00e9s | DTF-Team.com\",\"isPartOf\":{\"@id\":\"https:\\\/\\\/dev.dtf-team.com\\\/fr\\\/#website\"},\"datePublished\":\"2023-07-21T21:46:12+00:00\",\"dateModified\":\"2023-10-22T12:44:41+00:00\",\"description\":\"D\u00e9couvrez comment nos services graphiques peuvent vous aider \u00e0 r\u00e9aliser vos produits imprim\u00e9s DTF individuels. Nous proposons des services personnalis\u00e9s qui sont d\u00e9velopp\u00e9s en \u00e9troite collaboration avec vous afin de r\u00e9aliser vos id\u00e9es de la meilleure fa\u00e7on possible. Contactez-nous via le formulaire pour recevoir une offre personnalis\u00e9e. Une v\u00e9rification professionnelle des donn\u00e9es par DTF-Team.com est incluse!\",\"breadcrumb\":{\"@id\":\"https:\\\/\\\/dev.dtf-team.com\\\/fr\\\/service-graphique\\\/#breadcrumb\"},\"inLanguage\":\"fr-FR\",\"potentialAction\":[{\"@type\":\"ReadAction\",\"target\":[\"https:\\\/\\\/dev.dtf-team.com\\\/fr\\\/service-graphique\\\/\"]}]},{\"@type\":\"BreadcrumbList\",\"@id\":\"https:\\\/\\\/dev.dtf-team.com\\\/fr\\\/service-graphique\\\/#breadcrumb\",\"itemListElement\":[{\"@type\":\"ListItem\",\"position\":1,\"name\":\"Startseite\",\"item\":\"https:\\\/\\\/dev.dtf-team.com\\\/fr\\\/\"},{\"@type\":\"ListItem\",\"position\":2,\"name\":\"Service graphique\"}]},{\"@type\":\"WebSite\",\"@id\":\"https:\\\/\\\/dev.dtf-team.com\\\/fr\\\/#website\",\"url\":\"https:\\\/\\\/dev.dtf-team.com\\\/fr\\\/\",\"name\":\"DTF Team\",\"description\":\"\",\"publisher\":{\"@id\":\"https:\\\/\\\/dev.dtf-team.com\\\/fr\\\/#organization\"},\"alternateName\":\"DTFT\",\"potentialAction\":[{\"@type\":\"SearchAction\",\"target\":{\"@type\":\"EntryPoint\",\"urlTemplate\":\"https:\\\/\\\/dev.dtf-team.com\\\/fr\\\/?s={search_term_string}\"},\"query-input\":{\"@type\":\"PropertyValueSpecification\",\"valueRequired\":true,\"valueName\":\"search_term_string\"}}],\"inLanguage\":\"fr-FR\"},{\"@type\":\"Organization\",\"@id\":\"https:\\\/\\\/dev.dtf-team.com\\\/fr\\\/#organization\",\"name\":\"DTF Team\",\"alternateName\":\"DTFT\",\"url\":\"https:\\\/\\\/dev.dtf-team.com\\\/fr\\\/\",\"logo\":{\"@type\":\"ImageObject\",\"inLanguage\":\"fr-FR\",\"@id\":\"https:\\\/\\\/dev.dtf-team.com\\\/fr\\\/#\\\/schema\\\/logo\\\/image\\\/\",\"url\":\"https:\\\/\\\/dev.dtf-team.com\\\/wp-content\\\/uploads\\\/dtf-team_logo-green-darkblue.svg\",\"contentUrl\":\"https:\\\/\\\/dev.dtf-team.com\\\/wp-content\\\/uploads\\\/dtf-team_logo-green-darkblue.svg\",\"width\":1,\"height\":1,\"caption\":\"DTF Team\"},\"image\":{\"@id\":\"https:\\\/\\\/dev.dtf-team.com\\\/fr\\\/#\\\/schema\\\/logo\\\/image\\\/\"},\"sameAs\":[\"https:\\\/\\\/www.facebook.com\\\/dtf.team.europe\\\/\",\"https:\\\/\\\/www.instagram.com\\\/dtf.team.europe\\\/\",\"https:\\\/\\\/www.tiktok.com\\\/@dtf.team.europe\",\"https:\\\/\\\/www.pinterest.de\\\/dtfteam\\\/\"]}]}<\/script>\n<!-- \/ Yoast SEO Premium plugin. -->","yoast_head_json":{"title":"Service graphique professionnel pour les produits d'impression DTF personnalis\u00e9s | DTF-Team.com","description":"D\u00e9couvrez comment nos services graphiques peuvent vous aider \u00e0 r\u00e9aliser vos produits imprim\u00e9s DTF individuels. Nous proposons des services personnalis\u00e9s qui sont d\u00e9velopp\u00e9s en \u00e9troite collaboration avec vous afin de r\u00e9aliser vos id\u00e9es de la meilleure fa\u00e7on possible. Contactez-nous via le formulaire pour recevoir une offre personnalis\u00e9e. Une v\u00e9rification professionnelle des donn\u00e9es par DTF-Team.com est incluse!","robots":{"index":"noindex","follow":"follow","max-snippet":"max-snippet:-1","max-image-preview":"max-image-preview:large","max-video-preview":"max-video-preview:-1"},"og_locale":"fr_FR","og_type":"article","og_title":"Service graphique","og_description":"D\u00e9couvrez comment nos services graphiques peuvent vous aider \u00e0 r\u00e9aliser vos produits imprim\u00e9s DTF individuels. Nous proposons des services personnalis\u00e9s qui sont d\u00e9velopp\u00e9s en \u00e9troite collaboration avec vous afin de r\u00e9aliser vos id\u00e9es de la meilleure fa\u00e7on possible. Contactez-nous via le formulaire pour recevoir une offre personnalis\u00e9e. Une v\u00e9rification professionnelle des donn\u00e9es par DTF-Team.com est incluse!","og_url":"https:\/\/dev.dtf-team.com\/fr\/service-graphique\/","og_site_name":"DTF Team","article_publisher":"https:\/\/www.facebook.com\/dtf.team.europe\/","article_modified_time":"2023-10-22T12:44:41+00:00","twitter_card":"summary_large_image","twitter_misc":{"Dur\u00e9e de lecture estim\u00e9e":"2 minutes"},"schema":{"@context":"https:\/\/schema.org","@graph":[{"@type":"WebPage","@id":"https:\/\/dev.dtf-team.com\/fr\/service-graphique\/","url":"https:\/\/dev.dtf-team.com\/fr\/service-graphique\/","name":"Service graphique professionnel pour les produits d'impression DTF personnalis\u00e9s | DTF-Team.com","isPartOf":{"@id":"https:\/\/dev.dtf-team.com\/fr\/#website"},"datePublished":"2023-07-21T21:46:12+00:00","dateModified":"2023-10-22T12:44:41+00:00","description":"D\u00e9couvrez comment nos services graphiques peuvent vous aider \u00e0 r\u00e9aliser vos produits imprim\u00e9s DTF individuels. Nous proposons des services personnalis\u00e9s qui sont d\u00e9velopp\u00e9s en \u00e9troite collaboration avec vous afin de r\u00e9aliser vos id\u00e9es de la meilleure fa\u00e7on possible. Contactez-nous via le formulaire pour recevoir une offre personnalis\u00e9e. Une v\u00e9rification professionnelle des donn\u00e9es par DTF-Team.com est incluse!","breadcrumb":{"@id":"https:\/\/dev.dtf-team.com\/fr\/service-graphique\/#breadcrumb"},"inLanguage":"fr-FR","potentialAction":[{"@type":"ReadAction","target":["https:\/\/dev.dtf-team.com\/fr\/service-graphique\/"]}]},{"@type":"BreadcrumbList","@id":"https:\/\/dev.dtf-team.com\/fr\/service-graphique\/#breadcrumb","itemListElement":[{"@type":"ListItem","position":1,"name":"Startseite","item":"https:\/\/dev.dtf-team.com\/fr\/"},{"@type":"ListItem","position":2,"name":"Service graphique"}]},{"@type":"WebSite","@id":"https:\/\/dev.dtf-team.com\/fr\/#website","url":"https:\/\/dev.dtf-team.com\/fr\/","name":"DTF Team","description":"","publisher":{"@id":"https:\/\/dev.dtf-team.com\/fr\/#organization"},"alternateName":"DTFT","potentialAction":[{"@type":"SearchAction","target":{"@type":"EntryPoint","urlTemplate":"https:\/\/dev.dtf-team.com\/fr\/?s={search_term_string}"},"query-input":{"@type":"PropertyValueSpecification","valueRequired":true,"valueName":"search_term_string"}}],"inLanguage":"fr-FR"},{"@type":"Organization","@id":"https:\/\/dev.dtf-team.com\/fr\/#organization","name":"DTF Team","alternateName":"DTFT","url":"https:\/\/dev.dtf-team.com\/fr\/","logo":{"@type":"ImageObject","inLanguage":"fr-FR","@id":"https:\/\/dev.dtf-team.com\/fr\/#\/schema\/logo\/image\/","url":"https:\/\/dev.dtf-team.com\/wp-content\/uploads\/dtf-team_logo-green-darkblue.svg","contentUrl":"https:\/\/dev.dtf-team.com\/wp-content\/uploads\/dtf-team_logo-green-darkblue.svg","width":1,"height":1,"caption":"DTF Team"},"image":{"@id":"https:\/\/dev.dtf-team.com\/fr\/#\/schema\/logo\/image\/"},"sameAs":["https:\/\/www.facebook.com\/dtf.team.europe\/","https:\/\/www.instagram.com\/dtf.team.europe\/","https:\/\/www.tiktok.com\/@dtf.team.europe","https:\/\/www.pinterest.de\/dtfteam\/"]}]}},"_links":{"self":[{"href":"https:\/\/dev.dtf-team.com\/fr\/wp-json\/wp\/v2\/pages\/1866","targetHints":{"allow":["GET"]}}],"collection":[{"href":"https:\/\/dev.dtf-team.com\/fr\/wp-json\/wp\/v2\/pages"}],"about":[{"href":"https:\/\/dev.dtf-team.com\/fr\/wp-json\/wp\/v2\/types\/page"}],"author":[{"embeddable":true,"href":"https:\/\/dev.dtf-team.com\/fr\/wp-json\/wp\/v2\/users\/1"}],"replies":[{"embeddable":true,"href":"https:\/\/dev.dtf-team.com\/fr\/wp-json\/wp\/v2\/comments?post=1866"}],"version-history":[{"count":8,"href":"https:\/\/dev.dtf-team.com\/fr\/wp-json\/wp\/v2\/pages\/1866\/revisions"}],"predecessor-version":[{"id":2121,"href":"https:\/\/dev.dtf-team.com\/fr\/wp-json\/wp\/v2\/pages\/1866\/revisions\/2121"}],"wp:attachment":[{"href":"https:\/\/dev.dtf-team.com\/fr\/wp-json\/wp\/v2\/media?parent=1866"}],"curies":[{"name":"wp","href":"https:\/\/api.w.org\/{rel}","templated":true}]}}