{"id":1883,"date":"2023-07-22T00:18:33","date_gmt":"2023-07-21T22:18:33","guid":{"rendered":"https:\/\/dev.dtf-team.com\/kontaktformular\/"},"modified":"2023-10-17T14:39:56","modified_gmt":"2023-10-17T12:39:56","slug":"formulaire-de-contact","status":"publish","type":"page","link":"https:\/\/dev.dtf-team.com\/fr\/formulaire-de-contact\/","title":{"rendered":"Formulaire de contact"},"content":{"rendered":"<h1>Formulaire de contact<\/h1>\n<div>\n<p>Nous sommes heureux que vous ayez trouv\u00e9 le chemin vers nous. Si vous avez des questions ou des pr\u00e9occupations, nous serons heureux de vous aider. Envoyez-nous un message et un expert vous r\u00e9pondra dans les plus brefs d\u00e9lais.<\/p>\n<\/div>\n<div>\n\n<div class=\"wpcf7 no-js\" id=\"wpcf7-f1895-o1\" lang=\"fr-FR\" dir=\"ltr\" data-wpcf7-id=\"1895\">\n<div class=\"screen-reader-response\"><p role=\"status\" aria-live=\"polite\" aria-atomic=\"true\"><\/p> <ul><\/ul><\/div>\n<form action=\"\/fr\/wp-json\/wp\/v2\/pages\/1883#wpcf7-f1895-o1\" method=\"post\" class=\"wpcf7-form init contact-form\" aria-label=\"Formulaire de contact\" novalidate=\"novalidate\" data-status=\"init\">\n<fieldset class=\"hidden-fields-container\"><input type=\"hidden\" name=\"_wpcf7\" value=\"1895\" \/><input type=\"hidden\" name=\"_wpcf7_version\" value=\"6.1.5\" \/><input type=\"hidden\" name=\"_wpcf7_locale\" value=\"fr_FR\" \/><input type=\"hidden\" name=\"_wpcf7_unit_tag\" value=\"wpcf7-f1895-o1\" \/><input type=\"hidden\" name=\"_wpcf7_container_post\" value=\"0\" \/><input type=\"hidden\" name=\"_wpcf7_posted_data_hash\" value=\"\" \/><input type=\"hidden\" name=\"_wpcf7_recaptcha_response\" value=\"\" \/>\n<\/fieldset>\n<div class=\"uk-align-center uk-margin-remove-top uk-margin-remove-bottom\">\n\t<div class=\"uk-child-width-expand@s\" uk-grid>\n\t\t<div class=\"uk-width-1-1@s\">\n\t\t\t<p class=\"uk-h5\">Informations\n\t\t\t<\/p>\n\t\t<\/div>\n\t<\/div>\n\t<div class=\"uk-grid-small uk-child-width-expand@s uk-text-center\" uk-grid>\n\t\t<div class=\"uk-width-1-1@s\">\n\t\t\t<p><span class=\"wpcf7-form-control-wrap\" data-name=\"company\"><input size=\"40\" maxlength=\"400\" class=\"wpcf7-form-control wpcf7-text wpcf7-validates-as-required uk-input\" aria-required=\"true\" aria-invalid=\"false\" placeholder=\"Entreprise*\" value=\"\" type=\"text\" name=\"company\" \/><\/span>\n\t\t\t<\/p>\n\t\t<\/div>\n\t<\/div>\n\t<div class=\"uk-grid-small uk-child-width-expand@s uk-text-center\" uk-grid>\n\t\t<div class=\"uk-width-1-3@s\">\n\t\t\t<p><span class=\"wpcf7-form-control-wrap\" data-name=\"salutation\"><select class=\"wpcf7-form-control wpcf7-select wpcf7-validates-as-required uk-input\" aria-required=\"true\" aria-invalid=\"false\" name=\"salutation\"><option value=\"\">Salutation*<\/option><option value=\"Mme\">Mme<\/option><option value=\"Monsieur\">Monsieur<\/option><\/select><\/span>\n\t\t\t<\/p>\n\t\t<\/div>\n\t\t<div class=\"uk-width-1-3@s\">\n\t\t\t<p><span class=\"wpcf7-form-control-wrap\" data-name=\"firstname\"><input size=\"40\" maxlength=\"400\" class=\"wpcf7-form-control wpcf7-text uk-input\" aria-invalid=\"false\" placeholder=\"Pr\u00e9nom\" value=\"\" type=\"text\" name=\"firstname\" \/><\/span>\n\t\t\t<\/p>\n\t\t<\/div>\n\t\t<div class=\"uk-width-1-3@s\">\n\t\t\t<p><span class=\"wpcf7-form-control-wrap\" data-name=\"lastname\"><input size=\"40\" maxlength=\"400\" class=\"wpcf7-form-control wpcf7-text wpcf7-validates-as-required uk-input\" aria-required=\"true\" aria-invalid=\"false\" placeholder=\"Nom de famille*\" value=\"\" type=\"text\" name=\"lastname\" \/><\/span>\n\t\t\t<\/p>\n\t\t<\/div>\n\t<\/div>\n\t<div class=\"uk-grid-small uk-text-center\" uk-grid>\n\t\t<div class=\"uk-width-1-2@s\">\n\t\t\t<p><span class=\"wpcf7-form-control-wrap\" data-name=\"mail\"><input size=\"40\" maxlength=\"400\" class=\"wpcf7-form-control wpcf7-email wpcf7-validates-as-required wpcf7-text wpcf7-validates-as-email uk-input\" aria-required=\"true\" aria-invalid=\"false\" placeholder=\"E-mail*\" value=\"\" type=\"email\" name=\"mail\" \/><\/span>\n\t\t\t<\/p>\n\t\t<\/div>\n\t\t<div class=\"uk-width-1-2@s\">\n\t\t\t<p><span class=\"wpcf7-form-control-wrap\" data-name=\"phone\"><input size=\"40\" maxlength=\"400\" class=\"wpcf7-form-control wpcf7-text wpcf7-validates-as-required uk-input\" aria-required=\"true\" aria-invalid=\"false\" placeholder=\"T\u00e9l\u00e9phone*\" value=\"\" type=\"text\" name=\"phone\" \/><\/span>\n\t\t\t<\/p>\n\t\t<\/div>\n\t<\/div>\n\t<div class=\"uk-grid-small uk-text-center\" uk-grid>\n\t\t<div class=\"uk-width-1-1@s\">\n\t\t\t<p><span class=\"wpcf7-form-control-wrap\" data-name=\"website\"><input size=\"40\" maxlength=\"400\" class=\"wpcf7-form-control wpcf7-text uk-input\" aria-invalid=\"false\" placeholder=\"Site web de l&#039;entreprise\" value=\"\" type=\"text\" name=\"website\" \/><\/span>\n\t\t\t<\/p>\n\t\t<\/div>\n\t<\/div>\n\t<div class=\"uk-child-width-expand@s margin-top\" uk-grid>\n\t\t<div class=\"uk-width-1-1@s\">\n\t\t\t<p class=\"uk-h5\">Demande\n\t\t\t<\/p>\n\t\t<\/div>\n\t<\/div>\n\t<div class=\"uk-grid-small uk-text-center\" uk-grid>\n\t\t<div class=\"uk-width-1-1@s\">\n\t\t\t<p><span class=\"wpcf7-form-control-wrap\" data-name=\"subject\"><input size=\"40\" maxlength=\"400\" class=\"wpcf7-form-control wpcf7-text wpcf7-validates-as-required uk-input\" aria-required=\"true\" aria-invalid=\"false\" placeholder=\"Sujet*\" value=\"\" type=\"text\" name=\"subject\" \/><\/span>\n\t\t\t<\/p>\n\t\t<\/div>\n\t<\/div>\n\t<div class=\"uk-grid-small uk-text-center\" uk-grid>\n\t\t<div class=\"uk-width-1-1@s\">\n\t\t\t<p><span class=\"wpcf7-form-control-wrap\" data-name=\"message\"><textarea cols=\"40\" rows=\"5\" maxlength=\"2000\" class=\"wpcf7-form-control wpcf7-textarea wpcf7-validates-as-required uk-textarea\" aria-required=\"true\" aria-invalid=\"false\" placeholder=\"Message*\" name=\"message\"><\/textarea><\/span>\n\t\t\t<\/p>\n\t\t<\/div>\n\t<\/div>\n\t<div class=\"uk-grid-small uk-text-center margin-bottom\" uk-grid>\n\t\t<div class=\"uk-width-1-1@s\">\n\t\t\t<p><span class=\"wpcf7-form-control-wrap\" data-name=\"file-upload\"><input size=\"40\" class=\"wpcf7-form-control wpcf7-drag-n-drop-file d-none file-upload\" aria-invalid=\"false\" type=\"file\" multiple=\"multiple\" data-name=\"file-upload\" data-type=\"jpg|jpeg|png|pdf|svg|gif\" data-limit=\"134217728\" data-min=\"0\" data-max=\"5\" data-id=\"1895\" data-version=\"free version 1.3.8.2\" accept=\".jpg, .jpeg, .png, .pdf, .svg, .gif\" \/><\/span>\n\t\t\t<\/p>\n\t\t<\/div>\n\t<\/div>\n\t<div class=\"checkbox\">\n\t\t<p><span class=\"wpcf7-form-control-wrap\" data-name=\"privacy\"><span class=\"wpcf7-form-control wpcf7-acceptance\"><span class=\"wpcf7-list-item\"><input type=\"checkbox\" name=\"privacy\" value=\"1\" class=\"uk-checkbox\" aria-invalid=\"false\" \/><\/span><\/span><\/span>\n\t\t<\/p>\n\t\t<div class=\"checkbox-text\">\n\t\t\t<p><span>Accepter la protection des donn\u00e9es*<\/span><span>J'ai lu et j'accepte la <strong><a href=\"\/fr\/politique-de-confidentialite\/\" target=\"_blank\">d\u00e9claration de confidentialit\u00e9<\/a><\/strong>.<\/span>\n\t\t\t<\/p>\n\t\t<\/div>\n\t<\/div>\n\t<div class=\"uk-margin-remove-bottom\">\n\t\t<div class=\"uk-padding-remove\">\n\t\t\t<p><button type=\"submit\" class=\"wpcf7-form-control wpcf7-submit el-link uk-button-primary uk-button\" aria-expanded=\"false\">Demande sans engagement<\/button>\n\t\t\t<\/p>\n\t\t<\/div>\n\t<\/div>\n<\/div><div class=\"wpcf7-response-output\" aria-hidden=\"true\"><\/div>\n<\/form>\n<\/div>\n<\/div>\n<div>\n<div class=\"graphics-service-banner\">\n<h2 class=\"uk-h4\">Service graphique professionnel<\/h2>\n<p class=\"uk-h5 uk-text-primary\">seulement 25,00 \u20ac par 30 minutes<\/p>\n<p>Notre service de graphisme est con\u00e7u pour que vos souhaits deviennent r\u00e9alit\u00e9. Nous vous aidons \u00e0 concevoir vos motifs, \u00e0 d\u00e9terminer les tailles optimales et \u00e0 placer vos graphiques de mani\u00e8re \u00e0 ce qu&rsquo;ils tirent le meilleur parti de chaque diapositive.<\/p>\n<p>    <a class=\"el-content uk-width-1-1 uk-button uk-button-primary uk-margin-medium uk-margin-remove-bottom\" title=\"Contact experts\" href=\"\/fr\/service-graphique\/\" uk-scroll=\"\">Contact experts<\/a><br \/>\n    <img decoding=\"async\" src=\"\/wp-content\/uploads\/grafikservice_illustration.svg\" \/>\n<\/div>\n<\/div>\n<p><!--more--><br \/>\n<!-- {\"type\":\"layout\",\"children\":[{\"type\":\"section\",\"props\":{\"image_position\":\"center-center\",\"padding\":\"xsmall\",\"padding_remove_bottom\":true,\"style\":\"default\",\"title_breakpoint\":\"xl\",\"title_position\":\"top-left\",\"title_rotation\":\"left\",\"vertical_align\":\"middle\",\"width\":\"default\"},\"children\":[{\"type\":\"row\",\"children\":[{\"type\":\"column\",\"props\":{\"image_position\":\"center-center\",\"position_sticky_breakpoint\":\"m\"},\"children\":[{\"type\":\"breadcrumbs\",\"props\":{\"show_current\":true,\"show_home\":true}}]}]}],\"name\":\"Breadcrumbs\"},{\"type\":\"section\",\"props\":{\"image_position\":\"center-center\",\"padding_remove_bottom\":false,\"padding_remove_top\":false,\"style\":\"default\",\"title_breakpoint\":\"xl\",\"title_position\":\"top-left\",\"title_rotation\":\"left\",\"vertical_align\":\"middle\",\"width\":\"default\"},\"children\":[{\"type\":\"row\",\"children\":[{\"type\":\"column\",\"props\":{\"class\":\"padding-correction-20\",\"image_position\":\"center-center\",\"position_sticky_breakpoint\":\"m\",\"width_medium\":\"3-4\"},\"children\":[{\"type\":\"headline\",\"props\":{\"content\":\"Formulaire de contact\",\"margin\":\"default\",\"margin_remove_bottom\":false,\"title_element\":\"h1\",\"title_style\":\"h2\"}},{\"type\":\"text\",\"props\":{\"column_breakpoint\":\"m\",\"content\":\"\n\n<p>Nous sommes heureux que vous ayez trouv\\u00e9 le chemin vers nous. Si vous avez des questions ou des pr\\u00e9occupations, nous serons heureux de vous aider. Envoyez-nous un message et un expert vous r\\u00e9pondra dans les plus brefs d\\u00e9lais.<\\\/p>\",\"margin\":\"large\",\"margin_remove_top\":true}},{\"type\":\"html\",\"props\":{\"content\":\"[contact-form-7 id=\\\"020c232\\\" html_class=\\\"contact-form\\\" title=\\\"Formulaire de contact\\\"]\"}}]},{\"type\":\"column\",\"props\":{\"class\":\"graphics-service-banner-container\",\"image_position\":\"center-center\",\"position_sticky_breakpoint\":\"m\",\"width_medium\":\"1-4\"},\"children\":[{\"type\":\"html\",\"props\":{\"content\":\"\n\n<div class=\\\"graphics-service-banner\\\">\\n    \n\n<h2 class=\\\"uk-h4\\\">Service graphique professionnel<\\\/h2>\\n    \n\n<p class=\\\"uk-h5 uk-text-primary\\\">seulement 25,00 \\u20ac par 30 minutes<\\\/p>\\n    \n\n<p>Notre service de graphisme est con\\u00e7u pour que vos souhaits deviennent r\\u00e9alit\\u00e9. Nous vous aidons \\u00e0 concevoir vos motifs, \\u00e0 d\\u00e9terminer les tailles optimales et \\u00e0 placer vos graphiques de mani\\u00e8re \\u00e0 ce qu'ils tirent le meilleur parti de chaque diapositive.<\\\/p>\\n    <a class=\\\"el-content uk-width-1-1 uk-button uk-button-primary uk-margin-medium uk-margin-remove-bottom\\\" title=\\\"Contact experts\\\" href=\\\"\\\/fr\\\/service-graphique\\\/\\\" uk-scroll=\\\"\\\">Contact experts<\\\/a>\\n    <img src=\\\"\\\/wp-content\\\/uploads\\\/grafikservice_illustration.svg\\\" \\\/>\\n<\\\/div>\"}}]}],\"props\":{\"column_gap\":\"medium\",\"layout\":\"3-4,1-4\",\"row_gap\":\"large\"}}],\"name\":\"Einleitung & Kontaktformular\"}],\"version\":\"4.0.10\"} --><\/p>\n","protected":false},"excerpt":{"rendered":"<p>Formulaire de contact Nous sommes heureux que vous ayez trouv\u00e9 le chemin vers nous. Si vous avez des questions ou des pr\u00e9occupations, nous serons heureux de vous aider. Envoyez-nous un message et un expert vous r\u00e9pondra dans les plus brefs d\u00e9lais. Service graphique professionnel seulement 25,00 \u20ac par 30 minutes Notre service de graphisme est [&hellip;]<\/p>\n","protected":false},"author":1,"featured_media":0,"parent":0,"menu_order":0,"comment_status":"closed","ping_status":"closed","template":"","meta":{"footnotes":""},"class_list":["post-1883","page","type-page","status-publish","hentry"],"yoast_head":"<!-- This site is optimized with the Yoast SEO Premium plugin v23.3 (Yoast SEO v27.4) - https:\/\/yoast.com\/product\/yoast-seo-premium-wordpress\/ -->\n<title>Contactez-nous pour toute question. Nous sommes l\u00e0 pour vous aider! | DTF-Team.com<\/title>\n<meta name=\"description\" content=\"Bienvenue sur notre site ! Si vous avez des questions, n&#039;h\u00e9sitez pas \u00e0 nous envoyer un message. Nos experts DTF-Team.com sont l\u00e0 pour vous aider dans les plus brefs d\u00e9lais!\" \/>\n<meta name=\"robots\" content=\"noindex, follow, max-snippet:-1, max-image-preview:large, max-video-preview:-1\" \/>\n<meta property=\"og:locale\" content=\"fr_FR\" \/>\n<meta property=\"og:type\" content=\"article\" \/>\n<meta property=\"og:title\" content=\"Formulaire de contact\" \/>\n<meta property=\"og:description\" content=\"Bienvenue sur notre site ! Si vous avez des questions, n&#039;h\u00e9sitez pas \u00e0 nous envoyer un message. Nos experts DTF-Team.com sont l\u00e0 pour vous aider dans les plus brefs d\u00e9lais!\" \/>\n<meta property=\"og:url\" content=\"https:\/\/dev.dtf-team.com\/fr\/formulaire-de-contact\/\" \/>\n<meta property=\"og:site_name\" content=\"DTF Team\" \/>\n<meta property=\"article:publisher\" content=\"https:\/\/www.facebook.com\/dtf.team.europe\/\" \/>\n<meta property=\"article:modified_time\" content=\"2023-10-17T12:39:56+00:00\" \/>\n<meta name=\"twitter:card\" content=\"summary_large_image\" \/>\n<meta name=\"twitter:label1\" content=\"Dur\u00e9e de lecture estim\u00e9e\" \/>\n\t<meta name=\"twitter:data1\" content=\"1 minute\" \/>\n<script type=\"application\/ld+json\" class=\"yoast-schema-graph\">{\"@context\":\"https:\\\/\\\/schema.org\",\"@graph\":[{\"@type\":\"WebPage\",\"@id\":\"https:\\\/\\\/dev.dtf-team.com\\\/fr\\\/formulaire-de-contact\\\/\",\"url\":\"https:\\\/\\\/dev.dtf-team.com\\\/fr\\\/formulaire-de-contact\\\/\",\"name\":\"Contactez-nous pour toute question. Nous sommes l\u00e0 pour vous aider! | DTF-Team.com\",\"isPartOf\":{\"@id\":\"https:\\\/\\\/dev.dtf-team.com\\\/fr\\\/#website\"},\"datePublished\":\"2023-07-21T22:18:33+00:00\",\"dateModified\":\"2023-10-17T12:39:56+00:00\",\"description\":\"Bienvenue sur notre site ! Si vous avez des questions, n'h\u00e9sitez pas \u00e0 nous envoyer un message. Nos experts DTF-Team.com sont l\u00e0 pour vous aider dans les plus brefs d\u00e9lais!\",\"breadcrumb\":{\"@id\":\"https:\\\/\\\/dev.dtf-team.com\\\/fr\\\/formulaire-de-contact\\\/#breadcrumb\"},\"inLanguage\":\"fr-FR\",\"potentialAction\":[{\"@type\":\"ReadAction\",\"target\":[\"https:\\\/\\\/dev.dtf-team.com\\\/fr\\\/formulaire-de-contact\\\/\"]}]},{\"@type\":\"BreadcrumbList\",\"@id\":\"https:\\\/\\\/dev.dtf-team.com\\\/fr\\\/formulaire-de-contact\\\/#breadcrumb\",\"itemListElement\":[{\"@type\":\"ListItem\",\"position\":1,\"name\":\"Startseite\",\"item\":\"https:\\\/\\\/dev.dtf-team.com\\\/fr\\\/\"},{\"@type\":\"ListItem\",\"position\":2,\"name\":\"Formulaire de contact\"}]},{\"@type\":\"WebSite\",\"@id\":\"https:\\\/\\\/dev.dtf-team.com\\\/fr\\\/#website\",\"url\":\"https:\\\/\\\/dev.dtf-team.com\\\/fr\\\/\",\"name\":\"DTF Team\",\"description\":\"\",\"publisher\":{\"@id\":\"https:\\\/\\\/dev.dtf-team.com\\\/fr\\\/#organization\"},\"alternateName\":\"DTFT\",\"potentialAction\":[{\"@type\":\"SearchAction\",\"target\":{\"@type\":\"EntryPoint\",\"urlTemplate\":\"https:\\\/\\\/dev.dtf-team.com\\\/fr\\\/?s={search_term_string}\"},\"query-input\":{\"@type\":\"PropertyValueSpecification\",\"valueRequired\":true,\"valueName\":\"search_term_string\"}}],\"inLanguage\":\"fr-FR\"},{\"@type\":\"Organization\",\"@id\":\"https:\\\/\\\/dev.dtf-team.com\\\/fr\\\/#organization\",\"name\":\"DTF Team\",\"alternateName\":\"DTFT\",\"url\":\"https:\\\/\\\/dev.dtf-team.com\\\/fr\\\/\",\"logo\":{\"@type\":\"ImageObject\",\"inLanguage\":\"fr-FR\",\"@id\":\"https:\\\/\\\/dev.dtf-team.com\\\/fr\\\/#\\\/schema\\\/logo\\\/image\\\/\",\"url\":\"https:\\\/\\\/dev.dtf-team.com\\\/wp-content\\\/uploads\\\/dtf-team_logo-green-darkblue.svg\",\"contentUrl\":\"https:\\\/\\\/dev.dtf-team.com\\\/wp-content\\\/uploads\\\/dtf-team_logo-green-darkblue.svg\",\"width\":1,\"height\":1,\"caption\":\"DTF Team\"},\"image\":{\"@id\":\"https:\\\/\\\/dev.dtf-team.com\\\/fr\\\/#\\\/schema\\\/logo\\\/image\\\/\"},\"sameAs\":[\"https:\\\/\\\/www.facebook.com\\\/dtf.team.europe\\\/\",\"https:\\\/\\\/www.instagram.com\\\/dtf.team.europe\\\/\",\"https:\\\/\\\/www.tiktok.com\\\/@dtf.team.europe\",\"https:\\\/\\\/www.pinterest.de\\\/dtfteam\\\/\"]}]}<\/script>\n<!-- \/ Yoast SEO Premium plugin. -->","yoast_head_json":{"title":"Contactez-nous pour toute question. Nous sommes l\u00e0 pour vous aider! | DTF-Team.com","description":"Bienvenue sur notre site ! Si vous avez des questions, n'h\u00e9sitez pas \u00e0 nous envoyer un message. Nos experts DTF-Team.com sont l\u00e0 pour vous aider dans les plus brefs d\u00e9lais!","robots":{"index":"noindex","follow":"follow","max-snippet":"max-snippet:-1","max-image-preview":"max-image-preview:large","max-video-preview":"max-video-preview:-1"},"og_locale":"fr_FR","og_type":"article","og_title":"Formulaire de contact","og_description":"Bienvenue sur notre site ! Si vous avez des questions, n'h\u00e9sitez pas \u00e0 nous envoyer un message. Nos experts DTF-Team.com sont l\u00e0 pour vous aider dans les plus brefs d\u00e9lais!","og_url":"https:\/\/dev.dtf-team.com\/fr\/formulaire-de-contact\/","og_site_name":"DTF Team","article_publisher":"https:\/\/www.facebook.com\/dtf.team.europe\/","article_modified_time":"2023-10-17T12:39:56+00:00","twitter_card":"summary_large_image","twitter_misc":{"Dur\u00e9e de lecture estim\u00e9e":"1 minute"},"schema":{"@context":"https:\/\/schema.org","@graph":[{"@type":"WebPage","@id":"https:\/\/dev.dtf-team.com\/fr\/formulaire-de-contact\/","url":"https:\/\/dev.dtf-team.com\/fr\/formulaire-de-contact\/","name":"Contactez-nous pour toute question. Nous sommes l\u00e0 pour vous aider! | DTF-Team.com","isPartOf":{"@id":"https:\/\/dev.dtf-team.com\/fr\/#website"},"datePublished":"2023-07-21T22:18:33+00:00","dateModified":"2023-10-17T12:39:56+00:00","description":"Bienvenue sur notre site ! Si vous avez des questions, n'h\u00e9sitez pas \u00e0 nous envoyer un message. Nos experts DTF-Team.com sont l\u00e0 pour vous aider dans les plus brefs d\u00e9lais!","breadcrumb":{"@id":"https:\/\/dev.dtf-team.com\/fr\/formulaire-de-contact\/#breadcrumb"},"inLanguage":"fr-FR","potentialAction":[{"@type":"ReadAction","target":["https:\/\/dev.dtf-team.com\/fr\/formulaire-de-contact\/"]}]},{"@type":"BreadcrumbList","@id":"https:\/\/dev.dtf-team.com\/fr\/formulaire-de-contact\/#breadcrumb","itemListElement":[{"@type":"ListItem","position":1,"name":"Startseite","item":"https:\/\/dev.dtf-team.com\/fr\/"},{"@type":"ListItem","position":2,"name":"Formulaire de contact"}]},{"@type":"WebSite","@id":"https:\/\/dev.dtf-team.com\/fr\/#website","url":"https:\/\/dev.dtf-team.com\/fr\/","name":"DTF Team","description":"","publisher":{"@id":"https:\/\/dev.dtf-team.com\/fr\/#organization"},"alternateName":"DTFT","potentialAction":[{"@type":"SearchAction","target":{"@type":"EntryPoint","urlTemplate":"https:\/\/dev.dtf-team.com\/fr\/?s={search_term_string}"},"query-input":{"@type":"PropertyValueSpecification","valueRequired":true,"valueName":"search_term_string"}}],"inLanguage":"fr-FR"},{"@type":"Organization","@id":"https:\/\/dev.dtf-team.com\/fr\/#organization","name":"DTF Team","alternateName":"DTFT","url":"https:\/\/dev.dtf-team.com\/fr\/","logo":{"@type":"ImageObject","inLanguage":"fr-FR","@id":"https:\/\/dev.dtf-team.com\/fr\/#\/schema\/logo\/image\/","url":"https:\/\/dev.dtf-team.com\/wp-content\/uploads\/dtf-team_logo-green-darkblue.svg","contentUrl":"https:\/\/dev.dtf-team.com\/wp-content\/uploads\/dtf-team_logo-green-darkblue.svg","width":1,"height":1,"caption":"DTF Team"},"image":{"@id":"https:\/\/dev.dtf-team.com\/fr\/#\/schema\/logo\/image\/"},"sameAs":["https:\/\/www.facebook.com\/dtf.team.europe\/","https:\/\/www.instagram.com\/dtf.team.europe\/","https:\/\/www.tiktok.com\/@dtf.team.europe","https:\/\/www.pinterest.de\/dtfteam\/"]}]}},"_links":{"self":[{"href":"https:\/\/dev.dtf-team.com\/fr\/wp-json\/wp\/v2\/pages\/1883","targetHints":{"allow":["GET"]}}],"collection":[{"href":"https:\/\/dev.dtf-team.com\/fr\/wp-json\/wp\/v2\/pages"}],"about":[{"href":"https:\/\/dev.dtf-team.com\/fr\/wp-json\/wp\/v2\/types\/page"}],"author":[{"embeddable":true,"href":"https:\/\/dev.dtf-team.com\/fr\/wp-json\/wp\/v2\/users\/1"}],"replies":[{"embeddable":true,"href":"https:\/\/dev.dtf-team.com\/fr\/wp-json\/wp\/v2\/comments?post=1883"}],"version-history":[{"count":4,"href":"https:\/\/dev.dtf-team.com\/fr\/wp-json\/wp\/v2\/pages\/1883\/revisions"}],"predecessor-version":[{"id":1907,"href":"https:\/\/dev.dtf-team.com\/fr\/wp-json\/wp\/v2\/pages\/1883\/revisions\/1907"}],"wp:attachment":[{"href":"https:\/\/dev.dtf-team.com\/fr\/wp-json\/wp\/v2\/media?parent=1883"}],"curies":[{"name":"wp","href":"https:\/\/api.w.org\/{rel}","templated":true}]}}