{"id":2033,"date":"2023-07-28T15:41:10","date_gmt":"2023-07-28T13:41:10","guid":{"rendered":"https:\/\/dev.dtf-team.com\/impressum\/"},"modified":"2023-11-25T13:33:44","modified_gmt":"2023-11-25T12:33:44","slug":"impression","status":"publish","type":"page","link":"https:\/\/dev.dtf-team.com\/fr\/impression\/","title":{"rendered":"Impression"},"content":{"rendered":"<h1>Mentions l\u00e9gales<\/h1>\n<div>\n<p><strong>texomat OHG<br \/><\/strong>Vladimir Gossen, Michael Tettner<br \/>Westerwinkel 14 <br \/>30926 Seelze<br \/>Allemagne<\/p>\n<p>T\u00e9l\u00e9fon: <a href=\"tel:+4951156967737\">+49 (0) 511 56967737<\/a><br \/>Courrier: <a href=\"mailto:info@dtf-team.com\">info@dtf-team.com<\/a><\/p>\n<p>Registre du commerce: Tribunal local Hannover, HRA 206102<br \/><span>Num\u00e9ro d&rsquo;identification de la taxe de vente: DE815828480<\/span><\/p>\n<\/div>\n<h2>Conception<\/h2>\n<div>\n<p><strong>Tailor Designs<\/strong><br \/><span>Michael Peter Hadler<\/span><br \/>Autriche<\/p>\n<p>Web: <a href=\"https:\/\/tailor-designs.at\/\" target=\"_blank\" rel=\"noopener\">tailor-designs.at<\/a><br \/>Courrier: <a href=\"mailto:kontakt@tailor-designs.at\">kontakt@tailor-designs.at<\/a><br \/>T\u00e9l\u00e9fon: <a href=\"tel:+436603884701\">+43 (0) 660 388 4701<\/a><\/p>\n<\/div>\n<h2>D\u00e9veloppement<\/h2>\n<div>\n<p><strong>WE PERFORM<\/strong><br \/><span>Vladimir Gossen<\/span><br \/><span>Allemagne<\/span><\/p>\n<p>Web: <a href=\"https:\/\/www.we-perform.de\/\" target=\"_blank\" rel=\"noopener\">we-perform.de<\/a><br \/><span>Courrier<\/span>: <a href=\"mailto:info@we-perform.de\">info@we-perform.de<\/a><br \/>T\u00e9l\u00e9fon: <a href=\"tel:+4959719544769\">+49 (0) 5971 9544769<\/a><\/p>\n<\/div>\n<h3>Responsabilit\u00e9 du contenu<\/h3>\n<div>\n<p>En tant que prestataire de services, nous sommes responsables de notre propre contenu sur ces pages conform\u00e9ment \u00e0 la l\u00e9gislation g\u00e9n\u00e9rale en vertu de l&rsquo;article 7, paragraphe 1, de la loi allemande sur les t\u00e9l\u00e9m\u00e9dias (TMG). Conform\u00e9ment aux articles 8 \u00e0 10 de la TMG, nous ne sommes toutefois pas tenus, en tant que prestataire de services, de surveiller les informations transmises ou stock\u00e9es par des tiers, ni d&rsquo;enqu\u00eater sur des circonstances indiquant une activit\u00e9 ill\u00e9gale.<\/p>\n<p>Les obligations de supprimer ou de bloquer l&rsquo;utilisation d&rsquo;informations en vertu des lois g\u00e9n\u00e9rales restent inchang\u00e9es. Toutefois, la responsabilit\u00e9 \u00e0 cet \u00e9gard n&rsquo;est possible qu&rsquo;\u00e0 partir du moment o\u00f9 une infraction concr\u00e8te \u00e0 la loi est connue. Si nous avons connaissance d&rsquo;une telle infraction, nous supprimerons imm\u00e9diatement ce contenu.<\/p>\n<\/div>\n<h3>Liability for links<\/h3>\n<div>\n<p>Notre offre contient des liens vers des sites web externes de tiers, sur le contenu desquels nous n&rsquo;avons aucune influence. Par cons\u00e9quent, nous ne pouvons assumer aucune responsabilit\u00e9 pour ces contenus externes. Le fournisseur ou l&rsquo;exploitant des pages est toujours responsable du contenu des pages li\u00e9es. Les pages li\u00e9es ont \u00e9t\u00e9 contr\u00f4l\u00e9es au moment de la cr\u00e9ation des liens pour v\u00e9rifier qu&rsquo;elles ne pr\u00e9sentent pas d&rsquo;\u00e9ventuelles violations de la loi. Les contenus ill\u00e9gaux n&rsquo;\u00e9taient pas identifiables au moment de la cr\u00e9ation des liens.<\/p>\n<p>Toutefois, un contr\u00f4le permanent du contenu des pages li\u00e9es n&rsquo;est pas raisonnable en l&rsquo;absence de preuves concr\u00e8tes d&rsquo;une violation de la loi. Si nous avons connaissance d&rsquo;infractions, nous supprimerons imm\u00e9diatement ces liens.<\/p>\n<\/div>\n<h3>Droit d&rsquo;auteur<\/h3>\n<div>\n<p>Le contenu et les \u0153uvres cr\u00e9\u00e9s par les op\u00e9rateurs du site sur ces pages sont soumis \u00e0 la loi allemande sur les droits d&rsquo;auteur. La reproduction, le traitement, la distribution ou toute forme de commercialisation de ce mat\u00e9riel au-del\u00e0 du champ d&rsquo;application de la loi sur les droits d&rsquo;auteur n\u00e9cessitent l&rsquo;accord \u00e9crit pr\u00e9alable de l&rsquo;auteur ou du cr\u00e9ateur respectif. Les t\u00e9l\u00e9chargements et les copies de ce site ne sont autoris\u00e9s que pour un usage priv\u00e9 et non commercial.<\/p>\n<p>Dans la mesure o\u00f9 le contenu de ce site n&rsquo;a pas \u00e9t\u00e9 cr\u00e9\u00e9 par l&rsquo;op\u00e9rateur, les droits d&rsquo;auteur de tiers sont respect\u00e9s. Les contenus de tiers sont notamment identifi\u00e9s comme tels. Si vous avez n\u00e9anmoins connaissance d&rsquo;une violation des droits d&rsquo;auteur, veuillez nous en informer. Si nous avons connaissance d&rsquo;une infraction, nous supprimerons imm\u00e9diatement le contenu en question.<\/p>\n<\/div>\n<p><!--more--><br \/>\n<!-- {\"type\":\"layout\",\"children\":[{\"type\":\"section\",\"props\":{\"image_position\":\"center-center\",\"padding\":\"xsmall\",\"padding_remove_bottom\":true,\"style\":\"default\",\"title_breakpoint\":\"xl\",\"title_position\":\"top-left\",\"title_rotation\":\"left\",\"vertical_align\":\"middle\",\"width\":\"default\"},\"children\":[{\"type\":\"row\",\"children\":[{\"type\":\"column\",\"props\":{\"image_position\":\"center-center\",\"position_sticky_breakpoint\":\"m\"},\"children\":[{\"type\":\"breadcrumbs\",\"props\":{\"show_current\":true,\"show_home\":true}}]}]}],\"name\":\"Breadcrumbs\"},{\"type\":\"section\",\"props\":{\"image_position\":\"center-center\",\"padding_remove_bottom\":true,\"padding_remove_top\":false,\"style\":\"default\",\"title_breakpoint\":\"xl\",\"title_position\":\"top-left\",\"title_rotation\":\"left\",\"vertical_align\":\"middle\",\"width\":\"default\"},\"children\":[{\"type\":\"row\",\"children\":[{\"type\":\"column\",\"props\":{\"image_position\":\"center-center\",\"position_sticky_breakpoint\":\"m\"},\"children\":[{\"type\":\"headline\",\"props\":{\"content\":\"Mentions l\\u00e9gales\",\"title_element\":\"h1\",\"title_style\":\"h3\"}},{\"type\":\"text\",\"props\":{\"column_breakpoint\":\"m\",\"content\":\"\n\n<p><strong>texomat OHG<br \\\/><\\\/strong>Vladimir Gossen, Michael Tettner<br \\\/>Westerwinkel 14 <br \\\/>30926 Seelze<br \\\/>Allemagne<br \\\/><br \\\/>T\\u00e9l\\u00e9fon: <a href=\\\"tel:+4951156967737\\\">+49 (0) 511 56967737<\\\/a><br \\\/>Courrier: <a href=\\\"mailto:info@dtf-team.com\\\">info@dtf-team.com<\\\/a><br \\\/><br \\\/>Registre du commerce: Tribunal local Hannover, HRA 206102<br \\\/><span>Num\\u00e9ro d'identification de la taxe de vente: DE815828480<\\\/span><\\\/p>\",\"margin\":\"default\"}}]}]},{\"type\":\"row\",\"props\":{\"column_gap\":\"large\",\"layout\":\"1-2,1-2\",\"row_gap\":\"large\"},\"children\":[{\"type\":\"column\",\"props\":{\"image_position\":\"center-center\",\"position_sticky_breakpoint\":\"m\",\"width_small\":\"1-2\"},\"children\":[{\"type\":\"headline\",\"props\":{\"content\":\"Conception\",\"title_element\":\"h2\",\"title_style\":\"h3\"}},{\"type\":\"text\",\"props\":{\"column_breakpoint\":\"m\",\"content\":\"\n\n<p><strong>Tailor Designs<\\\/strong><br \\\/><span>Michael Peter Hadler<\\\/span><br \\\/>Autriche<\\\/p>\\n\n\n<p>Web: <a href=\\\"https:\\\/\\\/tailor-designs.at\\\/\\\" target=\\\"_blank\\\" rel=\\\"noopener\\\">tailor-designs.at<\\\/a><br \\\/>Courrier: <a href=\\\"mailto:kontakt@tailor-designs.at\\\">kontakt@tailor-designs.at<\\\/a><br \\\/>T\\u00e9l\\u00e9fon: <a href=\\\"tel:+436603884701\\\">+43 (0) 660 388 4701<\\\/a><\\\/p>\",\"margin\":\"default\"}}]},{\"type\":\"column\",\"props\":{\"image_position\":\"center-center\",\"position_sticky_breakpoint\":\"m\",\"width_small\":\"1-2\"},\"children\":[{\"type\":\"headline\",\"props\":{\"content\":\"D\\u00e9veloppement\",\"title_element\":\"h2\",\"title_style\":\"h3\"}},{\"type\":\"text\",\"props\":{\"column_breakpoint\":\"m\",\"content\":\"\n\n<p><strong>WE PERFORM<\\\/strong><br \\\/><span>Vladimir Gossen<\\\/span><br \\\/><span>Allemagne<\\\/span><\\\/p>\\n\n\n<p>Web: <a href=\\\"https:\\\/\\\/www.we-perform.de\\\/\\\" target=\\\"_blank\\\" rel=\\\"noopener\\\">we-perform.de<\\\/a><br \\\/><span>Courrier<\\\/span>: <a href=\\\"mailto:info@we-perform.de\\\">info@we-perform.de<\\\/a><br \\\/>T\\u00e9l\\u00e9fon: <a href=\\\"tel:+4959719544769\\\">+49 (0) 5971 9544769<\\\/a><\\\/p>\",\"margin\":\"default\"}}]}]}]},{\"type\":\"section\",\"props\":{\"image_position\":\"center-center\",\"padding_remove_bottom\":false,\"padding_remove_top\":false,\"style\":\"default\",\"title_breakpoint\":\"xl\",\"title_position\":\"top-left\",\"title_rotation\":\"left\",\"vertical_align\":\"middle\",\"width\":\"default\"},\"children\":[{\"type\":\"row\",\"children\":[{\"type\":\"column\",\"props\":{\"image_position\":\"center-center\",\"position_sticky_breakpoint\":\"m\"},\"children\":[{\"type\":\"headline\",\"props\":{\"content\":\"Responsabilit\\u00e9 du contenu\",\"margin\":\"large\",\"margin_remove_bottom\":true,\"title_element\":\"h3\"},\"name\":\"Haftung f\\u00fcr Inhalte\"},{\"type\":\"text\",\"props\":{\"column_breakpoint\":\"m\",\"content\":\"\n\n<p>En tant que prestataire de services, nous sommes responsables de notre propre contenu sur ces pages conform\\u00e9ment \\u00e0 la l\\u00e9gislation g\\u00e9n\\u00e9rale en vertu de l'article 7, paragraphe 1, de la loi allemande sur les t\\u00e9l\\u00e9m\\u00e9dias (TMG). Conform\\u00e9ment aux articles 8 \\u00e0 10 de la TMG, nous ne sommes toutefois pas tenus, en tant que prestataire de services, de surveiller les informations transmises ou stock\\u00e9es par des tiers, ni d'enqu\\u00eater sur des circonstances indiquant une activit\\u00e9 ill\\u00e9gale.<\\\/p>\\n\n\n<p>Les obligations de supprimer ou de bloquer l'utilisation d'informations en vertu des lois g\\u00e9n\\u00e9rales restent inchang\\u00e9es. Toutefois, la responsabilit\\u00e9 \\u00e0 cet \\u00e9gard n'est possible qu'\\u00e0 partir du moment o\\u00f9 une infraction concr\\u00e8te \\u00e0 la loi est connue. Si nous avons connaissance d'une telle infraction, nous supprimerons imm\\u00e9diatement ce contenu.<\\\/p>\",\"margin\":\"default\"}},{\"type\":\"headline\",\"props\":{\"content\":\"Liability for links\",\"margin\":\"large\",\"margin_remove_bottom\":true,\"title_element\":\"h3\"},\"name\":\"Haftung f\\u00fcr Links\"},{\"type\":\"text\",\"props\":{\"column_breakpoint\":\"m\",\"content\":\"\n\n<p>Notre offre contient des liens vers des sites web externes de tiers, sur le contenu desquels nous n'avons aucune influence. Par cons\\u00e9quent, nous ne pouvons assumer aucune responsabilit\\u00e9 pour ces contenus externes. Le fournisseur ou l'exploitant des pages est toujours responsable du contenu des pages li\\u00e9es. Les pages li\\u00e9es ont \\u00e9t\\u00e9 contr\\u00f4l\\u00e9es au moment de la cr\\u00e9ation des liens pour v\\u00e9rifier qu'elles ne pr\\u00e9sentent pas d'\\u00e9ventuelles violations de la loi. Les contenus ill\\u00e9gaux n'\\u00e9taient pas identifiables au moment de la cr\\u00e9ation des liens.<\\\/p>\\n\n\n<p>Toutefois, un contr\\u00f4le permanent du contenu des pages li\\u00e9es n'est pas raisonnable en l'absence de preuves concr\\u00e8tes d'une violation de la loi. Si nous avons connaissance d'infractions, nous supprimerons imm\\u00e9diatement ces liens.<\\\/p>\",\"margin\":\"default\"}},{\"type\":\"headline\",\"props\":{\"content\":\"Droit d'auteur\",\"margin\":\"large\",\"margin_remove_bottom\":true,\"margin_remove_top\":false,\"title_element\":\"h3\"},\"name\":\"Urheberrecht\"},{\"type\":\"text\",\"props\":{\"column_breakpoint\":\"m\",\"content\":\"\n\n<p>Le contenu et les \\u0153uvres cr\\u00e9\\u00e9s par les op\\u00e9rateurs du site sur ces pages sont soumis \\u00e0 la loi allemande sur les droits d'auteur. La reproduction, le traitement, la distribution ou toute forme de commercialisation de ce mat\\u00e9riel au-del\\u00e0 du champ d'application de la loi sur les droits d'auteur n\\u00e9cessitent l'accord \\u00e9crit pr\\u00e9alable de l'auteur ou du cr\\u00e9ateur respectif. Les t\\u00e9l\\u00e9chargements et les copies de ce site ne sont autoris\\u00e9s que pour un usage priv\\u00e9 et non commercial.<\\\/p>\\n\n\n<p>Dans la mesure o\\u00f9 le contenu de ce site n'a pas \\u00e9t\\u00e9 cr\\u00e9\\u00e9 par l'op\\u00e9rateur, les droits d'auteur de tiers sont respect\\u00e9s. Les contenus de tiers sont notamment identifi\\u00e9s comme tels. Si vous avez n\\u00e9anmoins connaissance d'une violation des droits d'auteur, veuillez nous en informer. Si nous avons connaissance d'une infraction, nous supprimerons imm\\u00e9diatement le contenu en question.<\\\/p>\",\"margin\":\"default\"}}]}]}]}],\"version\":\"4.0.10\"} --><\/p>\n","protected":false},"excerpt":{"rendered":"<p>Mentions l\u00e9gales texomat OHGVladimir Gossen, Michael TettnerWesterwinkel 14 30926 SeelzeAllemagne T\u00e9l\u00e9fon: +49 (0) 511 56967737Courrier: info@dtf-team.com Registre du commerce: Tribunal local Hannover, HRA 206102Num\u00e9ro d&rsquo;identification de la taxe de vente: DE815828480 Conception Tailor DesignsMichael Peter HadlerAutriche Web: tailor-designs.atCourrier: kontakt@tailor-designs.atT\u00e9l\u00e9fon: +43 (0) 660 388 4701 D\u00e9veloppement WE PERFORMVladimir GossenAllemagne Web: we-perform.deCourrier: info@we-perform.deT\u00e9l\u00e9fon: +49 (0) 5971 9544769 [&hellip;]<\/p>\n","protected":false},"author":1,"featured_media":0,"parent":0,"menu_order":0,"comment_status":"closed","ping_status":"closed","template":"","meta":{"footnotes":""},"class_list":["post-2033","page","type-page","status-publish","hentry"],"yoast_head":"<!-- This site is optimized with the Yoast SEO Premium plugin v23.3 (Yoast SEO v27.4) - https:\/\/yoast.com\/product\/yoast-seo-premium-wordpress\/ -->\n<title>Impression - DTF Team<\/title>\n<meta name=\"robots\" content=\"noindex, nofollow\" \/>\n<meta property=\"og:locale\" content=\"fr_FR\" \/>\n<meta property=\"og:type\" content=\"article\" \/>\n<meta property=\"og:title\" content=\"Impression\" \/>\n<meta property=\"og:description\" content=\"Mentions l\u00e9gales texomat OHGVladimir Gossen, Michael TettnerWesterwinkel 14 30926 SeelzeAllemagne T\u00e9l\u00e9fon: +49 (0) 511 56967737Courrier: info@dtf-team.com Registre du commerce: Tribunal local Hannover, HRA 206102Num\u00e9ro d&rsquo;identification de la taxe de vente: DE815828480 Conception Tailor DesignsMichael Peter HadlerAutriche Web: tailor-designs.atCourrier: kontakt@tailor-designs.atT\u00e9l\u00e9fon: +43 (0) 660 388 4701 D\u00e9veloppement WE PERFORMVladimir GossenAllemagne Web: we-perform.deCourrier: info@we-perform.deT\u00e9l\u00e9fon: +49 (0) 5971 9544769 [&hellip;]\" \/>\n<meta property=\"og:url\" content=\"https:\/\/dev.dtf-team.com\/fr\/impression\/\" \/>\n<meta property=\"og:site_name\" content=\"DTF Team\" \/>\n<meta property=\"article:publisher\" content=\"https:\/\/www.facebook.com\/dtf.team.europe\/\" \/>\n<meta property=\"article:modified_time\" content=\"2023-11-25T12:33:44+00:00\" \/>\n<meta name=\"twitter:card\" content=\"summary_large_image\" \/>\n<meta name=\"twitter:label1\" content=\"Dur\u00e9e de lecture estim\u00e9e\" \/>\n\t<meta name=\"twitter:data1\" content=\"3 minutes\" \/>\n<script type=\"application\/ld+json\" class=\"yoast-schema-graph\">{\"@context\":\"https:\\\/\\\/schema.org\",\"@graph\":[{\"@type\":\"WebPage\",\"@id\":\"https:\\\/\\\/dev.dtf-team.com\\\/fr\\\/impression\\\/\",\"url\":\"https:\\\/\\\/dev.dtf-team.com\\\/fr\\\/impression\\\/\",\"name\":\"Impression - DTF Team\",\"isPartOf\":{\"@id\":\"https:\\\/\\\/dev.dtf-team.com\\\/fr\\\/#website\"},\"datePublished\":\"2023-07-28T13:41:10+00:00\",\"dateModified\":\"2023-11-25T12:33:44+00:00\",\"breadcrumb\":{\"@id\":\"https:\\\/\\\/dev.dtf-team.com\\\/fr\\\/impression\\\/#breadcrumb\"},\"inLanguage\":\"fr-FR\",\"potentialAction\":[{\"@type\":\"ReadAction\",\"target\":[\"https:\\\/\\\/dev.dtf-team.com\\\/fr\\\/impression\\\/\"]}]},{\"@type\":\"BreadcrumbList\",\"@id\":\"https:\\\/\\\/dev.dtf-team.com\\\/fr\\\/impression\\\/#breadcrumb\",\"itemListElement\":[{\"@type\":\"ListItem\",\"position\":1,\"name\":\"Startseite\",\"item\":\"https:\\\/\\\/dev.dtf-team.com\\\/fr\\\/\"},{\"@type\":\"ListItem\",\"position\":2,\"name\":\"Impression\"}]},{\"@type\":\"WebSite\",\"@id\":\"https:\\\/\\\/dev.dtf-team.com\\\/fr\\\/#website\",\"url\":\"https:\\\/\\\/dev.dtf-team.com\\\/fr\\\/\",\"name\":\"DTF Team\",\"description\":\"\",\"publisher\":{\"@id\":\"https:\\\/\\\/dev.dtf-team.com\\\/fr\\\/#organization\"},\"alternateName\":\"DTFT\",\"potentialAction\":[{\"@type\":\"SearchAction\",\"target\":{\"@type\":\"EntryPoint\",\"urlTemplate\":\"https:\\\/\\\/dev.dtf-team.com\\\/fr\\\/?s={search_term_string}\"},\"query-input\":{\"@type\":\"PropertyValueSpecification\",\"valueRequired\":true,\"valueName\":\"search_term_string\"}}],\"inLanguage\":\"fr-FR\"},{\"@type\":\"Organization\",\"@id\":\"https:\\\/\\\/dev.dtf-team.com\\\/fr\\\/#organization\",\"name\":\"DTF Team\",\"alternateName\":\"DTFT\",\"url\":\"https:\\\/\\\/dev.dtf-team.com\\\/fr\\\/\",\"logo\":{\"@type\":\"ImageObject\",\"inLanguage\":\"fr-FR\",\"@id\":\"https:\\\/\\\/dev.dtf-team.com\\\/fr\\\/#\\\/schema\\\/logo\\\/image\\\/\",\"url\":\"https:\\\/\\\/dev.dtf-team.com\\\/wp-content\\\/uploads\\\/dtf-team_logo-green-darkblue.svg\",\"contentUrl\":\"https:\\\/\\\/dev.dtf-team.com\\\/wp-content\\\/uploads\\\/dtf-team_logo-green-darkblue.svg\",\"width\":1,\"height\":1,\"caption\":\"DTF Team\"},\"image\":{\"@id\":\"https:\\\/\\\/dev.dtf-team.com\\\/fr\\\/#\\\/schema\\\/logo\\\/image\\\/\"},\"sameAs\":[\"https:\\\/\\\/www.facebook.com\\\/dtf.team.europe\\\/\",\"https:\\\/\\\/www.instagram.com\\\/dtf.team.europe\\\/\",\"https:\\\/\\\/www.tiktok.com\\\/@dtf.team.europe\",\"https:\\\/\\\/www.pinterest.de\\\/dtfteam\\\/\"]}]}<\/script>\n<!-- \/ Yoast SEO Premium plugin. -->","yoast_head_json":{"title":"Impression - DTF Team","robots":{"index":"noindex","follow":"nofollow"},"og_locale":"fr_FR","og_type":"article","og_title":"Impression","og_description":"Mentions l\u00e9gales texomat OHGVladimir Gossen, Michael TettnerWesterwinkel 14 30926 SeelzeAllemagne T\u00e9l\u00e9fon: +49 (0) 511 56967737Courrier: info@dtf-team.com Registre du commerce: Tribunal local Hannover, HRA 206102Num\u00e9ro d&rsquo;identification de la taxe de vente: DE815828480 Conception Tailor DesignsMichael Peter HadlerAutriche Web: tailor-designs.atCourrier: kontakt@tailor-designs.atT\u00e9l\u00e9fon: +43 (0) 660 388 4701 D\u00e9veloppement WE PERFORMVladimir GossenAllemagne Web: we-perform.deCourrier: info@we-perform.deT\u00e9l\u00e9fon: +49 (0) 5971 9544769 [&hellip;]","og_url":"https:\/\/dev.dtf-team.com\/fr\/impression\/","og_site_name":"DTF Team","article_publisher":"https:\/\/www.facebook.com\/dtf.team.europe\/","article_modified_time":"2023-11-25T12:33:44+00:00","twitter_card":"summary_large_image","twitter_misc":{"Dur\u00e9e de lecture estim\u00e9e":"3 minutes"},"schema":{"@context":"https:\/\/schema.org","@graph":[{"@type":"WebPage","@id":"https:\/\/dev.dtf-team.com\/fr\/impression\/","url":"https:\/\/dev.dtf-team.com\/fr\/impression\/","name":"Impression - DTF Team","isPartOf":{"@id":"https:\/\/dev.dtf-team.com\/fr\/#website"},"datePublished":"2023-07-28T13:41:10+00:00","dateModified":"2023-11-25T12:33:44+00:00","breadcrumb":{"@id":"https:\/\/dev.dtf-team.com\/fr\/impression\/#breadcrumb"},"inLanguage":"fr-FR","potentialAction":[{"@type":"ReadAction","target":["https:\/\/dev.dtf-team.com\/fr\/impression\/"]}]},{"@type":"BreadcrumbList","@id":"https:\/\/dev.dtf-team.com\/fr\/impression\/#breadcrumb","itemListElement":[{"@type":"ListItem","position":1,"name":"Startseite","item":"https:\/\/dev.dtf-team.com\/fr\/"},{"@type":"ListItem","position":2,"name":"Impression"}]},{"@type":"WebSite","@id":"https:\/\/dev.dtf-team.com\/fr\/#website","url":"https:\/\/dev.dtf-team.com\/fr\/","name":"DTF Team","description":"","publisher":{"@id":"https:\/\/dev.dtf-team.com\/fr\/#organization"},"alternateName":"DTFT","potentialAction":[{"@type":"SearchAction","target":{"@type":"EntryPoint","urlTemplate":"https:\/\/dev.dtf-team.com\/fr\/?s={search_term_string}"},"query-input":{"@type":"PropertyValueSpecification","valueRequired":true,"valueName":"search_term_string"}}],"inLanguage":"fr-FR"},{"@type":"Organization","@id":"https:\/\/dev.dtf-team.com\/fr\/#organization","name":"DTF Team","alternateName":"DTFT","url":"https:\/\/dev.dtf-team.com\/fr\/","logo":{"@type":"ImageObject","inLanguage":"fr-FR","@id":"https:\/\/dev.dtf-team.com\/fr\/#\/schema\/logo\/image\/","url":"https:\/\/dev.dtf-team.com\/wp-content\/uploads\/dtf-team_logo-green-darkblue.svg","contentUrl":"https:\/\/dev.dtf-team.com\/wp-content\/uploads\/dtf-team_logo-green-darkblue.svg","width":1,"height":1,"caption":"DTF Team"},"image":{"@id":"https:\/\/dev.dtf-team.com\/fr\/#\/schema\/logo\/image\/"},"sameAs":["https:\/\/www.facebook.com\/dtf.team.europe\/","https:\/\/www.instagram.com\/dtf.team.europe\/","https:\/\/www.tiktok.com\/@dtf.team.europe","https:\/\/www.pinterest.de\/dtfteam\/"]}]}},"_links":{"self":[{"href":"https:\/\/dev.dtf-team.com\/fr\/wp-json\/wp\/v2\/pages\/2033","targetHints":{"allow":["GET"]}}],"collection":[{"href":"https:\/\/dev.dtf-team.com\/fr\/wp-json\/wp\/v2\/pages"}],"about":[{"href":"https:\/\/dev.dtf-team.com\/fr\/wp-json\/wp\/v2\/types\/page"}],"author":[{"embeddable":true,"href":"https:\/\/dev.dtf-team.com\/fr\/wp-json\/wp\/v2\/users\/1"}],"replies":[{"embeddable":true,"href":"https:\/\/dev.dtf-team.com\/fr\/wp-json\/wp\/v2\/comments?post=2033"}],"version-history":[{"count":8,"href":"https:\/\/dev.dtf-team.com\/fr\/wp-json\/wp\/v2\/pages\/2033\/revisions"}],"predecessor-version":[{"id":3015,"href":"https:\/\/dev.dtf-team.com\/fr\/wp-json\/wp\/v2\/pages\/2033\/revisions\/3015"}],"wp:attachment":[{"href":"https:\/\/dev.dtf-team.com\/fr\/wp-json\/wp\/v2\/media?parent=2033"}],"curies":[{"name":"wp","href":"https:\/\/api.w.org\/{rel}","templated":true}]}}