{"id":2067,"date":"2023-07-28T15:40:16","date_gmt":"2023-07-28T13:40:16","guid":{"rendered":"https:\/\/dev.dtf-team.com\/versand\/"},"modified":"2024-09-03T08:40:11","modified_gmt":"2024-09-03T06:40:11","slug":"expedition","status":"publish","type":"page","link":"https:\/\/dev.dtf-team.com\/fr\/expedition\/","title":{"rendered":"Exp\u00e9dition"},"content":{"rendered":"<h1>Exp\u00e9dition<\/h1>\n<div>\n<p>Vous trouverez ici une liste de nos prestataires de services d&rsquo;exp\u00e9dition. La livraison des marchandises a lieu dans le monde entier, les frais d&rsquo;exp\u00e9dition \u00e9tant major\u00e9s de la TVA l\u00e9gale de 19 %. Veuillez noter que notre <strong>service express<\/strong> ne permet la livraison que <strong>du lundi au vendredi<\/strong>. Si vous avez des questions ou si vous souhaitez obtenir de plus amples informations, n&rsquo;h\u00e9sitez pas \u00e0 nous contacter.<\/p>\n<\/div>\n<p>\n    <a href=\"\/fr\/formulaire-de-contact\/\">Vers le formulaire de contact<\/a>\n<\/p>\n<h2>DHL<\/h2>\n<h2>DHL Express<\/h2>\n<h2>UPS<\/h2>\n<h2>UPS Express<\/h2>\n<div>\n<h4>Frais d&rsquo;exp\u00e9dition en Allemagne<\/h4>\n<table class=\"shipping-table\">\n<tr>\n<th>Fournisseur<\/th>\n<th>Frais d&rsquo;exp\u00e9dition<\/th>\n<\/tr>\n<tr>\n<td>DHL<\/td>\n<td>6,95 \u20ac<\/td>\n<\/tr>\n<tr>\n<td>DHL Express<\/td>\n<td>17,95 \u20ac<\/td>\n<\/tr>\n<tr>\n<td>UPS<\/td>\n<td>6,95 \u20ac<\/td>\n<\/tr>\n<tr>\n<td>UPS Express<\/td>\n<td>17,95 \u20ac<\/td>\n<\/tr>\n<\/table>\n<p><span class=\"shipping-table-notice\">*Tous les prix sont major\u00e9s de la taxe l\u00e9gale sur la valeur ajout\u00e9e de 19 % et des frais d&rsquo;exp\u00e9dition<\/span>\n<\/div>\n<div>\n<h4>Frais d&rsquo;exp\u00e9dition en Europe<\/h4>\n<table class=\"shipping-table\">\n<tr>\n<th>Fournisseur<\/th>\n<th>Frais d&rsquo;exp\u00e9dition<\/th>\n<\/tr>\n<tr>\n<td>DHL<\/td>\n<td>15,95 \u20ac<\/td>\n<\/tr>\n<tr>\n<td>DHL Express<\/td>\n<td>49,95 \u20ac<\/td>\n<\/tr>\n<tr>\n<td>UPS<\/td>\n<td>15,95 \u20ac<\/td>\n<\/tr>\n<tr>\n<td>UPS Express<\/td>\n<td>49,95 \u20ac<\/td>\n<\/tr>\n<\/table>\n<p><span class=\"shipping-table-notice\">*Tous les prix sont major\u00e9s de la taxe l\u00e9gale sur la valeur ajout\u00e9e de 19 % et des frais d&rsquo;exp\u00e9dition<\/span>\n<\/div>\n<h3>D\u00e9lais de livraison<\/h3>\n<div>\n<p>Sauf si nous avons sp\u00e9cifi\u00e9 un d\u00e9lai diff\u00e9rent dans notre offre, la livraison des marchandises sur le march\u00e9 int\u00e9rieur (Allemagne) se fait g\u00e9n\u00e9ralement dans les 3 \u00e0 5 jours. Pour les livraisons \u00e0 l&rsquo;\u00e9tranger, le d\u00e9lai de livraison habituel est de 5 \u00e0 7 jours apr\u00e8s la conclusion du contrat. Ceci est particuli\u00e8rement vrai si vous avez choisi de payer \u00e0 l&rsquo;avance, \u00e0 partir du moment o\u00f9 vous avez donn\u00e9 vos instructions de paiement.<\/p>\n<p>Veuillez noter qu&rsquo;il n&rsquo;y a pas de livraison le dimanche et les jours f\u00e9ri\u00e9s. Si vous avez command\u00e9 des articles avec des d\u00e9lais de livraison diff\u00e9rents, nous vous enverrons les marchandises en un seul envoi, sauf si nous avons pris d&rsquo;autres dispositions avec vous. Dans ce cas, le d\u00e9lai de livraison sera bas\u00e9 sur l&rsquo;article que vous avez command\u00e9 et dont le d\u00e9lai de livraison est le plus long.<\/p>\n<\/div>\n<p><!--more--><br \/>\n<!-- {\"type\":\"layout\",\"children\":[{\"type\":\"section\",\"props\":{\"image_position\":\"center-center\",\"padding\":\"xsmall\",\"padding_remove_bottom\":true,\"style\":\"default\",\"title_breakpoint\":\"xl\",\"title_position\":\"top-left\",\"title_rotation\":\"left\",\"vertical_align\":\"middle\",\"width\":\"default\"},\"children\":[{\"type\":\"row\",\"children\":[{\"type\":\"column\",\"props\":{\"image_position\":\"center-center\",\"position_sticky_breakpoint\":\"m\"},\"children\":[{\"type\":\"breadcrumbs\",\"props\":{\"show_current\":true,\"show_home\":true}}]}]}],\"name\":\"Breadcrumbs\"},{\"type\":\"section\",\"props\":{\"image_position\":\"center-center\",\"padding_remove_bottom\":true,\"padding_remove_top\":false,\"style\":\"default\",\"title_breakpoint\":\"xl\",\"title_position\":\"top-left\",\"title_rotation\":\"left\",\"vertical_align\":\"middle\",\"width\":\"small\"},\"children\":[{\"type\":\"row\",\"children\":[{\"type\":\"column\",\"props\":{\"image_position\":\"center-center\",\"position_sticky_breakpoint\":\"m\"},\"children\":[{\"type\":\"headline\",\"props\":{\"content\":\"Exp\\u00e9dition\",\"margin\":\"large\",\"margin_remove_bottom\":true,\"title_element\":\"h1\",\"title_style\":\"h2\"}},{\"type\":\"text\",\"props\":{\"column_breakpoint\":\"m\",\"content\":\"\n\n<p>Vous trouverez ici une liste de nos prestataires de services d'exp\\u00e9dition. La livraison des marchandises a lieu dans le monde entier, les frais d'exp\\u00e9dition \\u00e9tant major\\u00e9s de la TVA l\\u00e9gale de 19 %. Veuillez noter que notre <strong>service express<\\\/strong> ne permet la livraison que <strong>du lundi au vendredi<\\\/strong>. Si vous avez des questions ou si vous souhaitez obtenir de plus amples informations, n'h\\u00e9sitez pas \\u00e0 nous contacter.<\\\/p>\",\"margin\":\"default\"}},{\"type\":\"button\",\"props\":{\"grid_column_gap\":\"small\",\"grid_row_gap\":\"small\",\"margin\":\"default\"},\"children\":[{\"type\":\"button_item\",\"props\":{\"button_style\":\"primary\",\"content\":\"Vers le formulaire de contact\",\"icon_align\":\"left\",\"link\":\"\\\/fr\\\/formulaire-de-contact\\\/\",\"link_target\":\"blank\",\"link_title\":\"Vers le formulaire de contact\"}}]}]}]}],\"name\":\"Einleitung\"},{\"type\":\"section\",\"props\":{\"class\":\"shipping-provider\",\"image_position\":\"center-center\",\"style\":\"default\",\"title_breakpoint\":\"xl\",\"title_position\":\"top-left\",\"title_rotation\":\"left\",\"vertical_align\":\"middle\",\"width\":\"small\"},\"children\":[{\"type\":\"row\",\"children\":[{\"type\":\"column\",\"props\":{\"image_position\":\"center-center\",\"position_sticky_breakpoint\":\"m\"},\"children\":[{\"type\":\"headline\",\"props\":{\"class\":\"dhl\",\"content\":\"DHL\",\"margin\":\"medium\",\"margin_remove_bottom\":true,\"title_element\":\"h2\",\"title_style\":\"h4\"}}]}],\"props\":{\"column_gap\":\"small\",\"row_gap\":\"small\"}},{\"type\":\"row\",\"children\":[{\"type\":\"column\",\"props\":{\"image_position\":\"center-center\",\"position_sticky_breakpoint\":\"m\"},\"children\":[{\"type\":\"headline\",\"props\":{\"class\":\"dhl-express\",\"content\":\"DHL Express\",\"margin\":\"medium\",\"margin_remove_bottom\":true,\"title_element\":\"h2\",\"title_style\":\"h4\"}}]}],\"props\":{\"column_gap\":\"small\",\"row_gap\":\"small\"}},{\"type\":\"row\",\"children\":[{\"type\":\"column\",\"props\":{\"image_position\":\"center-center\",\"position_sticky_breakpoint\":\"m\"},\"children\":[{\"type\":\"headline\",\"props\":{\"class\":\"ups\",\"content\":\"UPS\",\"margin\":\"medium\",\"margin_remove_bottom\":true,\"title_element\":\"h2\",\"title_style\":\"h4\"}}]}],\"props\":{\"column_gap\":\"small\",\"row_gap\":\"small\"}},{\"type\":\"row\",\"children\":[{\"type\":\"column\",\"props\":{\"image_position\":\"center-center\",\"position_sticky_breakpoint\":\"m\"},\"children\":[{\"type\":\"headline\",\"props\":{\"class\":\"ups-express\",\"content\":\"UPS Express\",\"margin\":\"medium\",\"margin_remove_bottom\":true,\"title_element\":\"h2\",\"title_style\":\"h4\"}}]}],\"props\":{\"column_gap\":\"small\",\"row_gap\":\"small\"}}],\"name\":\"Versanddienstleister\"},{\"type\":\"section\",\"props\":{\"image_position\":\"center-center\",\"padding_remove_top\":true,\"style\":\"default\",\"title_breakpoint\":\"xl\",\"title_position\":\"top-left\",\"title_rotation\":\"left\",\"vertical_align\":\"middle\",\"width\":\"small\"},\"children\":[{\"type\":\"row\",\"children\":[{\"type\":\"column\",\"props\":{\"image_position\":\"center-center\",\"position_sticky_breakpoint\":\"m\"},\"children\":[{\"type\":\"html\",\"props\":{\"content\":\"\n\n<h4>Frais d'exp\\u00e9dition en Allemagne<\\\/h4>\\n\n\n<table class=\\\"shipping-table\\\">\\n  \n\n<tr>\\n    \n\n<th>Fournisseur<\\\/th>\\n    \n\n<th>Frais d'exp\\u00e9dition<\\\/th>\\n  <\\\/tr>\\n  \n\n<tr>\\n    \n\n<td>DHL<\\\/td>\\n    \n\n<td>6,95 \\u20ac<\\\/td>\\n  <\\\/tr>\\n  \n\n<tr>\\n    \n\n<td>DHL Express<\\\/td>\\n    \n\n<td>17,95 \\u20ac<\\\/td>\\n  <\\\/tr>\\n  \n\n<tr>\\n    \n\n<td>UPS<\\\/td>\\n    \n\n<td>6,95 \\u20ac<\\\/td>\\n  <\\\/tr>\\n  \n\n<tr>\\n    \n\n<td>UPS Express<\\\/td>\\n    \n\n<td>17,95 \\u20ac<\\\/td>\\n  <\\\/tr>\\n<\\\/table>\\n<span class=\\\"shipping-table-notice\\\">*Tous les prix sont major\\u00e9s de la taxe l\\u00e9gale sur la valeur ajout\\u00e9e de 19 % et des frais d'exp\\u00e9dition<\\\/span>\"}}]}]}],\"name\":\"Versandpreise\"},{\"type\":\"section\",\"props\":{\"image_position\":\"center-center\",\"padding_remove_top\":true,\"style\":\"default\",\"title_breakpoint\":\"xl\",\"title_position\":\"top-left\",\"title_rotation\":\"left\",\"vertical_align\":\"middle\",\"width\":\"small\"},\"children\":[{\"type\":\"row\",\"children\":[{\"type\":\"column\",\"props\":{\"image_position\":\"center-center\",\"position_sticky_breakpoint\":\"m\"},\"children\":[{\"type\":\"html\",\"props\":{\"content\":\"\n\n<h4>Frais d'exp\\u00e9dition en Europe<\\\/h4>\\n\n\n<table class=\\\"shipping-table\\\">\\n  \n\n<tr>\\n    \n\n<th>Fournisseur<\\\/th>\\n    \n\n<th>Frais d'exp\\u00e9dition<\\\/th>\\n  <\\\/tr>\\n  \n\n<tr>\\n    \n\n<td>DHL<\\\/td>\\n    \n\n<td>15,95 \\u20ac<\\\/td>\\n  <\\\/tr>\\n  \n\n<tr>\\n    \n\n<td>DHL Express<\\\/td>\\n    \n\n<td>49,95 \\u20ac<\\\/td>\\n  <\\\/tr>\\n  \n\n<tr>\\n    \n\n<td>UPS<\\\/td>\\n    \n\n<td>15,95 \\u20ac<\\\/td>\\n  <\\\/tr>\\n  \n\n<tr>\\n    \n\n<td>UPS Express<\\\/td>\\n    \n\n<td>49,95 \\u20ac<\\\/td>\\n  <\\\/tr>\\n<\\\/table>\\n<span class=\\\"shipping-table-notice\\\">*Tous les prix sont major\\u00e9s de la taxe l\\u00e9gale sur la valeur ajout\\u00e9e de 19 % et des frais d'exp\\u00e9dition<\\\/span>\"}}]}]}],\"name\":\"Versandpreise\"},{\"type\":\"section\",\"props\":{\"class\":\"conclusion\",\"image_position\":\"center-center\",\"padding_remove_bottom\":false,\"padding_remove_top\":true,\"style\":\"default\",\"title_breakpoint\":\"xl\",\"title_position\":\"top-left\",\"title_rotation\":\"left\",\"vertical_align\":\"middle\",\"width\":\"small\"},\"children\":[{\"type\":\"row\",\"children\":[{\"type\":\"column\",\"props\":{\"image_position\":\"center-center\",\"position_sticky_breakpoint\":\"m\"},\"children\":[{\"type\":\"headline\",\"props\":{\"content\":\"D\\u00e9lais de livraison\",\"margin\":\"large\",\"margin_remove_bottom\":true,\"title_color\":\"primary\",\"title_element\":\"h3\"}},{\"type\":\"text\",\"props\":{\"column_breakpoint\":\"m\",\"content\":\"\n\n<p>Sauf si nous avons sp\\u00e9cifi\\u00e9 un d\\u00e9lai diff\\u00e9rent dans notre offre, la livraison des marchandises sur le march\\u00e9 int\\u00e9rieur (Allemagne) se fait g\\u00e9n\\u00e9ralement dans les 3 \\u00e0 5 jours. Pour les livraisons \\u00e0 l'\\u00e9tranger, le d\\u00e9lai de livraison habituel est de 5 \\u00e0 7 jours apr\\u00e8s la conclusion du contrat. Ceci est particuli\\u00e8rement vrai si vous avez choisi de payer \\u00e0 l'avance, \\u00e0 partir du moment o\\u00f9 vous avez donn\\u00e9 vos instructions de paiement.<\\\/p>\\n\n\n<p>Veuillez noter qu'il n'y a pas de livraison le dimanche et les jours f\\u00e9ri\\u00e9s. Si vous avez command\\u00e9 des articles avec des d\\u00e9lais de livraison diff\\u00e9rents, nous vous enverrons les marchandises en un seul envoi, sauf si nous avons pris d'autres dispositions avec vous. Dans ce cas, le d\\u00e9lai de livraison sera bas\\u00e9 sur l'article que vous avez command\\u00e9 et dont le d\\u00e9lai de livraison est le plus long.<\\\/p>\",\"margin\":\"default\",\"text_color\":\"muted\"}}]}],\"props\":{\"width\":\"default\"}}],\"name\":\"Hinweise\"}],\"version\":\"4.0.10\"} --><\/p>\n","protected":false},"excerpt":{"rendered":"<p>Exp\u00e9dition Vous trouverez ici une liste de nos prestataires de services d&rsquo;exp\u00e9dition. La livraison des marchandises a lieu dans le monde entier, les frais d&rsquo;exp\u00e9dition \u00e9tant major\u00e9s de la TVA l\u00e9gale de 19 %. Veuillez noter que notre service express ne permet la livraison que du lundi au vendredi. Si vous avez des questions ou [&hellip;]<\/p>\n","protected":false},"author":1,"featured_media":0,"parent":0,"menu_order":0,"comment_status":"closed","ping_status":"closed","template":"","meta":{"footnotes":""},"class_list":["post-2067","page","type-page","status-publish","hentry"],"yoast_head":"<!-- This site is optimized with the Yoast SEO Premium plugin v23.3 (Yoast SEO v27.4) - https:\/\/yoast.com\/product\/yoast-seo-premium-wordpress\/ -->\n<title>Exp\u00e9dition - DTF Team<\/title>\n<meta name=\"robots\" content=\"noindex, nofollow\" \/>\n<meta property=\"og:locale\" content=\"fr_FR\" \/>\n<meta property=\"og:type\" content=\"article\" \/>\n<meta property=\"og:title\" content=\"Exp\u00e9dition\" \/>\n<meta property=\"og:description\" content=\"Exp\u00e9dition Vous trouverez ici une liste de nos prestataires de services d&rsquo;exp\u00e9dition. La livraison des marchandises a lieu dans le monde entier, les frais d&rsquo;exp\u00e9dition \u00e9tant major\u00e9s de la TVA l\u00e9gale de 19 %. Veuillez noter que notre service express ne permet la livraison que du lundi au vendredi. Si vous avez des questions ou [&hellip;]\" \/>\n<meta property=\"og:url\" content=\"https:\/\/dev.dtf-team.com\/fr\/expedition\/\" \/>\n<meta property=\"og:site_name\" content=\"DTF Team\" \/>\n<meta property=\"article:publisher\" content=\"https:\/\/www.facebook.com\/dtf.team.europe\/\" \/>\n<meta property=\"article:modified_time\" content=\"2024-09-03T06:40:11+00:00\" \/>\n<meta name=\"twitter:card\" content=\"summary_large_image\" \/>\n<meta name=\"twitter:label1\" content=\"Dur\u00e9e de lecture estim\u00e9e\" \/>\n\t<meta name=\"twitter:data1\" content=\"2 minutes\" \/>\n<script type=\"application\/ld+json\" class=\"yoast-schema-graph\">{\"@context\":\"https:\\\/\\\/schema.org\",\"@graph\":[{\"@type\":\"WebPage\",\"@id\":\"https:\\\/\\\/dev.dtf-team.com\\\/fr\\\/expedition\\\/\",\"url\":\"https:\\\/\\\/dev.dtf-team.com\\\/fr\\\/expedition\\\/\",\"name\":\"Exp\u00e9dition - DTF Team\",\"isPartOf\":{\"@id\":\"https:\\\/\\\/dev.dtf-team.com\\\/fr\\\/#website\"},\"datePublished\":\"2023-07-28T13:40:16+00:00\",\"dateModified\":\"2024-09-03T06:40:11+00:00\",\"breadcrumb\":{\"@id\":\"https:\\\/\\\/dev.dtf-team.com\\\/fr\\\/expedition\\\/#breadcrumb\"},\"inLanguage\":\"fr-FR\",\"potentialAction\":[{\"@type\":\"ReadAction\",\"target\":[\"https:\\\/\\\/dev.dtf-team.com\\\/fr\\\/expedition\\\/\"]}]},{\"@type\":\"BreadcrumbList\",\"@id\":\"https:\\\/\\\/dev.dtf-team.com\\\/fr\\\/expedition\\\/#breadcrumb\",\"itemListElement\":[{\"@type\":\"ListItem\",\"position\":1,\"name\":\"Startseite\",\"item\":\"https:\\\/\\\/dev.dtf-team.com\\\/fr\\\/\"},{\"@type\":\"ListItem\",\"position\":2,\"name\":\"Exp\u00e9dition\"}]},{\"@type\":\"WebSite\",\"@id\":\"https:\\\/\\\/dev.dtf-team.com\\\/fr\\\/#website\",\"url\":\"https:\\\/\\\/dev.dtf-team.com\\\/fr\\\/\",\"name\":\"DTF Team\",\"description\":\"\",\"publisher\":{\"@id\":\"https:\\\/\\\/dev.dtf-team.com\\\/fr\\\/#organization\"},\"alternateName\":\"DTFT\",\"potentialAction\":[{\"@type\":\"SearchAction\",\"target\":{\"@type\":\"EntryPoint\",\"urlTemplate\":\"https:\\\/\\\/dev.dtf-team.com\\\/fr\\\/?s={search_term_string}\"},\"query-input\":{\"@type\":\"PropertyValueSpecification\",\"valueRequired\":true,\"valueName\":\"search_term_string\"}}],\"inLanguage\":\"fr-FR\"},{\"@type\":\"Organization\",\"@id\":\"https:\\\/\\\/dev.dtf-team.com\\\/fr\\\/#organization\",\"name\":\"DTF Team\",\"alternateName\":\"DTFT\",\"url\":\"https:\\\/\\\/dev.dtf-team.com\\\/fr\\\/\",\"logo\":{\"@type\":\"ImageObject\",\"inLanguage\":\"fr-FR\",\"@id\":\"https:\\\/\\\/dev.dtf-team.com\\\/fr\\\/#\\\/schema\\\/logo\\\/image\\\/\",\"url\":\"https:\\\/\\\/dev.dtf-team.com\\\/wp-content\\\/uploads\\\/dtf-team_logo-green-darkblue.svg\",\"contentUrl\":\"https:\\\/\\\/dev.dtf-team.com\\\/wp-content\\\/uploads\\\/dtf-team_logo-green-darkblue.svg\",\"width\":1,\"height\":1,\"caption\":\"DTF Team\"},\"image\":{\"@id\":\"https:\\\/\\\/dev.dtf-team.com\\\/fr\\\/#\\\/schema\\\/logo\\\/image\\\/\"},\"sameAs\":[\"https:\\\/\\\/www.facebook.com\\\/dtf.team.europe\\\/\",\"https:\\\/\\\/www.instagram.com\\\/dtf.team.europe\\\/\",\"https:\\\/\\\/www.tiktok.com\\\/@dtf.team.europe\",\"https:\\\/\\\/www.pinterest.de\\\/dtfteam\\\/\"]}]}<\/script>\n<!-- \/ Yoast SEO Premium plugin. -->","yoast_head_json":{"title":"Exp\u00e9dition - DTF Team","robots":{"index":"noindex","follow":"nofollow"},"og_locale":"fr_FR","og_type":"article","og_title":"Exp\u00e9dition","og_description":"Exp\u00e9dition Vous trouverez ici une liste de nos prestataires de services d&rsquo;exp\u00e9dition. La livraison des marchandises a lieu dans le monde entier, les frais d&rsquo;exp\u00e9dition \u00e9tant major\u00e9s de la TVA l\u00e9gale de 19 %. Veuillez noter que notre service express ne permet la livraison que du lundi au vendredi. Si vous avez des questions ou [&hellip;]","og_url":"https:\/\/dev.dtf-team.com\/fr\/expedition\/","og_site_name":"DTF Team","article_publisher":"https:\/\/www.facebook.com\/dtf.team.europe\/","article_modified_time":"2024-09-03T06:40:11+00:00","twitter_card":"summary_large_image","twitter_misc":{"Dur\u00e9e de lecture estim\u00e9e":"2 minutes"},"schema":{"@context":"https:\/\/schema.org","@graph":[{"@type":"WebPage","@id":"https:\/\/dev.dtf-team.com\/fr\/expedition\/","url":"https:\/\/dev.dtf-team.com\/fr\/expedition\/","name":"Exp\u00e9dition - DTF Team","isPartOf":{"@id":"https:\/\/dev.dtf-team.com\/fr\/#website"},"datePublished":"2023-07-28T13:40:16+00:00","dateModified":"2024-09-03T06:40:11+00:00","breadcrumb":{"@id":"https:\/\/dev.dtf-team.com\/fr\/expedition\/#breadcrumb"},"inLanguage":"fr-FR","potentialAction":[{"@type":"ReadAction","target":["https:\/\/dev.dtf-team.com\/fr\/expedition\/"]}]},{"@type":"BreadcrumbList","@id":"https:\/\/dev.dtf-team.com\/fr\/expedition\/#breadcrumb","itemListElement":[{"@type":"ListItem","position":1,"name":"Startseite","item":"https:\/\/dev.dtf-team.com\/fr\/"},{"@type":"ListItem","position":2,"name":"Exp\u00e9dition"}]},{"@type":"WebSite","@id":"https:\/\/dev.dtf-team.com\/fr\/#website","url":"https:\/\/dev.dtf-team.com\/fr\/","name":"DTF Team","description":"","publisher":{"@id":"https:\/\/dev.dtf-team.com\/fr\/#organization"},"alternateName":"DTFT","potentialAction":[{"@type":"SearchAction","target":{"@type":"EntryPoint","urlTemplate":"https:\/\/dev.dtf-team.com\/fr\/?s={search_term_string}"},"query-input":{"@type":"PropertyValueSpecification","valueRequired":true,"valueName":"search_term_string"}}],"inLanguage":"fr-FR"},{"@type":"Organization","@id":"https:\/\/dev.dtf-team.com\/fr\/#organization","name":"DTF Team","alternateName":"DTFT","url":"https:\/\/dev.dtf-team.com\/fr\/","logo":{"@type":"ImageObject","inLanguage":"fr-FR","@id":"https:\/\/dev.dtf-team.com\/fr\/#\/schema\/logo\/image\/","url":"https:\/\/dev.dtf-team.com\/wp-content\/uploads\/dtf-team_logo-green-darkblue.svg","contentUrl":"https:\/\/dev.dtf-team.com\/wp-content\/uploads\/dtf-team_logo-green-darkblue.svg","width":1,"height":1,"caption":"DTF Team"},"image":{"@id":"https:\/\/dev.dtf-team.com\/fr\/#\/schema\/logo\/image\/"},"sameAs":["https:\/\/www.facebook.com\/dtf.team.europe\/","https:\/\/www.instagram.com\/dtf.team.europe\/","https:\/\/www.tiktok.com\/@dtf.team.europe","https:\/\/www.pinterest.de\/dtfteam\/"]}]}},"_links":{"self":[{"href":"https:\/\/dev.dtf-team.com\/fr\/wp-json\/wp\/v2\/pages\/2067","targetHints":{"allow":["GET"]}}],"collection":[{"href":"https:\/\/dev.dtf-team.com\/fr\/wp-json\/wp\/v2\/pages"}],"about":[{"href":"https:\/\/dev.dtf-team.com\/fr\/wp-json\/wp\/v2\/types\/page"}],"author":[{"embeddable":true,"href":"https:\/\/dev.dtf-team.com\/fr\/wp-json\/wp\/v2\/users\/1"}],"replies":[{"embeddable":true,"href":"https:\/\/dev.dtf-team.com\/fr\/wp-json\/wp\/v2\/comments?post=2067"}],"version-history":[{"count":7,"href":"https:\/\/dev.dtf-team.com\/fr\/wp-json\/wp\/v2\/pages\/2067\/revisions"}],"predecessor-version":[{"id":3225,"href":"https:\/\/dev.dtf-team.com\/fr\/wp-json\/wp\/v2\/pages\/2067\/revisions\/3225"}],"wp:attachment":[{"href":"https:\/\/dev.dtf-team.com\/fr\/wp-json\/wp\/v2\/media?parent=2067"}],"curies":[{"name":"wp","href":"https:\/\/api.w.org\/{rel}","templated":true}]}}