{"id":1914,"date":"2023-07-19T17:00:43","date_gmt":"2023-07-19T15:00:43","guid":{"rendered":"https:\/\/dev.dtf-team.com\/produkt\/dtf-transfer-meterware\/"},"modified":"2023-11-25T13:40:03","modified_gmt":"2023-11-25T12:40:03","slug":"dtf-transfert-tissu-au-metre","status":"publish","type":"product","link":"https:\/\/dev.dtf-team.com\/fr\/produit\/dtf-transfert-tissu-au-metre\/","title":{"rendered":"DTF Transfert Tissu au m\u00e8tre 560 x 1000 mm"},"content":{"rendered":"<p><span style=\"font-weight: 400;\">Nous imprimons pour vous des transferts DTF (vous savez, ceux qui s&rsquo;arrachent \u00e0 chaud) et nous ne facturons que ce que vous utilisez. Nous vous proposons un processus de commande tr\u00e8s innovant, car chez nous, vous ne fixez que la largeur du PDF et notre price AI calcule le prix en fonction de la longueur. Dans la fen\u00eatre de pr\u00e9visualisation, vous pouvez choisir combien de fois une page doit \u00eatre imprim\u00e9e.<\/span><\/p>\n<p><span style=\"font-weight: 400;\">Nous utilisons un Hot Peel Film chaud, ce qui simplifie votre travail apr\u00e8s avoir press\u00e9 les films sur les textiles. Nos encres et adh\u00e9sifs sont test\u00e9s et certifi\u00e9s par MSDS.<\/span><\/p>\n<div class=\"blockout-notice\">\n<p>Veillez \u00e0 ne t\u00e9l\u00e9charger que des <b class=\"uk-text-primary\">PDF au format portrait<\/b>.<\/p>\n<\/div>\n","protected":false},"excerpt":{"rendered":"<ul>\n<li style=\"font-weight: 400;\" aria-level=\"1\"><span style=\"font-weight: 400;\">Format de fichier PDF<\/span><\/li>\n<li style=\"font-weight: 400;\" aria-level=\"1\"><span style=\"font-weight: 400;\">Production jusqu&rsquo;\u00e0 560 x 1000 mm<\/span><\/li>\n<li style=\"font-weight: 400;\" aria-level=\"1\"><span style=\"font-weight: 400;\">Le prix est calcul\u00e9 au millim\u00e8tre pr\u00e8s<\/span><\/li>\n<li style=\"font-weight: 400;\" aria-level=\"1\"><span style=\"font-weight: 400;\">Hot Peel Film<\/span><\/li>\n<li style=\"font-weight: 400;\" aria-level=\"1\"><span style=\"font-weight: 400;\">Sous-impression blanche<\/span><\/li>\n<li style=\"font-weight: 400;\" aria-level=\"1\"><span style=\"font-weight: 400;\">Impression num\u00e9rique haute r\u00e9solution<\/span><\/li>\n<li style=\"font-weight: 400;\" aria-level=\"1\"><span style=\"font-weight: 400;\">Cr\u00e9ez des graphiques non macul\u00e9s<\/span><\/li>\n<li style=\"font-weight: 400;\" aria-level=\"1\"><span style=\"font-weight: 400;\">Les fonds blancs sont \u00e9galement imprim\u00e9s<\/span><\/li>\n<li style=\"font-weight: 400;\" aria-level=\"1\"><span style=\"font-weight: 400;\">Nombre de pi\u00e8ces par page s\u00e9lectionnable<\/span><\/li>\n<li style=\"font-weight: 400;\" aria-level=\"1\"><span style=\"font-weight: 400;\">Possibilit\u00e9 de choisir entre le format standard et le format bloc par page<\/span><\/li>\n<li style=\"font-weight: 400;\" aria-level=\"1\"><span style=\"font-weight: 400;\">Encres et adh\u00e9sifs test\u00e9s et certifi\u00e9s MSDS<\/span><\/li>\n<li style=\"font-weight: 400;\" aria-level=\"1\"><span style=\"font-weight: 400;\">Imprimer les mod\u00e8les aux formats .pdf, .ai et .eps<\/span><\/li>\n<\/ul>\n","protected":false},"featured_media":926,"template":"","meta":[],"product_brand":[],"product_cat":[125],"product_tag":[],"class_list":{"0":"post-1914","1":"product","2":"type-product","3":"status-publish","4":"has-post-thumbnail","6":"product_cat-dtf-transfert","8":"first","9":"instock","10":"taxable","11":"shipping-taxable","12":"purchasable","13":"product-type-simple"},"yoast_head":"<!-- This site is optimized with the Yoast SEO Premium plugin v23.3 (Yoast SEO v27.4) - https:\/\/yoast.com\/product\/yoast-seo-premium-wordpress\/ -->\n<title>DTF Transfert 56cm de large | Impressions de qualit\u00e9 sup\u00e9rieure | Processus de commande innovant<\/title>\n<meta name=\"description\" content=\"Ne paie que ce que tu consommes. Longueur exacte, qualit\u00e9 sup\u00e9rieure et nombre d&#039;impressions au choix par face. Laisse-toi convaincre par notre produit DTF Transfert Tissu au m\u00e8tre 560 x 1000 mm!\" \/>\n<meta name=\"robots\" content=\"noindex, follow, max-snippet:-1, max-image-preview:large, max-video-preview:-1\" \/>\n<meta property=\"og:locale\" content=\"fr_FR\" \/>\n<meta property=\"og:type\" content=\"article\" \/>\n<meta property=\"og:title\" content=\"DTF Transfert Tissu au m\u00e8tre 560 x 1000 mm\" \/>\n<meta property=\"og:description\" content=\"Ne paie que ce que tu consommes. Longueur exacte, qualit\u00e9 sup\u00e9rieure et nombre d&#039;impressions au choix par face. Laisse-toi convaincre par notre produit DTF Transfert Tissu au m\u00e8tre 560 x 1000 mm!\" \/>\n<meta property=\"og:url\" content=\"https:\/\/dev.dtf-team.com\/fr\/produit\/dtf-transfert-tissu-au-metre\/\" \/>\n<meta property=\"og:site_name\" content=\"DTF Team\" \/>\n<meta property=\"article:publisher\" content=\"https:\/\/www.facebook.com\/dtf.team.europe\/\" \/>\n<meta property=\"article:modified_time\" content=\"2023-11-25T12:40:03+00:00\" \/>\n<meta property=\"og:image\" content=\"https:\/\/dev.dtf-team.com\/wp-content\/uploads\/dtf-transfer_meterware_fr-1.png\" \/>\n\t<meta property=\"og:image:width\" content=\"1000\" \/>\n\t<meta property=\"og:image:height\" content=\"1000\" \/>\n\t<meta property=\"og:image:type\" content=\"image\/png\" \/>\n<meta name=\"twitter:card\" content=\"summary_large_image\" \/>\n<meta name=\"twitter:label1\" content=\"Dur\u00e9e de lecture estim\u00e9e\" \/>\n\t<meta name=\"twitter:data1\" content=\"1 minute\" \/>\n<script type=\"application\/ld+json\" class=\"yoast-schema-graph\">{\"@context\":\"https:\\\/\\\/schema.org\",\"@graph\":[{\"@type\":\"WebPage\",\"@id\":\"https:\\\/\\\/dev.dtf-team.com\\\/fr\\\/produit\\\/dtf-transfert-tissu-au-metre\\\/\",\"url\":\"https:\\\/\\\/dev.dtf-team.com\\\/fr\\\/produit\\\/dtf-transfert-tissu-au-metre\\\/\",\"name\":\"DTF Transfert 56cm de large | Impressions de qualit\u00e9 sup\u00e9rieure | Processus de commande innovant\",\"isPartOf\":{\"@id\":\"https:\\\/\\\/dev.dtf-team.com\\\/fr\\\/#website\"},\"primaryImageOfPage\":{\"@id\":\"https:\\\/\\\/dev.dtf-team.com\\\/fr\\\/produit\\\/dtf-transfert-tissu-au-metre\\\/#primaryimage\"},\"image\":{\"@id\":\"https:\\\/\\\/dev.dtf-team.com\\\/fr\\\/produit\\\/dtf-transfert-tissu-au-metre\\\/#primaryimage\"},\"thumbnailUrl\":\"https:\\\/\\\/dev.dtf-team.com\\\/wp-content\\\/uploads\\\/dtf-transfer_meterware_fr-1.png\",\"datePublished\":\"2023-07-19T15:00:43+00:00\",\"dateModified\":\"2023-11-25T12:40:03+00:00\",\"description\":\"Ne paie que ce que tu consommes. Longueur exacte, qualit\u00e9 sup\u00e9rieure et nombre d'impressions au choix par face. Laisse-toi convaincre par notre produit DTF Transfert Tissu au m\u00e8tre 560 x 1000 mm!\",\"breadcrumb\":{\"@id\":\"https:\\\/\\\/dev.dtf-team.com\\\/fr\\\/produit\\\/dtf-transfert-tissu-au-metre\\\/#breadcrumb\"},\"inLanguage\":\"fr-FR\",\"potentialAction\":[{\"@type\":\"ReadAction\",\"target\":[\"https:\\\/\\\/dev.dtf-team.com\\\/fr\\\/produit\\\/dtf-transfert-tissu-au-metre\\\/\"]}]},{\"@type\":\"ImageObject\",\"inLanguage\":\"fr-FR\",\"@id\":\"https:\\\/\\\/dev.dtf-team.com\\\/fr\\\/produit\\\/dtf-transfert-tissu-au-metre\\\/#primaryimage\",\"url\":\"https:\\\/\\\/dev.dtf-team.com\\\/wp-content\\\/uploads\\\/dtf-transfer_meterware_fr-1.png\",\"contentUrl\":\"https:\\\/\\\/dev.dtf-team.com\\\/wp-content\\\/uploads\\\/dtf-transfer_meterware_fr-1.png\",\"width\":1000,\"height\":1000},{\"@type\":\"BreadcrumbList\",\"@id\":\"https:\\\/\\\/dev.dtf-team.com\\\/fr\\\/produit\\\/dtf-transfert-tissu-au-metre\\\/#breadcrumb\",\"itemListElement\":[{\"@type\":\"ListItem\",\"position\":1,\"name\":\"Startseite\",\"item\":\"https:\\\/\\\/dev.dtf-team.com\\\/fr\\\/\"},{\"@type\":\"ListItem\",\"position\":2,\"name\":\"Alle Produkte\",\"item\":\"https:\\\/\\\/dev.dtf-team.com\\\/alle-produkte\\\/\"},{\"@type\":\"ListItem\",\"position\":3,\"name\":\"DTF Transfert Tissu au m\u00e8tre 560 x 1000 mm\"}]},{\"@type\":\"WebSite\",\"@id\":\"https:\\\/\\\/dev.dtf-team.com\\\/fr\\\/#website\",\"url\":\"https:\\\/\\\/dev.dtf-team.com\\\/fr\\\/\",\"name\":\"DTF Team\",\"description\":\"\",\"publisher\":{\"@id\":\"https:\\\/\\\/dev.dtf-team.com\\\/fr\\\/#organization\"},\"alternateName\":\"DTFT\",\"potentialAction\":[{\"@type\":\"SearchAction\",\"target\":{\"@type\":\"EntryPoint\",\"urlTemplate\":\"https:\\\/\\\/dev.dtf-team.com\\\/fr\\\/?s={search_term_string}\"},\"query-input\":{\"@type\":\"PropertyValueSpecification\",\"valueRequired\":true,\"valueName\":\"search_term_string\"}}],\"inLanguage\":\"fr-FR\"},{\"@type\":\"Organization\",\"@id\":\"https:\\\/\\\/dev.dtf-team.com\\\/fr\\\/#organization\",\"name\":\"DTF Team\",\"alternateName\":\"DTFT\",\"url\":\"https:\\\/\\\/dev.dtf-team.com\\\/fr\\\/\",\"logo\":{\"@type\":\"ImageObject\",\"inLanguage\":\"fr-FR\",\"@id\":\"https:\\\/\\\/dev.dtf-team.com\\\/fr\\\/#\\\/schema\\\/logo\\\/image\\\/\",\"url\":\"https:\\\/\\\/dev.dtf-team.com\\\/wp-content\\\/uploads\\\/dtf-team_logo-green-darkblue.svg\",\"contentUrl\":\"https:\\\/\\\/dev.dtf-team.com\\\/wp-content\\\/uploads\\\/dtf-team_logo-green-darkblue.svg\",\"width\":1,\"height\":1,\"caption\":\"DTF Team\"},\"image\":{\"@id\":\"https:\\\/\\\/dev.dtf-team.com\\\/fr\\\/#\\\/schema\\\/logo\\\/image\\\/\"},\"sameAs\":[\"https:\\\/\\\/www.facebook.com\\\/dtf.team.europe\\\/\",\"https:\\\/\\\/www.instagram.com\\\/dtf.team.europe\\\/\",\"https:\\\/\\\/www.tiktok.com\\\/@dtf.team.europe\",\"https:\\\/\\\/www.pinterest.de\\\/dtfteam\\\/\"]}]}<\/script>\n<!-- \/ Yoast SEO Premium plugin. -->","yoast_head_json":{"title":"DTF Transfert 56cm de large | Impressions de qualit\u00e9 sup\u00e9rieure | Processus de commande innovant","description":"Ne paie que ce que tu consommes. Longueur exacte, qualit\u00e9 sup\u00e9rieure et nombre d'impressions au choix par face. Laisse-toi convaincre par notre produit DTF Transfert Tissu au m\u00e8tre 560 x 1000 mm!","robots":{"index":"noindex","follow":"follow","max-snippet":"max-snippet:-1","max-image-preview":"max-image-preview:large","max-video-preview":"max-video-preview:-1"},"og_locale":"fr_FR","og_type":"article","og_title":"DTF Transfert Tissu au m\u00e8tre 560 x 1000 mm","og_description":"Ne paie que ce que tu consommes. Longueur exacte, qualit\u00e9 sup\u00e9rieure et nombre d'impressions au choix par face. Laisse-toi convaincre par notre produit DTF Transfert Tissu au m\u00e8tre 560 x 1000 mm!","og_url":"https:\/\/dev.dtf-team.com\/fr\/produit\/dtf-transfert-tissu-au-metre\/","og_site_name":"DTF Team","article_publisher":"https:\/\/www.facebook.com\/dtf.team.europe\/","article_modified_time":"2023-11-25T12:40:03+00:00","og_image":[{"width":1000,"height":1000,"url":"https:\/\/dev.dtf-team.com\/wp-content\/uploads\/dtf-transfer_meterware_fr-1.png","type":"image\/png"}],"twitter_card":"summary_large_image","twitter_misc":{"Dur\u00e9e de lecture estim\u00e9e":"1 minute"},"schema":{"@context":"https:\/\/schema.org","@graph":[{"@type":"WebPage","@id":"https:\/\/dev.dtf-team.com\/fr\/produit\/dtf-transfert-tissu-au-metre\/","url":"https:\/\/dev.dtf-team.com\/fr\/produit\/dtf-transfert-tissu-au-metre\/","name":"DTF Transfert 56cm de large | Impressions de qualit\u00e9 sup\u00e9rieure | Processus de commande innovant","isPartOf":{"@id":"https:\/\/dev.dtf-team.com\/fr\/#website"},"primaryImageOfPage":{"@id":"https:\/\/dev.dtf-team.com\/fr\/produit\/dtf-transfert-tissu-au-metre\/#primaryimage"},"image":{"@id":"https:\/\/dev.dtf-team.com\/fr\/produit\/dtf-transfert-tissu-au-metre\/#primaryimage"},"thumbnailUrl":"https:\/\/dev.dtf-team.com\/wp-content\/uploads\/dtf-transfer_meterware_fr-1.png","datePublished":"2023-07-19T15:00:43+00:00","dateModified":"2023-11-25T12:40:03+00:00","description":"Ne paie que ce que tu consommes. Longueur exacte, qualit\u00e9 sup\u00e9rieure et nombre d'impressions au choix par face. Laisse-toi convaincre par notre produit DTF Transfert Tissu au m\u00e8tre 560 x 1000 mm!","breadcrumb":{"@id":"https:\/\/dev.dtf-team.com\/fr\/produit\/dtf-transfert-tissu-au-metre\/#breadcrumb"},"inLanguage":"fr-FR","potentialAction":[{"@type":"ReadAction","target":["https:\/\/dev.dtf-team.com\/fr\/produit\/dtf-transfert-tissu-au-metre\/"]}]},{"@type":"ImageObject","inLanguage":"fr-FR","@id":"https:\/\/dev.dtf-team.com\/fr\/produit\/dtf-transfert-tissu-au-metre\/#primaryimage","url":"https:\/\/dev.dtf-team.com\/wp-content\/uploads\/dtf-transfer_meterware_fr-1.png","contentUrl":"https:\/\/dev.dtf-team.com\/wp-content\/uploads\/dtf-transfer_meterware_fr-1.png","width":1000,"height":1000},{"@type":"BreadcrumbList","@id":"https:\/\/dev.dtf-team.com\/fr\/produit\/dtf-transfert-tissu-au-metre\/#breadcrumb","itemListElement":[{"@type":"ListItem","position":1,"name":"Startseite","item":"https:\/\/dev.dtf-team.com\/fr\/"},{"@type":"ListItem","position":2,"name":"Alle Produkte","item":"https:\/\/dev.dtf-team.com\/alle-produkte\/"},{"@type":"ListItem","position":3,"name":"DTF Transfert Tissu au m\u00e8tre 560 x 1000 mm"}]},{"@type":"WebSite","@id":"https:\/\/dev.dtf-team.com\/fr\/#website","url":"https:\/\/dev.dtf-team.com\/fr\/","name":"DTF Team","description":"","publisher":{"@id":"https:\/\/dev.dtf-team.com\/fr\/#organization"},"alternateName":"DTFT","potentialAction":[{"@type":"SearchAction","target":{"@type":"EntryPoint","urlTemplate":"https:\/\/dev.dtf-team.com\/fr\/?s={search_term_string}"},"query-input":{"@type":"PropertyValueSpecification","valueRequired":true,"valueName":"search_term_string"}}],"inLanguage":"fr-FR"},{"@type":"Organization","@id":"https:\/\/dev.dtf-team.com\/fr\/#organization","name":"DTF Team","alternateName":"DTFT","url":"https:\/\/dev.dtf-team.com\/fr\/","logo":{"@type":"ImageObject","inLanguage":"fr-FR","@id":"https:\/\/dev.dtf-team.com\/fr\/#\/schema\/logo\/image\/","url":"https:\/\/dev.dtf-team.com\/wp-content\/uploads\/dtf-team_logo-green-darkblue.svg","contentUrl":"https:\/\/dev.dtf-team.com\/wp-content\/uploads\/dtf-team_logo-green-darkblue.svg","width":1,"height":1,"caption":"DTF Team"},"image":{"@id":"https:\/\/dev.dtf-team.com\/fr\/#\/schema\/logo\/image\/"},"sameAs":["https:\/\/www.facebook.com\/dtf.team.europe\/","https:\/\/www.instagram.com\/dtf.team.europe\/","https:\/\/www.tiktok.com\/@dtf.team.europe","https:\/\/www.pinterest.de\/dtfteam\/"]}]}},"_links":{"self":[{"href":"https:\/\/dev.dtf-team.com\/fr\/wp-json\/wp\/v2\/product\/1914","targetHints":{"allow":["GET"]}}],"collection":[{"href":"https:\/\/dev.dtf-team.com\/fr\/wp-json\/wp\/v2\/product"}],"about":[{"href":"https:\/\/dev.dtf-team.com\/fr\/wp-json\/wp\/v2\/types\/product"}],"wp:featuredmedia":[{"embeddable":true,"href":"https:\/\/dev.dtf-team.com\/fr\/wp-json\/wp\/v2\/media\/926"}],"wp:attachment":[{"href":"https:\/\/dev.dtf-team.com\/fr\/wp-json\/wp\/v2\/media?parent=1914"}],"wp:term":[{"taxonomy":"product_brand","embeddable":true,"href":"https:\/\/dev.dtf-team.com\/fr\/wp-json\/wp\/v2\/product_brand?post=1914"},{"taxonomy":"product_cat","embeddable":true,"href":"https:\/\/dev.dtf-team.com\/fr\/wp-json\/wp\/v2\/product_cat?post=1914"},{"taxonomy":"product_tag","embeddable":true,"href":"https:\/\/dev.dtf-team.com\/fr\/wp-json\/wp\/v2\/product_tag?post=1914"}],"curies":[{"name":"wp","href":"https:\/\/api.w.org\/{rel}","templated":true}]}}