{"id":1917,"date":"2023-07-19T17:03:22","date_gmt":"2023-07-19T15:03:22","guid":{"rendered":"https:\/\/dev.dtf-team.com\/produkt\/dtf-transfer-express-freie-groesse\/"},"modified":"2023-11-06T15:16:35","modified_gmt":"2023-11-06T14:16:35","slug":"dtf-transfert-express-taille-libre","status":"publish","type":"product","link":"https:\/\/dev.dtf-team.com\/fr\/produit\/dtf-transfert-express-taille-libre\/","title":{"rendered":"DTF Transfert Express Taille libre"},"content":{"rendered":"<p><span style=\"font-weight: 400;\">Plut\u00f4t hier qu&rsquo;aujourd&rsquo;hui ? Et une taille libre des transferts DTF devrait-elle \u00eatre ? Vous voulez d\u00e9terminer vous-m\u00eame le format ? Le format doit au moins \u00eatre de 10 x 10 cm. La largeur maximale est de 56 cm, que le motif soit pos\u00e9 \u00e0 l&rsquo;endroit ou \u00e0 l&rsquo;envers. Lors du processus de commande, vous verrez toujours une image de pr\u00e9visualisation du PDF, o\u00f9 vous pourrez indiquer combien de fois une page doit \u00eatre imprim\u00e9e. Le prix est calcul\u00e9 automatiquement et vous avez un contr\u00f4le total des co\u00fbts.<\/span><\/p>\n<p><span style=\"font-weight: 400;\">Nous imprimons sur un film dit \u00ab\u00a0hot peel\u00a0\u00bb. Vous pouvez ainsi d\u00e9coller le film directement apr\u00e8s l&rsquo;avoir press\u00e9, ce qui vous \u00e9vite un temps d&rsquo;attente fastidieux.<\/span><\/p>\n","protected":false},"excerpt":{"rendered":"<ul>\n<li>24h Production Express<\/li>\n<li style=\"font-weight: 400;\" aria-level=\"1\"><span style=\"font-weight: 400;\">Format de fichier PDF<\/span><\/li>\n<li style=\"font-weight: 400;\" aria-level=\"1\"><span style=\"font-weight: 400;\">Production de 100 x 100 mm \u00e0 560 x 5060 mm<\/span><\/li>\n<li style=\"font-weight: 400;\" aria-level=\"1\"><span style=\"font-weight: 400;\">Le prix est calcul\u00e9 par millim\u00e8tre carr\u00e9<\/span><\/li>\n<li style=\"font-weight: 400;\" aria-level=\"1\"><span style=\"font-weight: 400;\">Hot Peel Film<\/span><\/li>\n<li style=\"font-weight: 400;\" aria-level=\"1\"><span style=\"font-weight: 400;\">Sous-impression blanche<\/span><\/li>\n<li style=\"font-weight: 400;\" aria-level=\"1\"><span style=\"font-weight: 400;\">Impression num\u00e9rique haute r\u00e9solution<\/span><\/li>\n<li style=\"font-weight: 400;\" aria-level=\"1\"><span style=\"font-weight: 400;\">Cr\u00e9ez des graphiques non macul\u00e9s<\/span><\/li>\n<li style=\"font-weight: 400;\" aria-level=\"1\"><span style=\"font-weight: 400;\">Les fonds blancs sont \u00e9galement imprim\u00e9s<\/span><\/li>\n<li style=\"font-weight: 400;\" aria-level=\"1\"><span style=\"font-weight: 400;\">Nombre de pi\u00e8ces par page s\u00e9lectionnable<\/span><\/li>\n<li style=\"font-weight: 400;\" aria-level=\"1\"><span style=\"font-weight: 400;\">Possibilit\u00e9 de choisir entre le format standard et le format bloc par page<\/span><\/li>\n<li style=\"font-weight: 400;\" aria-level=\"1\"><span style=\"font-weight: 400;\">Encres et adh\u00e9sifs test\u00e9s et certifi\u00e9s MSDS<\/span><\/li>\n<li style=\"font-weight: 400;\" aria-level=\"1\"><span style=\"font-weight: 400;\">Imprimer les mod\u00e8les aux formats .pdf, .ai et .eps<\/span><\/li>\n<\/ul>\n","protected":false},"featured_media":974,"template":"","meta":[],"product_brand":[],"product_cat":[126],"product_tag":[],"class_list":{"0":"post-1917","1":"product","2":"type-product","3":"status-publish","4":"has-post-thumbnail","6":"product_cat-dtf-transfert-express","8":"first","9":"instock","10":"taxable","11":"shipping-taxable","12":"purchasable","13":"product-type-simple"},"yoast_head":"<!-- This site is optimized with the Yoast SEO Premium plugin v23.3 (Yoast SEO v27.4) - https:\/\/yoast.com\/product\/yoast-seo-premium-wordpress\/ -->\n<title>DTF Transfert Express en taille libre | Solution d&#039;impression rapide &amp; adapt\u00e9e | Pour les grands tirages<\/title>\n<meta name=\"description\" content=\"Pr\u00e9cis, rapide et pr\u00eat \u00e0 \u00eatre press\u00e9, ton DTF Transfert Express Taille libre est fabriqu\u00e9 dans les 48 heures. Avec une qualit\u00e9 d&#039;impression sup\u00e9rieure et la possibilit\u00e9 de livraisons expresses, rien ne t&#039;emp\u00eache d&#039;acc\u00e9l\u00e9rer le traitement!\" \/>\n<meta name=\"robots\" content=\"noindex, follow, max-snippet:-1, max-image-preview:large, max-video-preview:-1\" \/>\n<meta property=\"og:locale\" content=\"fr_FR\" \/>\n<meta property=\"og:type\" content=\"article\" \/>\n<meta property=\"og:title\" content=\"DTF Transfert Express Taille libre\" \/>\n<meta property=\"og:description\" content=\"Pr\u00e9cis, rapide et pr\u00eat \u00e0 \u00eatre press\u00e9, ton DTF Transfert Express Taille libre est fabriqu\u00e9 dans les 48 heures. Avec une qualit\u00e9 d&#039;impression sup\u00e9rieure et la possibilit\u00e9 de livraisons expresses, rien ne t&#039;emp\u00eache d&#039;acc\u00e9l\u00e9rer le traitement!\" \/>\n<meta property=\"og:url\" content=\"https:\/\/dev.dtf-team.com\/fr\/produit\/dtf-transfert-express-taille-libre\/\" \/>\n<meta property=\"og:site_name\" content=\"DTF Team\" \/>\n<meta property=\"article:publisher\" content=\"https:\/\/www.facebook.com\/dtf.team.europe\/\" \/>\n<meta property=\"article:modified_time\" content=\"2023-11-06T14:16:35+00:00\" \/>\n<meta property=\"og:image\" content=\"https:\/\/dev.dtf-team.com\/wp-content\/uploads\/dtf-transfer-express_freie-groesse_fr-1.png\" \/>\n\t<meta property=\"og:image:width\" content=\"1000\" \/>\n\t<meta property=\"og:image:height\" content=\"1000\" \/>\n\t<meta property=\"og:image:type\" content=\"image\/png\" \/>\n<meta name=\"twitter:card\" content=\"summary_large_image\" \/>\n<meta name=\"twitter:label1\" content=\"Dur\u00e9e de lecture estim\u00e9e\" \/>\n\t<meta name=\"twitter:data1\" content=\"1 minute\" \/>\n<script type=\"application\/ld+json\" class=\"yoast-schema-graph\">{\"@context\":\"https:\\\/\\\/schema.org\",\"@graph\":[{\"@type\":\"WebPage\",\"@id\":\"https:\\\/\\\/dev.dtf-team.com\\\/fr\\\/produit\\\/dtf-transfert-express-taille-libre\\\/\",\"url\":\"https:\\\/\\\/dev.dtf-team.com\\\/fr\\\/produit\\\/dtf-transfert-express-taille-libre\\\/\",\"name\":\"DTF Transfert Express en taille libre | Solution d'impression rapide & adapt\u00e9e | Pour les grands tirages\",\"isPartOf\":{\"@id\":\"https:\\\/\\\/dev.dtf-team.com\\\/fr\\\/#website\"},\"primaryImageOfPage\":{\"@id\":\"https:\\\/\\\/dev.dtf-team.com\\\/fr\\\/produit\\\/dtf-transfert-express-taille-libre\\\/#primaryimage\"},\"image\":{\"@id\":\"https:\\\/\\\/dev.dtf-team.com\\\/fr\\\/produit\\\/dtf-transfert-express-taille-libre\\\/#primaryimage\"},\"thumbnailUrl\":\"https:\\\/\\\/dev.dtf-team.com\\\/wp-content\\\/uploads\\\/dtf-transfer-express_freie-groesse_fr-1.png\",\"datePublished\":\"2023-07-19T15:03:22+00:00\",\"dateModified\":\"2023-11-06T14:16:35+00:00\",\"description\":\"Pr\u00e9cis, rapide et pr\u00eat \u00e0 \u00eatre press\u00e9, ton DTF Transfert Express Taille libre est fabriqu\u00e9 dans les 48 heures. Avec une qualit\u00e9 d'impression sup\u00e9rieure et la possibilit\u00e9 de livraisons expresses, rien ne t'emp\u00eache d'acc\u00e9l\u00e9rer le traitement!\",\"breadcrumb\":{\"@id\":\"https:\\\/\\\/dev.dtf-team.com\\\/fr\\\/produit\\\/dtf-transfert-express-taille-libre\\\/#breadcrumb\"},\"inLanguage\":\"fr-FR\",\"potentialAction\":[{\"@type\":\"ReadAction\",\"target\":[\"https:\\\/\\\/dev.dtf-team.com\\\/fr\\\/produit\\\/dtf-transfert-express-taille-libre\\\/\"]}]},{\"@type\":\"ImageObject\",\"inLanguage\":\"fr-FR\",\"@id\":\"https:\\\/\\\/dev.dtf-team.com\\\/fr\\\/produit\\\/dtf-transfert-express-taille-libre\\\/#primaryimage\",\"url\":\"https:\\\/\\\/dev.dtf-team.com\\\/wp-content\\\/uploads\\\/dtf-transfer-express_freie-groesse_fr-1.png\",\"contentUrl\":\"https:\\\/\\\/dev.dtf-team.com\\\/wp-content\\\/uploads\\\/dtf-transfer-express_freie-groesse_fr-1.png\",\"width\":1000,\"height\":1000},{\"@type\":\"BreadcrumbList\",\"@id\":\"https:\\\/\\\/dev.dtf-team.com\\\/fr\\\/produit\\\/dtf-transfert-express-taille-libre\\\/#breadcrumb\",\"itemListElement\":[{\"@type\":\"ListItem\",\"position\":1,\"name\":\"Startseite\",\"item\":\"https:\\\/\\\/dev.dtf-team.com\\\/fr\\\/\"},{\"@type\":\"ListItem\",\"position\":2,\"name\":\"Alle Produkte\",\"item\":\"https:\\\/\\\/dev.dtf-team.com\\\/alle-produkte\\\/\"},{\"@type\":\"ListItem\",\"position\":3,\"name\":\"DTF Transfert Express Taille libre\"}]},{\"@type\":\"WebSite\",\"@id\":\"https:\\\/\\\/dev.dtf-team.com\\\/fr\\\/#website\",\"url\":\"https:\\\/\\\/dev.dtf-team.com\\\/fr\\\/\",\"name\":\"DTF Team\",\"description\":\"\",\"publisher\":{\"@id\":\"https:\\\/\\\/dev.dtf-team.com\\\/fr\\\/#organization\"},\"alternateName\":\"DTFT\",\"potentialAction\":[{\"@type\":\"SearchAction\",\"target\":{\"@type\":\"EntryPoint\",\"urlTemplate\":\"https:\\\/\\\/dev.dtf-team.com\\\/fr\\\/?s={search_term_string}\"},\"query-input\":{\"@type\":\"PropertyValueSpecification\",\"valueRequired\":true,\"valueName\":\"search_term_string\"}}],\"inLanguage\":\"fr-FR\"},{\"@type\":\"Organization\",\"@id\":\"https:\\\/\\\/dev.dtf-team.com\\\/fr\\\/#organization\",\"name\":\"DTF Team\",\"alternateName\":\"DTFT\",\"url\":\"https:\\\/\\\/dev.dtf-team.com\\\/fr\\\/\",\"logo\":{\"@type\":\"ImageObject\",\"inLanguage\":\"fr-FR\",\"@id\":\"https:\\\/\\\/dev.dtf-team.com\\\/fr\\\/#\\\/schema\\\/logo\\\/image\\\/\",\"url\":\"https:\\\/\\\/dev.dtf-team.com\\\/wp-content\\\/uploads\\\/dtf-team_logo-green-darkblue.svg\",\"contentUrl\":\"https:\\\/\\\/dev.dtf-team.com\\\/wp-content\\\/uploads\\\/dtf-team_logo-green-darkblue.svg\",\"width\":1,\"height\":1,\"caption\":\"DTF Team\"},\"image\":{\"@id\":\"https:\\\/\\\/dev.dtf-team.com\\\/fr\\\/#\\\/schema\\\/logo\\\/image\\\/\"},\"sameAs\":[\"https:\\\/\\\/www.facebook.com\\\/dtf.team.europe\\\/\",\"https:\\\/\\\/www.instagram.com\\\/dtf.team.europe\\\/\",\"https:\\\/\\\/www.tiktok.com\\\/@dtf.team.europe\",\"https:\\\/\\\/www.pinterest.de\\\/dtfteam\\\/\"]}]}<\/script>\n<!-- \/ Yoast SEO Premium plugin. -->","yoast_head_json":{"title":"DTF Transfert Express en taille libre | Solution d'impression rapide & adapt\u00e9e | Pour les grands tirages","description":"Pr\u00e9cis, rapide et pr\u00eat \u00e0 \u00eatre press\u00e9, ton DTF Transfert Express Taille libre est fabriqu\u00e9 dans les 48 heures. Avec une qualit\u00e9 d'impression sup\u00e9rieure et la possibilit\u00e9 de livraisons expresses, rien ne t'emp\u00eache d'acc\u00e9l\u00e9rer le traitement!","robots":{"index":"noindex","follow":"follow","max-snippet":"max-snippet:-1","max-image-preview":"max-image-preview:large","max-video-preview":"max-video-preview:-1"},"og_locale":"fr_FR","og_type":"article","og_title":"DTF Transfert Express Taille libre","og_description":"Pr\u00e9cis, rapide et pr\u00eat \u00e0 \u00eatre press\u00e9, ton DTF Transfert Express Taille libre est fabriqu\u00e9 dans les 48 heures. Avec une qualit\u00e9 d'impression sup\u00e9rieure et la possibilit\u00e9 de livraisons expresses, rien ne t'emp\u00eache d'acc\u00e9l\u00e9rer le traitement!","og_url":"https:\/\/dev.dtf-team.com\/fr\/produit\/dtf-transfert-express-taille-libre\/","og_site_name":"DTF Team","article_publisher":"https:\/\/www.facebook.com\/dtf.team.europe\/","article_modified_time":"2023-11-06T14:16:35+00:00","og_image":[{"width":1000,"height":1000,"url":"https:\/\/dev.dtf-team.com\/wp-content\/uploads\/dtf-transfer-express_freie-groesse_fr-1.png","type":"image\/png"}],"twitter_card":"summary_large_image","twitter_misc":{"Dur\u00e9e de lecture estim\u00e9e":"1 minute"},"schema":{"@context":"https:\/\/schema.org","@graph":[{"@type":"WebPage","@id":"https:\/\/dev.dtf-team.com\/fr\/produit\/dtf-transfert-express-taille-libre\/","url":"https:\/\/dev.dtf-team.com\/fr\/produit\/dtf-transfert-express-taille-libre\/","name":"DTF Transfert Express en taille libre | Solution d'impression rapide & adapt\u00e9e | Pour les grands tirages","isPartOf":{"@id":"https:\/\/dev.dtf-team.com\/fr\/#website"},"primaryImageOfPage":{"@id":"https:\/\/dev.dtf-team.com\/fr\/produit\/dtf-transfert-express-taille-libre\/#primaryimage"},"image":{"@id":"https:\/\/dev.dtf-team.com\/fr\/produit\/dtf-transfert-express-taille-libre\/#primaryimage"},"thumbnailUrl":"https:\/\/dev.dtf-team.com\/wp-content\/uploads\/dtf-transfer-express_freie-groesse_fr-1.png","datePublished":"2023-07-19T15:03:22+00:00","dateModified":"2023-11-06T14:16:35+00:00","description":"Pr\u00e9cis, rapide et pr\u00eat \u00e0 \u00eatre press\u00e9, ton DTF Transfert Express Taille libre est fabriqu\u00e9 dans les 48 heures. Avec une qualit\u00e9 d'impression sup\u00e9rieure et la possibilit\u00e9 de livraisons expresses, rien ne t'emp\u00eache d'acc\u00e9l\u00e9rer le traitement!","breadcrumb":{"@id":"https:\/\/dev.dtf-team.com\/fr\/produit\/dtf-transfert-express-taille-libre\/#breadcrumb"},"inLanguage":"fr-FR","potentialAction":[{"@type":"ReadAction","target":["https:\/\/dev.dtf-team.com\/fr\/produit\/dtf-transfert-express-taille-libre\/"]}]},{"@type":"ImageObject","inLanguage":"fr-FR","@id":"https:\/\/dev.dtf-team.com\/fr\/produit\/dtf-transfert-express-taille-libre\/#primaryimage","url":"https:\/\/dev.dtf-team.com\/wp-content\/uploads\/dtf-transfer-express_freie-groesse_fr-1.png","contentUrl":"https:\/\/dev.dtf-team.com\/wp-content\/uploads\/dtf-transfer-express_freie-groesse_fr-1.png","width":1000,"height":1000},{"@type":"BreadcrumbList","@id":"https:\/\/dev.dtf-team.com\/fr\/produit\/dtf-transfert-express-taille-libre\/#breadcrumb","itemListElement":[{"@type":"ListItem","position":1,"name":"Startseite","item":"https:\/\/dev.dtf-team.com\/fr\/"},{"@type":"ListItem","position":2,"name":"Alle Produkte","item":"https:\/\/dev.dtf-team.com\/alle-produkte\/"},{"@type":"ListItem","position":3,"name":"DTF Transfert Express Taille libre"}]},{"@type":"WebSite","@id":"https:\/\/dev.dtf-team.com\/fr\/#website","url":"https:\/\/dev.dtf-team.com\/fr\/","name":"DTF Team","description":"","publisher":{"@id":"https:\/\/dev.dtf-team.com\/fr\/#organization"},"alternateName":"DTFT","potentialAction":[{"@type":"SearchAction","target":{"@type":"EntryPoint","urlTemplate":"https:\/\/dev.dtf-team.com\/fr\/?s={search_term_string}"},"query-input":{"@type":"PropertyValueSpecification","valueRequired":true,"valueName":"search_term_string"}}],"inLanguage":"fr-FR"},{"@type":"Organization","@id":"https:\/\/dev.dtf-team.com\/fr\/#organization","name":"DTF Team","alternateName":"DTFT","url":"https:\/\/dev.dtf-team.com\/fr\/","logo":{"@type":"ImageObject","inLanguage":"fr-FR","@id":"https:\/\/dev.dtf-team.com\/fr\/#\/schema\/logo\/image\/","url":"https:\/\/dev.dtf-team.com\/wp-content\/uploads\/dtf-team_logo-green-darkblue.svg","contentUrl":"https:\/\/dev.dtf-team.com\/wp-content\/uploads\/dtf-team_logo-green-darkblue.svg","width":1,"height":1,"caption":"DTF Team"},"image":{"@id":"https:\/\/dev.dtf-team.com\/fr\/#\/schema\/logo\/image\/"},"sameAs":["https:\/\/www.facebook.com\/dtf.team.europe\/","https:\/\/www.instagram.com\/dtf.team.europe\/","https:\/\/www.tiktok.com\/@dtf.team.europe","https:\/\/www.pinterest.de\/dtfteam\/"]}]}},"_links":{"self":[{"href":"https:\/\/dev.dtf-team.com\/fr\/wp-json\/wp\/v2\/product\/1917","targetHints":{"allow":["GET"]}}],"collection":[{"href":"https:\/\/dev.dtf-team.com\/fr\/wp-json\/wp\/v2\/product"}],"about":[{"href":"https:\/\/dev.dtf-team.com\/fr\/wp-json\/wp\/v2\/types\/product"}],"wp:featuredmedia":[{"embeddable":true,"href":"https:\/\/dev.dtf-team.com\/fr\/wp-json\/wp\/v2\/media\/974"}],"wp:attachment":[{"href":"https:\/\/dev.dtf-team.com\/fr\/wp-json\/wp\/v2\/media?parent=1917"}],"wp:term":[{"taxonomy":"product_brand","embeddable":true,"href":"https:\/\/dev.dtf-team.com\/fr\/wp-json\/wp\/v2\/product_brand?post=1917"},{"taxonomy":"product_cat","embeddable":true,"href":"https:\/\/dev.dtf-team.com\/fr\/wp-json\/wp\/v2\/product_cat?post=1917"},{"taxonomy":"product_tag","embeddable":true,"href":"https:\/\/dev.dtf-team.com\/fr\/wp-json\/wp\/v2\/product_tag?post=1917"}],"curies":[{"name":"wp","href":"https:\/\/api.w.org\/{rel}","templated":true}]}}