{"id":1920,"date":"2023-07-19T17:03:02","date_gmt":"2023-07-19T15:03:02","guid":{"rendered":"https:\/\/dev.dtf-team.com\/produkt\/dtf-transfer-freie-groesse\/"},"modified":"2023-11-06T15:13:54","modified_gmt":"2023-11-06T14:13:54","slug":"dtf-transfert-taille-libre","status":"publish","type":"product","link":"https:\/\/dev.dtf-team.com\/fr\/produit\/dtf-transfert-taille-libre\/","title":{"rendered":"DTF Transfert Taille libre"},"content":{"rendered":"<p><span style=\"font-weight: 400;\">La taille libre de DTF Transferen d\u00e9termine le format. Il commence \u00e0 10 x 10 cm et se termine par une largeur maximale de 56 cm et une longueur de page PDF maximale de 506 cm. Dans notre processus de commande ing\u00e9nieux, vous pouvez choisir combien de fois vous souhaitez imprimer une page sur la base des images de pr\u00e9visualisation. Plus besoin de compter et d&rsquo;ajuster le panier d&rsquo;achat. Il vous suffit de t\u00e9l\u00e9charger le fichier PDF, puis un autre si n\u00e9cessaire, et encore un autre tel que vous l&rsquo;avez cr\u00e9\u00e9. Notre price AI calcule automatiquement le prix.<\/span><\/p>\n<p><span style=\"font-weight: 400;\">Avec notre Hot Peel Film \u00e0 chaud, vous b\u00e9n\u00e9ficiez d&rsquo;un temps d&rsquo;attente utile. En effet, il n&rsquo;est pas n\u00e9cessaire d&rsquo;attendre que le film soit froid avant de pouvoir le d\u00e9coller.<\/span><\/p>\n","protected":false},"excerpt":{"rendered":"<ul>\n<li style=\"font-weight: 400;\" aria-level=\"1\"><span style=\"font-weight: 400;\">Format de fichier PDF<\/span><\/li>\n<li style=\"font-weight: 400;\" aria-level=\"1\"><span style=\"font-weight: 400;\">Production de 100 x 100 mm \u00e0 560 x 5060 mm<\/span><\/li>\n<li style=\"font-weight: 400;\" aria-level=\"1\"><span style=\"font-weight: 400;\">Le prix est calcul\u00e9 par millim\u00e8tre carr\u00e9<\/span><\/li>\n<li style=\"font-weight: 400;\" aria-level=\"1\"><span style=\"font-weight: 400;\">Hot Peel Film<\/span><\/li>\n<li style=\"font-weight: 400;\" aria-level=\"1\"><span style=\"font-weight: 400;\">Sous-impression blanche<\/span><\/li>\n<li style=\"font-weight: 400;\" aria-level=\"1\"><span style=\"font-weight: 400;\">Impression num\u00e9rique haute r\u00e9solution<\/span><\/li>\n<li style=\"font-weight: 400;\" aria-level=\"1\"><span style=\"font-weight: 400;\">Cr\u00e9ez des graphiques non macul\u00e9s<\/span><\/li>\n<li style=\"font-weight: 400;\" aria-level=\"1\"><span style=\"font-weight: 400;\">Les fonds blancs sont \u00e9galement imprim\u00e9s<\/span><\/li>\n<li style=\"font-weight: 400;\" aria-level=\"1\"><span style=\"font-weight: 400;\">Nombre de pi\u00e8ces par page s\u00e9lectionnable<\/span><\/li>\n<li style=\"font-weight: 400;\" aria-level=\"1\"><span style=\"font-weight: 400;\">Possibilit\u00e9 de choisir entre le format standard et le format bloc par page<\/span><\/li>\n<li style=\"font-weight: 400;\" aria-level=\"1\"><span style=\"font-weight: 400;\">Encres et adh\u00e9sifs test\u00e9s et certifi\u00e9s MSDS<\/span><\/li>\n<li style=\"font-weight: 400;\" aria-level=\"1\"><span style=\"font-weight: 400;\">Imprimer les mod\u00e8les aux formats .pdf, .ai et .eps<\/span><\/li>\n<\/ul>\n","protected":false},"featured_media":910,"template":"","meta":[],"product_brand":[],"product_cat":[125],"product_tag":[],"class_list":{"0":"post-1920","1":"product","2":"type-product","3":"status-publish","4":"has-post-thumbnail","6":"product_cat-dtf-transfert","8":"first","9":"instock","10":"taxable","11":"shipping-taxable","12":"purchasable","13":"product-type-simple"},"yoast_head":"<!-- This site is optimized with the Yoast SEO Premium plugin v23.3 (Yoast SEO v27.4) - https:\/\/yoast.com\/product\/yoast-seo-premium-wordpress\/ -->\n<title>DTF sur mesure de taille libre | Possibilit\u00e9s d&#039;impression illimit\u00e9es | Pour les grands tirages<\/title>\n<meta name=\"description\" content=\"Si l&#039;on veut r\u00e9aliser des tirages importants le plus rapidement possible, on prend le DTF Transfert Taille libre. On obtient ainsi des transferts sur mesure et on gagne beaucoup de temps dans le traitement de ses propres commandes!\" \/>\n<meta name=\"robots\" content=\"noindex, follow, max-snippet:-1, max-image-preview:large, max-video-preview:-1\" \/>\n<meta property=\"og:locale\" content=\"fr_FR\" \/>\n<meta property=\"og:type\" content=\"article\" \/>\n<meta property=\"og:title\" content=\"DTF Transfert Taille libre\" \/>\n<meta property=\"og:description\" content=\"Si l&#039;on veut r\u00e9aliser des tirages importants le plus rapidement possible, on prend le DTF Transfert Taille libre. On obtient ainsi des transferts sur mesure et on gagne beaucoup de temps dans le traitement de ses propres commandes!\" \/>\n<meta property=\"og:url\" content=\"https:\/\/dev.dtf-team.com\/fr\/produit\/dtf-transfert-taille-libre\/\" \/>\n<meta property=\"og:site_name\" content=\"DTF Team\" \/>\n<meta property=\"article:publisher\" content=\"https:\/\/www.facebook.com\/dtf.team.europe\/\" \/>\n<meta property=\"article:modified_time\" content=\"2023-11-06T14:13:54+00:00\" \/>\n<meta property=\"og:image\" content=\"https:\/\/dev.dtf-team.com\/wp-content\/uploads\/dtf-transfer_freie-groesse_fr-1.png\" \/>\n\t<meta property=\"og:image:width\" content=\"1000\" \/>\n\t<meta property=\"og:image:height\" content=\"1000\" \/>\n\t<meta property=\"og:image:type\" content=\"image\/png\" \/>\n<meta name=\"twitter:card\" content=\"summary_large_image\" \/>\n<meta name=\"twitter:label1\" content=\"Dur\u00e9e de lecture estim\u00e9e\" \/>\n\t<meta name=\"twitter:data1\" content=\"1 minute\" \/>\n<script type=\"application\/ld+json\" class=\"yoast-schema-graph\">{\"@context\":\"https:\\\/\\\/schema.org\",\"@graph\":[{\"@type\":\"WebPage\",\"@id\":\"https:\\\/\\\/dev.dtf-team.com\\\/fr\\\/produit\\\/dtf-transfert-taille-libre\\\/\",\"url\":\"https:\\\/\\\/dev.dtf-team.com\\\/fr\\\/produit\\\/dtf-transfert-taille-libre\\\/\",\"name\":\"DTF sur mesure de taille libre | Possibilit\u00e9s d'impression illimit\u00e9es | Pour les grands tirages\",\"isPartOf\":{\"@id\":\"https:\\\/\\\/dev.dtf-team.com\\\/fr\\\/#website\"},\"primaryImageOfPage\":{\"@id\":\"https:\\\/\\\/dev.dtf-team.com\\\/fr\\\/produit\\\/dtf-transfert-taille-libre\\\/#primaryimage\"},\"image\":{\"@id\":\"https:\\\/\\\/dev.dtf-team.com\\\/fr\\\/produit\\\/dtf-transfert-taille-libre\\\/#primaryimage\"},\"thumbnailUrl\":\"https:\\\/\\\/dev.dtf-team.com\\\/wp-content\\\/uploads\\\/dtf-transfer_freie-groesse_fr-1.png\",\"datePublished\":\"2023-07-19T15:03:02+00:00\",\"dateModified\":\"2023-11-06T14:13:54+00:00\",\"description\":\"Si l'on veut r\u00e9aliser des tirages importants le plus rapidement possible, on prend le DTF Transfert Taille libre. On obtient ainsi des transferts sur mesure et on gagne beaucoup de temps dans le traitement de ses propres commandes!\",\"breadcrumb\":{\"@id\":\"https:\\\/\\\/dev.dtf-team.com\\\/fr\\\/produit\\\/dtf-transfert-taille-libre\\\/#breadcrumb\"},\"inLanguage\":\"fr-FR\",\"potentialAction\":[{\"@type\":\"ReadAction\",\"target\":[\"https:\\\/\\\/dev.dtf-team.com\\\/fr\\\/produit\\\/dtf-transfert-taille-libre\\\/\"]}]},{\"@type\":\"ImageObject\",\"inLanguage\":\"fr-FR\",\"@id\":\"https:\\\/\\\/dev.dtf-team.com\\\/fr\\\/produit\\\/dtf-transfert-taille-libre\\\/#primaryimage\",\"url\":\"https:\\\/\\\/dev.dtf-team.com\\\/wp-content\\\/uploads\\\/dtf-transfer_freie-groesse_fr-1.png\",\"contentUrl\":\"https:\\\/\\\/dev.dtf-team.com\\\/wp-content\\\/uploads\\\/dtf-transfer_freie-groesse_fr-1.png\",\"width\":1000,\"height\":1000},{\"@type\":\"BreadcrumbList\",\"@id\":\"https:\\\/\\\/dev.dtf-team.com\\\/fr\\\/produit\\\/dtf-transfert-taille-libre\\\/#breadcrumb\",\"itemListElement\":[{\"@type\":\"ListItem\",\"position\":1,\"name\":\"Startseite\",\"item\":\"https:\\\/\\\/dev.dtf-team.com\\\/fr\\\/\"},{\"@type\":\"ListItem\",\"position\":2,\"name\":\"Alle Produkte\",\"item\":\"https:\\\/\\\/dev.dtf-team.com\\\/alle-produkte\\\/\"},{\"@type\":\"ListItem\",\"position\":3,\"name\":\"DTF Transfert Taille libre\"}]},{\"@type\":\"WebSite\",\"@id\":\"https:\\\/\\\/dev.dtf-team.com\\\/fr\\\/#website\",\"url\":\"https:\\\/\\\/dev.dtf-team.com\\\/fr\\\/\",\"name\":\"DTF Team\",\"description\":\"\",\"publisher\":{\"@id\":\"https:\\\/\\\/dev.dtf-team.com\\\/fr\\\/#organization\"},\"alternateName\":\"DTFT\",\"potentialAction\":[{\"@type\":\"SearchAction\",\"target\":{\"@type\":\"EntryPoint\",\"urlTemplate\":\"https:\\\/\\\/dev.dtf-team.com\\\/fr\\\/?s={search_term_string}\"},\"query-input\":{\"@type\":\"PropertyValueSpecification\",\"valueRequired\":true,\"valueName\":\"search_term_string\"}}],\"inLanguage\":\"fr-FR\"},{\"@type\":\"Organization\",\"@id\":\"https:\\\/\\\/dev.dtf-team.com\\\/fr\\\/#organization\",\"name\":\"DTF Team\",\"alternateName\":\"DTFT\",\"url\":\"https:\\\/\\\/dev.dtf-team.com\\\/fr\\\/\",\"logo\":{\"@type\":\"ImageObject\",\"inLanguage\":\"fr-FR\",\"@id\":\"https:\\\/\\\/dev.dtf-team.com\\\/fr\\\/#\\\/schema\\\/logo\\\/image\\\/\",\"url\":\"https:\\\/\\\/dev.dtf-team.com\\\/wp-content\\\/uploads\\\/dtf-team_logo-green-darkblue.svg\",\"contentUrl\":\"https:\\\/\\\/dev.dtf-team.com\\\/wp-content\\\/uploads\\\/dtf-team_logo-green-darkblue.svg\",\"width\":1,\"height\":1,\"caption\":\"DTF Team\"},\"image\":{\"@id\":\"https:\\\/\\\/dev.dtf-team.com\\\/fr\\\/#\\\/schema\\\/logo\\\/image\\\/\"},\"sameAs\":[\"https:\\\/\\\/www.facebook.com\\\/dtf.team.europe\\\/\",\"https:\\\/\\\/www.instagram.com\\\/dtf.team.europe\\\/\",\"https:\\\/\\\/www.tiktok.com\\\/@dtf.team.europe\",\"https:\\\/\\\/www.pinterest.de\\\/dtfteam\\\/\"]}]}<\/script>\n<!-- \/ Yoast SEO Premium plugin. -->","yoast_head_json":{"title":"DTF sur mesure de taille libre | Possibilit\u00e9s d'impression illimit\u00e9es | Pour les grands tirages","description":"Si l'on veut r\u00e9aliser des tirages importants le plus rapidement possible, on prend le DTF Transfert Taille libre. On obtient ainsi des transferts sur mesure et on gagne beaucoup de temps dans le traitement de ses propres commandes!","robots":{"index":"noindex","follow":"follow","max-snippet":"max-snippet:-1","max-image-preview":"max-image-preview:large","max-video-preview":"max-video-preview:-1"},"og_locale":"fr_FR","og_type":"article","og_title":"DTF Transfert Taille libre","og_description":"Si l'on veut r\u00e9aliser des tirages importants le plus rapidement possible, on prend le DTF Transfert Taille libre. On obtient ainsi des transferts sur mesure et on gagne beaucoup de temps dans le traitement de ses propres commandes!","og_url":"https:\/\/dev.dtf-team.com\/fr\/produit\/dtf-transfert-taille-libre\/","og_site_name":"DTF Team","article_publisher":"https:\/\/www.facebook.com\/dtf.team.europe\/","article_modified_time":"2023-11-06T14:13:54+00:00","og_image":[{"width":1000,"height":1000,"url":"https:\/\/dev.dtf-team.com\/wp-content\/uploads\/dtf-transfer_freie-groesse_fr-1.png","type":"image\/png"}],"twitter_card":"summary_large_image","twitter_misc":{"Dur\u00e9e de lecture estim\u00e9e":"1 minute"},"schema":{"@context":"https:\/\/schema.org","@graph":[{"@type":"WebPage","@id":"https:\/\/dev.dtf-team.com\/fr\/produit\/dtf-transfert-taille-libre\/","url":"https:\/\/dev.dtf-team.com\/fr\/produit\/dtf-transfert-taille-libre\/","name":"DTF sur mesure de taille libre | Possibilit\u00e9s d'impression illimit\u00e9es | Pour les grands tirages","isPartOf":{"@id":"https:\/\/dev.dtf-team.com\/fr\/#website"},"primaryImageOfPage":{"@id":"https:\/\/dev.dtf-team.com\/fr\/produit\/dtf-transfert-taille-libre\/#primaryimage"},"image":{"@id":"https:\/\/dev.dtf-team.com\/fr\/produit\/dtf-transfert-taille-libre\/#primaryimage"},"thumbnailUrl":"https:\/\/dev.dtf-team.com\/wp-content\/uploads\/dtf-transfer_freie-groesse_fr-1.png","datePublished":"2023-07-19T15:03:02+00:00","dateModified":"2023-11-06T14:13:54+00:00","description":"Si l'on veut r\u00e9aliser des tirages importants le plus rapidement possible, on prend le DTF Transfert Taille libre. On obtient ainsi des transferts sur mesure et on gagne beaucoup de temps dans le traitement de ses propres commandes!","breadcrumb":{"@id":"https:\/\/dev.dtf-team.com\/fr\/produit\/dtf-transfert-taille-libre\/#breadcrumb"},"inLanguage":"fr-FR","potentialAction":[{"@type":"ReadAction","target":["https:\/\/dev.dtf-team.com\/fr\/produit\/dtf-transfert-taille-libre\/"]}]},{"@type":"ImageObject","inLanguage":"fr-FR","@id":"https:\/\/dev.dtf-team.com\/fr\/produit\/dtf-transfert-taille-libre\/#primaryimage","url":"https:\/\/dev.dtf-team.com\/wp-content\/uploads\/dtf-transfer_freie-groesse_fr-1.png","contentUrl":"https:\/\/dev.dtf-team.com\/wp-content\/uploads\/dtf-transfer_freie-groesse_fr-1.png","width":1000,"height":1000},{"@type":"BreadcrumbList","@id":"https:\/\/dev.dtf-team.com\/fr\/produit\/dtf-transfert-taille-libre\/#breadcrumb","itemListElement":[{"@type":"ListItem","position":1,"name":"Startseite","item":"https:\/\/dev.dtf-team.com\/fr\/"},{"@type":"ListItem","position":2,"name":"Alle Produkte","item":"https:\/\/dev.dtf-team.com\/alle-produkte\/"},{"@type":"ListItem","position":3,"name":"DTF Transfert Taille libre"}]},{"@type":"WebSite","@id":"https:\/\/dev.dtf-team.com\/fr\/#website","url":"https:\/\/dev.dtf-team.com\/fr\/","name":"DTF Team","description":"","publisher":{"@id":"https:\/\/dev.dtf-team.com\/fr\/#organization"},"alternateName":"DTFT","potentialAction":[{"@type":"SearchAction","target":{"@type":"EntryPoint","urlTemplate":"https:\/\/dev.dtf-team.com\/fr\/?s={search_term_string}"},"query-input":{"@type":"PropertyValueSpecification","valueRequired":true,"valueName":"search_term_string"}}],"inLanguage":"fr-FR"},{"@type":"Organization","@id":"https:\/\/dev.dtf-team.com\/fr\/#organization","name":"DTF Team","alternateName":"DTFT","url":"https:\/\/dev.dtf-team.com\/fr\/","logo":{"@type":"ImageObject","inLanguage":"fr-FR","@id":"https:\/\/dev.dtf-team.com\/fr\/#\/schema\/logo\/image\/","url":"https:\/\/dev.dtf-team.com\/wp-content\/uploads\/dtf-team_logo-green-darkblue.svg","contentUrl":"https:\/\/dev.dtf-team.com\/wp-content\/uploads\/dtf-team_logo-green-darkblue.svg","width":1,"height":1,"caption":"DTF Team"},"image":{"@id":"https:\/\/dev.dtf-team.com\/fr\/#\/schema\/logo\/image\/"},"sameAs":["https:\/\/www.facebook.com\/dtf.team.europe\/","https:\/\/www.instagram.com\/dtf.team.europe\/","https:\/\/www.tiktok.com\/@dtf.team.europe","https:\/\/www.pinterest.de\/dtfteam\/"]}]}},"_links":{"self":[{"href":"https:\/\/dev.dtf-team.com\/fr\/wp-json\/wp\/v2\/product\/1920","targetHints":{"allow":["GET"]}}],"collection":[{"href":"https:\/\/dev.dtf-team.com\/fr\/wp-json\/wp\/v2\/product"}],"about":[{"href":"https:\/\/dev.dtf-team.com\/fr\/wp-json\/wp\/v2\/types\/product"}],"wp:featuredmedia":[{"embeddable":true,"href":"https:\/\/dev.dtf-team.com\/fr\/wp-json\/wp\/v2\/media\/910"}],"wp:attachment":[{"href":"https:\/\/dev.dtf-team.com\/fr\/wp-json\/wp\/v2\/media?parent=1920"}],"wp:term":[{"taxonomy":"product_brand","embeddable":true,"href":"https:\/\/dev.dtf-team.com\/fr\/wp-json\/wp\/v2\/product_brand?post=1920"},{"taxonomy":"product_cat","embeddable":true,"href":"https:\/\/dev.dtf-team.com\/fr\/wp-json\/wp\/v2\/product_cat?post=1920"},{"taxonomy":"product_tag","embeddable":true,"href":"https:\/\/dev.dtf-team.com\/fr\/wp-json\/wp\/v2\/product_tag?post=1920"}],"curies":[{"name":"wp","href":"https:\/\/api.w.org\/{rel}","templated":true}]}}