{"id":1932,"date":"2023-07-19T17:01:42","date_gmt":"2023-07-19T15:01:42","guid":{"rendered":"https:\/\/dev.dtf-team.com\/produkt\/dtf-transfer-din-a3\/"},"modified":"2023-11-06T15:12:29","modified_gmt":"2023-11-06T14:12:29","slug":"dtf-transfert-din-a3","status":"publish","type":"product","link":"https:\/\/dev.dtf-team.com\/fr\/produit\/dtf-transfert-din-a3\/","title":{"rendered":"DTF Transfert DIN A3 297 x 420 mm"},"content":{"rendered":"<p><span style=\"font-weight: 400;\">Dans le format DIN A3 297 x 420 mm, les grands motifs individuels, mais aussi plusieurs petits motifs, peuvent \u00eatre positionn\u00e9s de mani\u00e8re efficace. Avec une presse \u00e0 chaud de grande surface, vous pouvez cr\u00e9er de grandes impressions \u00e0 la mode, par exemple. Vous \u00eates ainsi plus polyvalent, que ce soit pour vous ou pour vos clients. <\/span><\/p>\n<p><span style=\"font-weight: 400;\">Notre Hot Peel Film est id\u00e9al pour imprimer plus rapidement plusieurs textiles. Le film peut \u00eatre d\u00e9coll\u00e9 directement apr\u00e8s le pressage, ce qui acc\u00e9l\u00e8re le temps de traitement.<\/span><\/p>\n","protected":false},"excerpt":{"rendered":"<ul>\n<li style=\"font-weight: 400;\" aria-level=\"1\"><span style=\"font-weight: 400;\">Format de fichier PDF<\/span><\/li>\n<li style=\"font-weight: 400;\" aria-level=\"1\"><span style=\"font-weight: 400;\">Format portrait ou paysage en DIN A3<\/span><\/li>\n<li style=\"font-weight: 400;\" aria-level=\"1\"><span style=\"font-weight: 400;\">Hot Peel Film<\/span><\/li>\n<li style=\"font-weight: 400;\" aria-level=\"1\"><span style=\"font-weight: 400;\">Sous-impression blanche<\/span><\/li>\n<li style=\"font-weight: 400;\" aria-level=\"1\"><span style=\"font-weight: 400;\">Impression num\u00e9rique haute r\u00e9solution<\/span><\/li>\n<li style=\"font-weight: 400;\" aria-level=\"1\"><span style=\"font-weight: 400;\">Cr\u00e9ez des graphiques non macul\u00e9s<\/span><\/li>\n<li style=\"font-weight: 400;\" aria-level=\"1\"><span style=\"font-weight: 400;\">Les fonds blancs sont \u00e9galement imprim\u00e9s<\/span><\/li>\n<li style=\"font-weight: 400;\" aria-level=\"1\"><span style=\"font-weight: 400;\">Nombre de pi\u00e8ces par page s\u00e9lectionnable<\/span><\/li>\n<li style=\"font-weight: 400;\" aria-level=\"1\"><span style=\"font-weight: 400;\">Possibilit\u00e9 de choisir entre le format standard et le format bloc par page<\/span><\/li>\n<li style=\"font-weight: 400;\" aria-level=\"1\"><span style=\"font-weight: 400;\">Encres et adh\u00e9sifs test\u00e9s et certifi\u00e9s MSDS<\/span><\/li>\n<li style=\"font-weight: 400;\" aria-level=\"1\"><span style=\"font-weight: 400;\">Imprimer les mod\u00e8les aux formats .pdf, .ai et .eps<\/span><\/li>\n<\/ul>\n","protected":false},"featured_media":902,"template":"","meta":[],"product_brand":[],"product_cat":[125],"product_tag":[],"class_list":{"0":"post-1932","1":"product","2":"type-product","3":"status-publish","4":"has-post-thumbnail","6":"product_cat-dtf-transfert","8":"first","9":"instock","10":"taxable","11":"shipping-taxable","12":"purchasable","13":"product-type-simple"},"yoast_head":"<!-- This site is optimized with the Yoast SEO Premium plugin v23.3 (Yoast SEO v27.4) - https:\/\/yoast.com\/product\/yoast-seo-premium-wordpress\/ -->\n<title>DTF Transfert sur DIN A3 297 x 420 mm | Haute qualit\u00e9 d&#039;impression | Grand format<\/title>\n<meta name=\"description\" content=\"Les formats fixes pour les grands tirages avec le m\u00eame motif \u00e9vitent la d\u00e9coupe fastidieuse. De plus, un positionnement parfait des transferts est beaucoup plus facile avec notre DTF Transfert DIN A3 297 x 420 mm!\" \/>\n<meta name=\"robots\" content=\"noindex, follow, max-snippet:-1, max-image-preview:large, max-video-preview:-1\" \/>\n<meta property=\"og:locale\" content=\"fr_FR\" \/>\n<meta property=\"og:type\" content=\"article\" \/>\n<meta property=\"og:title\" content=\"DTF Transfert DIN A3 297 x 420 mm\" \/>\n<meta property=\"og:description\" content=\"Les formats fixes pour les grands tirages avec le m\u00eame motif \u00e9vitent la d\u00e9coupe fastidieuse. De plus, un positionnement parfait des transferts est beaucoup plus facile avec notre DTF Transfert DIN A3 297 x 420 mm!\" \/>\n<meta property=\"og:url\" content=\"https:\/\/dev.dtf-team.com\/fr\/produit\/dtf-transfert-din-a3\/\" \/>\n<meta property=\"og:site_name\" content=\"DTF Team\" \/>\n<meta property=\"article:publisher\" content=\"https:\/\/www.facebook.com\/dtf.team.europe\/\" \/>\n<meta property=\"article:modified_time\" content=\"2023-11-06T14:12:29+00:00\" \/>\n<meta property=\"og:image\" content=\"https:\/\/dev.dtf-team.com\/wp-content\/uploads\/dtf-transfer_din-a3_all-languages.png\" \/>\n\t<meta property=\"og:image:width\" content=\"1000\" \/>\n\t<meta property=\"og:image:height\" content=\"1000\" \/>\n\t<meta property=\"og:image:type\" content=\"image\/png\" \/>\n<meta name=\"twitter:card\" content=\"summary_large_image\" \/>\n<meta name=\"twitter:label1\" content=\"Dur\u00e9e de lecture estim\u00e9e\" \/>\n\t<meta name=\"twitter:data1\" content=\"1 minute\" \/>\n<script type=\"application\/ld+json\" class=\"yoast-schema-graph\">{\"@context\":\"https:\\\/\\\/schema.org\",\"@graph\":[{\"@type\":\"WebPage\",\"@id\":\"https:\\\/\\\/dev.dtf-team.com\\\/fr\\\/produit\\\/dtf-transfert-din-a3\\\/\",\"url\":\"https:\\\/\\\/dev.dtf-team.com\\\/fr\\\/produit\\\/dtf-transfert-din-a3\\\/\",\"name\":\"DTF Transfert sur DIN A3 297 x 420 mm | Haute qualit\u00e9 d'impression | Grand format\",\"isPartOf\":{\"@id\":\"https:\\\/\\\/dev.dtf-team.com\\\/fr\\\/#website\"},\"primaryImageOfPage\":{\"@id\":\"https:\\\/\\\/dev.dtf-team.com\\\/fr\\\/produit\\\/dtf-transfert-din-a3\\\/#primaryimage\"},\"image\":{\"@id\":\"https:\\\/\\\/dev.dtf-team.com\\\/fr\\\/produit\\\/dtf-transfert-din-a3\\\/#primaryimage\"},\"thumbnailUrl\":\"https:\\\/\\\/dev.dtf-team.com\\\/wp-content\\\/uploads\\\/dtf-transfer_din-a3_all-languages.png\",\"datePublished\":\"2023-07-19T15:01:42+00:00\",\"dateModified\":\"2023-11-06T14:12:29+00:00\",\"description\":\"Les formats fixes pour les grands tirages avec le m\u00eame motif \u00e9vitent la d\u00e9coupe fastidieuse. De plus, un positionnement parfait des transferts est beaucoup plus facile avec notre DTF Transfert DIN A3 297 x 420 mm!\",\"breadcrumb\":{\"@id\":\"https:\\\/\\\/dev.dtf-team.com\\\/fr\\\/produit\\\/dtf-transfert-din-a3\\\/#breadcrumb\"},\"inLanguage\":\"fr-FR\",\"potentialAction\":[{\"@type\":\"ReadAction\",\"target\":[\"https:\\\/\\\/dev.dtf-team.com\\\/fr\\\/produit\\\/dtf-transfert-din-a3\\\/\"]}]},{\"@type\":\"ImageObject\",\"inLanguage\":\"fr-FR\",\"@id\":\"https:\\\/\\\/dev.dtf-team.com\\\/fr\\\/produit\\\/dtf-transfert-din-a3\\\/#primaryimage\",\"url\":\"https:\\\/\\\/dev.dtf-team.com\\\/wp-content\\\/uploads\\\/dtf-transfer_din-a3_all-languages.png\",\"contentUrl\":\"https:\\\/\\\/dev.dtf-team.com\\\/wp-content\\\/uploads\\\/dtf-transfer_din-a3_all-languages.png\",\"width\":1000,\"height\":1000},{\"@type\":\"BreadcrumbList\",\"@id\":\"https:\\\/\\\/dev.dtf-team.com\\\/fr\\\/produit\\\/dtf-transfert-din-a3\\\/#breadcrumb\",\"itemListElement\":[{\"@type\":\"ListItem\",\"position\":1,\"name\":\"Startseite\",\"item\":\"https:\\\/\\\/dev.dtf-team.com\\\/fr\\\/\"},{\"@type\":\"ListItem\",\"position\":2,\"name\":\"Alle Produkte\",\"item\":\"https:\\\/\\\/dev.dtf-team.com\\\/alle-produkte\\\/\"},{\"@type\":\"ListItem\",\"position\":3,\"name\":\"DTF Transfert DIN A3 297 x 420 mm\"}]},{\"@type\":\"WebSite\",\"@id\":\"https:\\\/\\\/dev.dtf-team.com\\\/fr\\\/#website\",\"url\":\"https:\\\/\\\/dev.dtf-team.com\\\/fr\\\/\",\"name\":\"DTF Team\",\"description\":\"\",\"publisher\":{\"@id\":\"https:\\\/\\\/dev.dtf-team.com\\\/fr\\\/#organization\"},\"alternateName\":\"DTFT\",\"potentialAction\":[{\"@type\":\"SearchAction\",\"target\":{\"@type\":\"EntryPoint\",\"urlTemplate\":\"https:\\\/\\\/dev.dtf-team.com\\\/fr\\\/?s={search_term_string}\"},\"query-input\":{\"@type\":\"PropertyValueSpecification\",\"valueRequired\":true,\"valueName\":\"search_term_string\"}}],\"inLanguage\":\"fr-FR\"},{\"@type\":\"Organization\",\"@id\":\"https:\\\/\\\/dev.dtf-team.com\\\/fr\\\/#organization\",\"name\":\"DTF Team\",\"alternateName\":\"DTFT\",\"url\":\"https:\\\/\\\/dev.dtf-team.com\\\/fr\\\/\",\"logo\":{\"@type\":\"ImageObject\",\"inLanguage\":\"fr-FR\",\"@id\":\"https:\\\/\\\/dev.dtf-team.com\\\/fr\\\/#\\\/schema\\\/logo\\\/image\\\/\",\"url\":\"https:\\\/\\\/dev.dtf-team.com\\\/wp-content\\\/uploads\\\/dtf-team_logo-green-darkblue.svg\",\"contentUrl\":\"https:\\\/\\\/dev.dtf-team.com\\\/wp-content\\\/uploads\\\/dtf-team_logo-green-darkblue.svg\",\"width\":1,\"height\":1,\"caption\":\"DTF Team\"},\"image\":{\"@id\":\"https:\\\/\\\/dev.dtf-team.com\\\/fr\\\/#\\\/schema\\\/logo\\\/image\\\/\"},\"sameAs\":[\"https:\\\/\\\/www.facebook.com\\\/dtf.team.europe\\\/\",\"https:\\\/\\\/www.instagram.com\\\/dtf.team.europe\\\/\",\"https:\\\/\\\/www.tiktok.com\\\/@dtf.team.europe\",\"https:\\\/\\\/www.pinterest.de\\\/dtfteam\\\/\"]}]}<\/script>\n<!-- \/ Yoast SEO Premium plugin. -->","yoast_head_json":{"title":"DTF Transfert sur DIN A3 297 x 420 mm | Haute qualit\u00e9 d'impression | Grand format","description":"Les formats fixes pour les grands tirages avec le m\u00eame motif \u00e9vitent la d\u00e9coupe fastidieuse. De plus, un positionnement parfait des transferts est beaucoup plus facile avec notre DTF Transfert DIN A3 297 x 420 mm!","robots":{"index":"noindex","follow":"follow","max-snippet":"max-snippet:-1","max-image-preview":"max-image-preview:large","max-video-preview":"max-video-preview:-1"},"og_locale":"fr_FR","og_type":"article","og_title":"DTF Transfert DIN A3 297 x 420 mm","og_description":"Les formats fixes pour les grands tirages avec le m\u00eame motif \u00e9vitent la d\u00e9coupe fastidieuse. De plus, un positionnement parfait des transferts est beaucoup plus facile avec notre DTF Transfert DIN A3 297 x 420 mm!","og_url":"https:\/\/dev.dtf-team.com\/fr\/produit\/dtf-transfert-din-a3\/","og_site_name":"DTF Team","article_publisher":"https:\/\/www.facebook.com\/dtf.team.europe\/","article_modified_time":"2023-11-06T14:12:29+00:00","og_image":[{"width":1000,"height":1000,"url":"https:\/\/dev.dtf-team.com\/wp-content\/uploads\/dtf-transfer_din-a3_all-languages.png","type":"image\/png"}],"twitter_card":"summary_large_image","twitter_misc":{"Dur\u00e9e de lecture estim\u00e9e":"1 minute"},"schema":{"@context":"https:\/\/schema.org","@graph":[{"@type":"WebPage","@id":"https:\/\/dev.dtf-team.com\/fr\/produit\/dtf-transfert-din-a3\/","url":"https:\/\/dev.dtf-team.com\/fr\/produit\/dtf-transfert-din-a3\/","name":"DTF Transfert sur DIN A3 297 x 420 mm | Haute qualit\u00e9 d'impression | Grand format","isPartOf":{"@id":"https:\/\/dev.dtf-team.com\/fr\/#website"},"primaryImageOfPage":{"@id":"https:\/\/dev.dtf-team.com\/fr\/produit\/dtf-transfert-din-a3\/#primaryimage"},"image":{"@id":"https:\/\/dev.dtf-team.com\/fr\/produit\/dtf-transfert-din-a3\/#primaryimage"},"thumbnailUrl":"https:\/\/dev.dtf-team.com\/wp-content\/uploads\/dtf-transfer_din-a3_all-languages.png","datePublished":"2023-07-19T15:01:42+00:00","dateModified":"2023-11-06T14:12:29+00:00","description":"Les formats fixes pour les grands tirages avec le m\u00eame motif \u00e9vitent la d\u00e9coupe fastidieuse. De plus, un positionnement parfait des transferts est beaucoup plus facile avec notre DTF Transfert DIN A3 297 x 420 mm!","breadcrumb":{"@id":"https:\/\/dev.dtf-team.com\/fr\/produit\/dtf-transfert-din-a3\/#breadcrumb"},"inLanguage":"fr-FR","potentialAction":[{"@type":"ReadAction","target":["https:\/\/dev.dtf-team.com\/fr\/produit\/dtf-transfert-din-a3\/"]}]},{"@type":"ImageObject","inLanguage":"fr-FR","@id":"https:\/\/dev.dtf-team.com\/fr\/produit\/dtf-transfert-din-a3\/#primaryimage","url":"https:\/\/dev.dtf-team.com\/wp-content\/uploads\/dtf-transfer_din-a3_all-languages.png","contentUrl":"https:\/\/dev.dtf-team.com\/wp-content\/uploads\/dtf-transfer_din-a3_all-languages.png","width":1000,"height":1000},{"@type":"BreadcrumbList","@id":"https:\/\/dev.dtf-team.com\/fr\/produit\/dtf-transfert-din-a3\/#breadcrumb","itemListElement":[{"@type":"ListItem","position":1,"name":"Startseite","item":"https:\/\/dev.dtf-team.com\/fr\/"},{"@type":"ListItem","position":2,"name":"Alle Produkte","item":"https:\/\/dev.dtf-team.com\/alle-produkte\/"},{"@type":"ListItem","position":3,"name":"DTF Transfert DIN A3 297 x 420 mm"}]},{"@type":"WebSite","@id":"https:\/\/dev.dtf-team.com\/fr\/#website","url":"https:\/\/dev.dtf-team.com\/fr\/","name":"DTF Team","description":"","publisher":{"@id":"https:\/\/dev.dtf-team.com\/fr\/#organization"},"alternateName":"DTFT","potentialAction":[{"@type":"SearchAction","target":{"@type":"EntryPoint","urlTemplate":"https:\/\/dev.dtf-team.com\/fr\/?s={search_term_string}"},"query-input":{"@type":"PropertyValueSpecification","valueRequired":true,"valueName":"search_term_string"}}],"inLanguage":"fr-FR"},{"@type":"Organization","@id":"https:\/\/dev.dtf-team.com\/fr\/#organization","name":"DTF Team","alternateName":"DTFT","url":"https:\/\/dev.dtf-team.com\/fr\/","logo":{"@type":"ImageObject","inLanguage":"fr-FR","@id":"https:\/\/dev.dtf-team.com\/fr\/#\/schema\/logo\/image\/","url":"https:\/\/dev.dtf-team.com\/wp-content\/uploads\/dtf-team_logo-green-darkblue.svg","contentUrl":"https:\/\/dev.dtf-team.com\/wp-content\/uploads\/dtf-team_logo-green-darkblue.svg","width":1,"height":1,"caption":"DTF Team"},"image":{"@id":"https:\/\/dev.dtf-team.com\/fr\/#\/schema\/logo\/image\/"},"sameAs":["https:\/\/www.facebook.com\/dtf.team.europe\/","https:\/\/www.instagram.com\/dtf.team.europe\/","https:\/\/www.tiktok.com\/@dtf.team.europe","https:\/\/www.pinterest.de\/dtfteam\/"]}]}},"_links":{"self":[{"href":"https:\/\/dev.dtf-team.com\/fr\/wp-json\/wp\/v2\/product\/1932","targetHints":{"allow":["GET"]}}],"collection":[{"href":"https:\/\/dev.dtf-team.com\/fr\/wp-json\/wp\/v2\/product"}],"about":[{"href":"https:\/\/dev.dtf-team.com\/fr\/wp-json\/wp\/v2\/types\/product"}],"wp:featuredmedia":[{"embeddable":true,"href":"https:\/\/dev.dtf-team.com\/fr\/wp-json\/wp\/v2\/media\/902"}],"wp:attachment":[{"href":"https:\/\/dev.dtf-team.com\/fr\/wp-json\/wp\/v2\/media?parent=1932"}],"wp:term":[{"taxonomy":"product_brand","embeddable":true,"href":"https:\/\/dev.dtf-team.com\/fr\/wp-json\/wp\/v2\/product_brand?post=1932"},{"taxonomy":"product_cat","embeddable":true,"href":"https:\/\/dev.dtf-team.com\/fr\/wp-json\/wp\/v2\/product_cat?post=1932"},{"taxonomy":"product_tag","embeddable":true,"href":"https:\/\/dev.dtf-team.com\/fr\/wp-json\/wp\/v2\/product_tag?post=1932"}],"curies":[{"name":"wp","href":"https:\/\/api.w.org\/{rel}","templated":true}]}}