{"id":1935,"date":"2023-07-19T17:01:24","date_gmt":"2023-07-19T15:01:24","guid":{"rendered":"https:\/\/dev.dtf-team.com\/produkt\/dtf-transfer-express-meterware\/"},"modified":"2023-11-25T13:40:08","modified_gmt":"2023-11-25T12:40:08","slug":"dtf-transfert-express-tissu-au-metre","status":"publish","type":"product","link":"https:\/\/dev.dtf-team.com\/fr\/produit\/dtf-transfert-express-tissu-au-metre\/","title":{"rendered":"DTF Transfert Express Tissu au m\u00e8tre 560 x 1000 mm"},"content":{"rendered":"<p><span style=\"font-weight: 400;\">Il faut que ce soit rapide. Quand les impressions arrivent-elles ? Le client attend. Si vous le savez et que vous avez un besoin urgent de transferts DTF, commandez-les en express. Nous produisons dans les 24 heures et exp\u00e9dions \u00e9galement par express si vous le souhaitez. Tout peut \u00eatre fait tr\u00e8s rapidement dans notre processus de commande innovant, ce qui vous permet de gagner beaucoup de temps. Et vous ne payez que ce que vous utilisez. En effet, gr\u00e2ce \u00e0 notre prix AI, nous ne calculons que la longueur r\u00e9elle de l&rsquo;impression. Et surtout, vous pouvez choisir combien de fois une page doit \u00eatre imprim\u00e9e directement \u00e0 partir de la fen\u00eatre de pr\u00e9visualisation.<\/span><\/p>\n<p><span style=\"font-weight: 400;\">Notre film pelable \u00e0 chaud est \u00e9galement tr\u00e8s performant. Ne perdez pas de temps \u00e0 attendre que l&rsquo;impression refroidisse.<\/span><\/p>\n<div class=\"blockout-notice\">\n<p>Veillez \u00e0 ne t\u00e9l\u00e9charger que des <b class=\"uk-text-primary\">PDF au format portrait<\/b>.<\/p>\n<\/div>\n","protected":false},"excerpt":{"rendered":"<ul>\n<li aria-level=\"1\">24h Production Express<\/li>\n<li style=\"font-weight: 400;\" aria-level=\"1\"><span style=\"font-weight: 400;\">Format de fichier PDF<\/span><\/li>\n<li style=\"font-weight: 400;\" aria-level=\"1\"><span style=\"font-weight: 400;\">Production jusqu&rsquo;\u00e0 560 x 1000 mm<\/span><\/li>\n<li style=\"font-weight: 400;\" aria-level=\"1\"><span style=\"font-weight: 400;\">Le prix est calcul\u00e9 au millim\u00e8tre pr\u00e8s<\/span><\/li>\n<li style=\"font-weight: 400;\" aria-level=\"1\"><span style=\"font-weight: 400;\">Hot Peel Film<\/span><\/li>\n<li style=\"font-weight: 400;\" aria-level=\"1\"><span style=\"font-weight: 400;\">Sous-impression blanche<\/span><\/li>\n<li style=\"font-weight: 400;\" aria-level=\"1\"><span style=\"font-weight: 400;\">Impression num\u00e9rique haute r\u00e9solution<\/span><\/li>\n<li style=\"font-weight: 400;\" aria-level=\"1\"><span style=\"font-weight: 400;\">Cr\u00e9ez des graphiques non macul\u00e9s<\/span><\/li>\n<li style=\"font-weight: 400;\" aria-level=\"1\"><span style=\"font-weight: 400;\">Les fonds blancs sont \u00e9galement imprim\u00e9s<\/span><\/li>\n<li style=\"font-weight: 400;\" aria-level=\"1\"><span style=\"font-weight: 400;\">Nombre de pi\u00e8ces par page s\u00e9lectionnable<\/span><\/li>\n<li style=\"font-weight: 400;\" aria-level=\"1\"><span style=\"font-weight: 400;\">Possibilit\u00e9 de choisir entre le format standard et le format bloc par page<\/span><\/li>\n<li style=\"font-weight: 400;\" aria-level=\"1\"><span style=\"font-weight: 400;\">Encres et adh\u00e9sifs test\u00e9s et certifi\u00e9s MSDS<\/span><\/li>\n<li style=\"font-weight: 400;\" aria-level=\"1\"><span style=\"font-weight: 400;\">Imprimer les mod\u00e8les aux formats .pdf, .ai et .eps<\/span><\/li>\n<\/ul>\n","protected":false},"featured_media":990,"template":"","meta":[],"product_brand":[],"product_cat":[126],"product_tag":[],"class_list":{"0":"post-1935","1":"product","2":"type-product","3":"status-publish","4":"has-post-thumbnail","6":"product_cat-dtf-transfert-express","8":"first","9":"instock","10":"taxable","11":"shipping-taxable","12":"purchasable","13":"product-type-simple"},"yoast_head":"<!-- This site is optimized with the Yoast SEO Premium plugin v23.3 (Yoast SEO v27.4) - https:\/\/yoast.com\/product\/yoast-seo-premium-wordpress\/ -->\n<title>DTF Transfert Express largeur 56cm | Solutions d&#039;impression imm\u00e9diates | Production express<\/title>\n<meta name=\"description\" content=\"Nous produisons tes transferts en 48 heures. Qualit\u00e9 sup\u00e9rieure et pr\u00e9cision absolue restent comme d&#039;habitude. Avec DTF Transfert Express Tissu au m\u00e8tre 560 x 1000 mm, tu peux aussi t\u00e9l\u00e9charger des PDF plus longs et le prix se calcule uniquement sur la consommation r\u00e9elle!\" \/>\n<meta name=\"robots\" content=\"noindex, follow, max-snippet:-1, max-image-preview:large, max-video-preview:-1\" \/>\n<meta property=\"og:locale\" content=\"fr_FR\" \/>\n<meta property=\"og:type\" content=\"article\" \/>\n<meta property=\"og:title\" content=\"DTF Transfert Express Tissu au m\u00e8tre 560 x 1000 mm\" \/>\n<meta property=\"og:description\" content=\"Nous produisons tes transferts en 48 heures. Qualit\u00e9 sup\u00e9rieure et pr\u00e9cision absolue restent comme d&#039;habitude. Avec DTF Transfert Express Tissu au m\u00e8tre 560 x 1000 mm, tu peux aussi t\u00e9l\u00e9charger des PDF plus longs et le prix se calcule uniquement sur la consommation r\u00e9elle!\" \/>\n<meta property=\"og:url\" content=\"https:\/\/dev.dtf-team.com\/fr\/produit\/dtf-transfert-express-tissu-au-metre\/\" \/>\n<meta property=\"og:site_name\" content=\"DTF Team\" \/>\n<meta property=\"article:publisher\" content=\"https:\/\/www.facebook.com\/dtf.team.europe\/\" \/>\n<meta property=\"article:modified_time\" content=\"2023-11-25T12:40:08+00:00\" \/>\n<meta property=\"og:image\" content=\"https:\/\/dev.dtf-team.com\/wp-content\/uploads\/dtf-transfer-express_meterware_fr-1.png\" \/>\n\t<meta property=\"og:image:width\" content=\"1000\" \/>\n\t<meta property=\"og:image:height\" content=\"1000\" \/>\n\t<meta property=\"og:image:type\" content=\"image\/png\" \/>\n<meta name=\"twitter:card\" content=\"summary_large_image\" \/>\n<meta name=\"twitter:label1\" content=\"Dur\u00e9e de lecture estim\u00e9e\" \/>\n\t<meta name=\"twitter:data1\" content=\"1 minute\" \/>\n<script type=\"application\/ld+json\" class=\"yoast-schema-graph\">{\"@context\":\"https:\\\/\\\/schema.org\",\"@graph\":[{\"@type\":\"WebPage\",\"@id\":\"https:\\\/\\\/dev.dtf-team.com\\\/fr\\\/produit\\\/dtf-transfert-express-tissu-au-metre\\\/\",\"url\":\"https:\\\/\\\/dev.dtf-team.com\\\/fr\\\/produit\\\/dtf-transfert-express-tissu-au-metre\\\/\",\"name\":\"DTF Transfert Express largeur 56cm | Solutions d'impression imm\u00e9diates | Production express\",\"isPartOf\":{\"@id\":\"https:\\\/\\\/dev.dtf-team.com\\\/fr\\\/#website\"},\"primaryImageOfPage\":{\"@id\":\"https:\\\/\\\/dev.dtf-team.com\\\/fr\\\/produit\\\/dtf-transfert-express-tissu-au-metre\\\/#primaryimage\"},\"image\":{\"@id\":\"https:\\\/\\\/dev.dtf-team.com\\\/fr\\\/produit\\\/dtf-transfert-express-tissu-au-metre\\\/#primaryimage\"},\"thumbnailUrl\":\"https:\\\/\\\/dev.dtf-team.com\\\/wp-content\\\/uploads\\\/dtf-transfer-express_meterware_fr-1.png\",\"datePublished\":\"2023-07-19T15:01:24+00:00\",\"dateModified\":\"2023-11-25T12:40:08+00:00\",\"description\":\"Nous produisons tes transferts en 48 heures. Qualit\u00e9 sup\u00e9rieure et pr\u00e9cision absolue restent comme d'habitude. Avec DTF Transfert Express Tissu au m\u00e8tre 560 x 1000 mm, tu peux aussi t\u00e9l\u00e9charger des PDF plus longs et le prix se calcule uniquement sur la consommation r\u00e9elle!\",\"breadcrumb\":{\"@id\":\"https:\\\/\\\/dev.dtf-team.com\\\/fr\\\/produit\\\/dtf-transfert-express-tissu-au-metre\\\/#breadcrumb\"},\"inLanguage\":\"fr-FR\",\"potentialAction\":[{\"@type\":\"ReadAction\",\"target\":[\"https:\\\/\\\/dev.dtf-team.com\\\/fr\\\/produit\\\/dtf-transfert-express-tissu-au-metre\\\/\"]}]},{\"@type\":\"ImageObject\",\"inLanguage\":\"fr-FR\",\"@id\":\"https:\\\/\\\/dev.dtf-team.com\\\/fr\\\/produit\\\/dtf-transfert-express-tissu-au-metre\\\/#primaryimage\",\"url\":\"https:\\\/\\\/dev.dtf-team.com\\\/wp-content\\\/uploads\\\/dtf-transfer-express_meterware_fr-1.png\",\"contentUrl\":\"https:\\\/\\\/dev.dtf-team.com\\\/wp-content\\\/uploads\\\/dtf-transfer-express_meterware_fr-1.png\",\"width\":1000,\"height\":1000},{\"@type\":\"BreadcrumbList\",\"@id\":\"https:\\\/\\\/dev.dtf-team.com\\\/fr\\\/produit\\\/dtf-transfert-express-tissu-au-metre\\\/#breadcrumb\",\"itemListElement\":[{\"@type\":\"ListItem\",\"position\":1,\"name\":\"Startseite\",\"item\":\"https:\\\/\\\/dev.dtf-team.com\\\/fr\\\/\"},{\"@type\":\"ListItem\",\"position\":2,\"name\":\"Alle Produkte\",\"item\":\"https:\\\/\\\/dev.dtf-team.com\\\/alle-produkte\\\/\"},{\"@type\":\"ListItem\",\"position\":3,\"name\":\"DTF Transfert Express Tissu au m\u00e8tre 560 x 1000 mm\"}]},{\"@type\":\"WebSite\",\"@id\":\"https:\\\/\\\/dev.dtf-team.com\\\/fr\\\/#website\",\"url\":\"https:\\\/\\\/dev.dtf-team.com\\\/fr\\\/\",\"name\":\"DTF Team\",\"description\":\"\",\"publisher\":{\"@id\":\"https:\\\/\\\/dev.dtf-team.com\\\/fr\\\/#organization\"},\"alternateName\":\"DTFT\",\"potentialAction\":[{\"@type\":\"SearchAction\",\"target\":{\"@type\":\"EntryPoint\",\"urlTemplate\":\"https:\\\/\\\/dev.dtf-team.com\\\/fr\\\/?s={search_term_string}\"},\"query-input\":{\"@type\":\"PropertyValueSpecification\",\"valueRequired\":true,\"valueName\":\"search_term_string\"}}],\"inLanguage\":\"fr-FR\"},{\"@type\":\"Organization\",\"@id\":\"https:\\\/\\\/dev.dtf-team.com\\\/fr\\\/#organization\",\"name\":\"DTF Team\",\"alternateName\":\"DTFT\",\"url\":\"https:\\\/\\\/dev.dtf-team.com\\\/fr\\\/\",\"logo\":{\"@type\":\"ImageObject\",\"inLanguage\":\"fr-FR\",\"@id\":\"https:\\\/\\\/dev.dtf-team.com\\\/fr\\\/#\\\/schema\\\/logo\\\/image\\\/\",\"url\":\"https:\\\/\\\/dev.dtf-team.com\\\/wp-content\\\/uploads\\\/dtf-team_logo-green-darkblue.svg\",\"contentUrl\":\"https:\\\/\\\/dev.dtf-team.com\\\/wp-content\\\/uploads\\\/dtf-team_logo-green-darkblue.svg\",\"width\":1,\"height\":1,\"caption\":\"DTF Team\"},\"image\":{\"@id\":\"https:\\\/\\\/dev.dtf-team.com\\\/fr\\\/#\\\/schema\\\/logo\\\/image\\\/\"},\"sameAs\":[\"https:\\\/\\\/www.facebook.com\\\/dtf.team.europe\\\/\",\"https:\\\/\\\/www.instagram.com\\\/dtf.team.europe\\\/\",\"https:\\\/\\\/www.tiktok.com\\\/@dtf.team.europe\",\"https:\\\/\\\/www.pinterest.de\\\/dtfteam\\\/\"]}]}<\/script>\n<!-- \/ Yoast SEO Premium plugin. -->","yoast_head_json":{"title":"DTF Transfert Express largeur 56cm | Solutions d'impression imm\u00e9diates | Production express","description":"Nous produisons tes transferts en 48 heures. Qualit\u00e9 sup\u00e9rieure et pr\u00e9cision absolue restent comme d'habitude. Avec DTF Transfert Express Tissu au m\u00e8tre 560 x 1000 mm, tu peux aussi t\u00e9l\u00e9charger des PDF plus longs et le prix se calcule uniquement sur la consommation r\u00e9elle!","robots":{"index":"noindex","follow":"follow","max-snippet":"max-snippet:-1","max-image-preview":"max-image-preview:large","max-video-preview":"max-video-preview:-1"},"og_locale":"fr_FR","og_type":"article","og_title":"DTF Transfert Express Tissu au m\u00e8tre 560 x 1000 mm","og_description":"Nous produisons tes transferts en 48 heures. Qualit\u00e9 sup\u00e9rieure et pr\u00e9cision absolue restent comme d'habitude. Avec DTF Transfert Express Tissu au m\u00e8tre 560 x 1000 mm, tu peux aussi t\u00e9l\u00e9charger des PDF plus longs et le prix se calcule uniquement sur la consommation r\u00e9elle!","og_url":"https:\/\/dev.dtf-team.com\/fr\/produit\/dtf-transfert-express-tissu-au-metre\/","og_site_name":"DTF Team","article_publisher":"https:\/\/www.facebook.com\/dtf.team.europe\/","article_modified_time":"2023-11-25T12:40:08+00:00","og_image":[{"width":1000,"height":1000,"url":"https:\/\/dev.dtf-team.com\/wp-content\/uploads\/dtf-transfer-express_meterware_fr-1.png","type":"image\/png"}],"twitter_card":"summary_large_image","twitter_misc":{"Dur\u00e9e de lecture estim\u00e9e":"1 minute"},"schema":{"@context":"https:\/\/schema.org","@graph":[{"@type":"WebPage","@id":"https:\/\/dev.dtf-team.com\/fr\/produit\/dtf-transfert-express-tissu-au-metre\/","url":"https:\/\/dev.dtf-team.com\/fr\/produit\/dtf-transfert-express-tissu-au-metre\/","name":"DTF Transfert Express largeur 56cm | Solutions d'impression imm\u00e9diates | Production express","isPartOf":{"@id":"https:\/\/dev.dtf-team.com\/fr\/#website"},"primaryImageOfPage":{"@id":"https:\/\/dev.dtf-team.com\/fr\/produit\/dtf-transfert-express-tissu-au-metre\/#primaryimage"},"image":{"@id":"https:\/\/dev.dtf-team.com\/fr\/produit\/dtf-transfert-express-tissu-au-metre\/#primaryimage"},"thumbnailUrl":"https:\/\/dev.dtf-team.com\/wp-content\/uploads\/dtf-transfer-express_meterware_fr-1.png","datePublished":"2023-07-19T15:01:24+00:00","dateModified":"2023-11-25T12:40:08+00:00","description":"Nous produisons tes transferts en 48 heures. Qualit\u00e9 sup\u00e9rieure et pr\u00e9cision absolue restent comme d'habitude. Avec DTF Transfert Express Tissu au m\u00e8tre 560 x 1000 mm, tu peux aussi t\u00e9l\u00e9charger des PDF plus longs et le prix se calcule uniquement sur la consommation r\u00e9elle!","breadcrumb":{"@id":"https:\/\/dev.dtf-team.com\/fr\/produit\/dtf-transfert-express-tissu-au-metre\/#breadcrumb"},"inLanguage":"fr-FR","potentialAction":[{"@type":"ReadAction","target":["https:\/\/dev.dtf-team.com\/fr\/produit\/dtf-transfert-express-tissu-au-metre\/"]}]},{"@type":"ImageObject","inLanguage":"fr-FR","@id":"https:\/\/dev.dtf-team.com\/fr\/produit\/dtf-transfert-express-tissu-au-metre\/#primaryimage","url":"https:\/\/dev.dtf-team.com\/wp-content\/uploads\/dtf-transfer-express_meterware_fr-1.png","contentUrl":"https:\/\/dev.dtf-team.com\/wp-content\/uploads\/dtf-transfer-express_meterware_fr-1.png","width":1000,"height":1000},{"@type":"BreadcrumbList","@id":"https:\/\/dev.dtf-team.com\/fr\/produit\/dtf-transfert-express-tissu-au-metre\/#breadcrumb","itemListElement":[{"@type":"ListItem","position":1,"name":"Startseite","item":"https:\/\/dev.dtf-team.com\/fr\/"},{"@type":"ListItem","position":2,"name":"Alle Produkte","item":"https:\/\/dev.dtf-team.com\/alle-produkte\/"},{"@type":"ListItem","position":3,"name":"DTF Transfert Express Tissu au m\u00e8tre 560 x 1000 mm"}]},{"@type":"WebSite","@id":"https:\/\/dev.dtf-team.com\/fr\/#website","url":"https:\/\/dev.dtf-team.com\/fr\/","name":"DTF Team","description":"","publisher":{"@id":"https:\/\/dev.dtf-team.com\/fr\/#organization"},"alternateName":"DTFT","potentialAction":[{"@type":"SearchAction","target":{"@type":"EntryPoint","urlTemplate":"https:\/\/dev.dtf-team.com\/fr\/?s={search_term_string}"},"query-input":{"@type":"PropertyValueSpecification","valueRequired":true,"valueName":"search_term_string"}}],"inLanguage":"fr-FR"},{"@type":"Organization","@id":"https:\/\/dev.dtf-team.com\/fr\/#organization","name":"DTF Team","alternateName":"DTFT","url":"https:\/\/dev.dtf-team.com\/fr\/","logo":{"@type":"ImageObject","inLanguage":"fr-FR","@id":"https:\/\/dev.dtf-team.com\/fr\/#\/schema\/logo\/image\/","url":"https:\/\/dev.dtf-team.com\/wp-content\/uploads\/dtf-team_logo-green-darkblue.svg","contentUrl":"https:\/\/dev.dtf-team.com\/wp-content\/uploads\/dtf-team_logo-green-darkblue.svg","width":1,"height":1,"caption":"DTF Team"},"image":{"@id":"https:\/\/dev.dtf-team.com\/fr\/#\/schema\/logo\/image\/"},"sameAs":["https:\/\/www.facebook.com\/dtf.team.europe\/","https:\/\/www.instagram.com\/dtf.team.europe\/","https:\/\/www.tiktok.com\/@dtf.team.europe","https:\/\/www.pinterest.de\/dtfteam\/"]}]}},"_links":{"self":[{"href":"https:\/\/dev.dtf-team.com\/fr\/wp-json\/wp\/v2\/product\/1935","targetHints":{"allow":["GET"]}}],"collection":[{"href":"https:\/\/dev.dtf-team.com\/fr\/wp-json\/wp\/v2\/product"}],"about":[{"href":"https:\/\/dev.dtf-team.com\/fr\/wp-json\/wp\/v2\/types\/product"}],"wp:featuredmedia":[{"embeddable":true,"href":"https:\/\/dev.dtf-team.com\/fr\/wp-json\/wp\/v2\/media\/990"}],"wp:attachment":[{"href":"https:\/\/dev.dtf-team.com\/fr\/wp-json\/wp\/v2\/media?parent=1935"}],"wp:term":[{"taxonomy":"product_brand","embeddable":true,"href":"https:\/\/dev.dtf-team.com\/fr\/wp-json\/wp\/v2\/product_brand?post=1935"},{"taxonomy":"product_cat","embeddable":true,"href":"https:\/\/dev.dtf-team.com\/fr\/wp-json\/wp\/v2\/product_cat?post=1935"},{"taxonomy":"product_tag","embeddable":true,"href":"https:\/\/dev.dtf-team.com\/fr\/wp-json\/wp\/v2\/product_tag?post=1935"}],"curies":[{"name":"wp","href":"https:\/\/api.w.org\/{rel}","templated":true}]}}